{"id":1021,"date":"2018-02-21T12:09:22","date_gmt":"2018-02-21T11:09:22","guid":{"rendered":"http:\/\/martins4.cyon.link\/martin\/angebote\/erwachsene\/maennerverein\/"},"modified":"2026-01-21T11:05:34","modified_gmt":"2026-01-21T10:05:34","slug":"maennerverein-st-martin","status":"publish","type":"page","link":"https:\/\/www.martin-stefan.ch\/martin\/angebote\/erwachsene\/maennerverein-st-martin\/","title":{"rendered":"M\u00e4nnerverein St. Martin"},"content":{"rendered":"<p><strong>Wer sind wir?<\/strong><strong>\u00a0<\/strong><\/p>\n<p>Der M\u00e4nnerverein St. Martin Seuzach bezweckt, gem\u00e4ss Statuten:<\/p>\n<ul>\n<li>den Zusammenschluss der M\u00e4nner aus der Pfarrei St. Martin<\/li>\n<li>die Durchf\u00fchrung von kulturellen und religi\u00f6sen Anl\u00e4ssen<\/li>\n<li>die Unterst\u00fctzung der Pfarreiarbeit<\/li>\n<li>die Pflege der Geselligkeit<\/li>\n<\/ul>\n<p>Zurzeit sind wir 62 Mitglieder im Alter zwischen 26 und 97 Jahren. Mitglied k\u00f6nnen, unabh\u00e4ngig von ihrer Konfession, alle M\u00e4nner werden, die in unserer Pfarrei wohnen und\/oder sich mit dieser verbunden f\u00fchlen.<\/p>\n<p><strong>Was tun wir?<\/strong><\/p>\n<ul>\n<li>Bei unseren Anl\u00e4ssen ist die Pflege der Geselligkeit grossgeschrieben. Wir bilden ein Netzwerk unter M\u00e4nnern, das tr\u00e4gt und verbindet. Zu fast allen Anl\u00e4ssen sind aber auch unsere Partnerinnen als G\u00e4ste willkommen und nehmen rege daran teil<\/li>\n<li>Wir organisieren Ausfl\u00fcge, Besichtigungen und kulturelle Anl\u00e4sse (Museums- und St\u00e4dte-besuche, \u00f6ffentliche Vortragsabende, F\u00fchrungen in Unternehmen, etc.)<\/li>\n<li>Wir organisieren und unterst\u00fctzen Pfarrei- und \u00f6kumenische Anl\u00e4sse, wie Suppentag, Ap\u00e9ros an Erstkommunion und Pfarreifesten, Filmabend, Adventsfeier, etc.<\/li>\n<li>Wir f\u00fchren Anl\u00e4sse in der Natur durch, z.B. abendliche Grillparties und Wanderungen in unseren herrlichen Alpen- oder Jura-Landschaften<\/li>\n<li>2025 feiern wir das 50-j\u00e4hrige Bestehen unseres Vereins mit einem festlichen Nachtessen, einem Busausflug nach Engelberg und zur \u00abGlasi\u00bb, sowie einem Festakt am Patrozinium<\/li>\n<li>Unsere Stammtreffs \u2013 monatlich am Vormittag und quartalsweise am Abend \u2013 erm\u00f6glichen uns den Austausch von Gedanken und Meinungen in gem\u00fctlicher Tafelrunde<\/li>\n<li>Bei der j\u00e4hrlichen Generalversammlung erledigen wir den \u201egesch\u00e4ftlichen\u201c Teil, beschliessen das neue Jahresprogramm und sitzen gem\u00fctlich zusammen.<\/li>\n<\/ul>\n<p><strong>Wir planen f\u00fcr eine prosperierende Zukunft<\/strong><\/p>\n<p>Wir sind \u00fcberzeugt, dass unser Vereinszweck, unsere Ziele und Aktivit\u00e4ten auch nach 50 Jahren \u00a0\u00a0&#8211; laufend angepasst nat\u00fcrlich an die ver\u00e4ndernden Bed\u00fcrfnisse der Gesellschaft &#8211; noch modern und attraktiv sind. Deshalb wollen wir f\u00fcr eine lebendige und prosperierende Vereinszukunft und f\u00fcr starken Mitgliedernachwuchs sorgen.<\/p>\n<p>Herzliche Gr\u00fcsse, im Namen des Vorstands<\/p>\n<p>Fredy Marti, Pr\u00e4sident<\/p>\n<p><a href=\"https:\/\/www.martin-stefan.ch\/martin\/wp-content\/uploads\/sites\/2\/2026\/01\/Jahresprogramm-2026.pdf\" target=\"_blank\" rel=\"noopener\">Jahresprogramm 2026<\/a><\/p>\n<p><a href=\"https:\/\/www.martin-stefan.ch\/martin\/wp-content\/uploads\/sites\/2\/2026\/01\/MV-Mitgliederwerbung.pdf\" target=\"_blank\" rel=\"noopener\">MV Mitgliederwerbung<\/a><\/p>\n<p>&nbsp;<\/p>\n<br \/><div class=\"event_list_wrapper\"><h4>N\u00e4chste Daten<\/h4><div class=\"event_list_item\"><a href=\"https:\/\/www.martin-stefan.ch\/martin\/veranstaltung\/13069\/\"><div class=\"event_date_text\">Donnerstag, 4. Juni 2026, 10.30 Uhr<\/div><div class=\"event_title\">M\u00e4nnerverein Stammtisch<\/div><div class=\"event_location\">Restaurant Chrebsbach<\/div><\/a><\/div><div class=\"event_list_item\"><a href=\"https:\/\/www.martin-stefan.ch\/martin\/veranstaltung\/13253\/\"><div class=\"event_date_text\">Freitag, 5. Juni 2026, 18.00 Uhr<\/div><div class=\"event_title\">M\u00e4nnerverein: Grillabend Buechew\u00e4ldli<\/div><div class=\"event_location\">Grillplatz Buechew\u00e4ldli<\/div><\/a><\/div><div class=\"event_list_item\"><a href=\"https:\/\/www.martin-stefan.ch\/martin\/veranstaltung\/13070\/\"><div class=\"event_date_text\">Donnerstag, 2. Juli 2026, 10.30 Uhr<\/div><div class=\"event_title\">M\u00e4nnerverein Stammtisch<\/div><div class=\"event_location\">Restaurant Chrebsbach<\/div><\/a><\/div><div class=\"event_list_item\"><a href=\"https:\/\/www.martin-stefan.ch\/martin\/veranstaltung\/13254\/\"><div class=\"event_date_text\">Samstag, 18. Juli 2026, 8.08 Uhr<\/div><div class=\"event_title\">M\u00e4nnerverein: Ausflug Glarus<\/div><div class=\"event_location\">Glarus<\/div><\/a><\/div><div class=\"event_list_item\"><a href=\"https:\/\/www.martin-stefan.ch\/martin\/veranstaltung\/13071\/\"><div class=\"event_date_text\">Donnerstag, 6. August 2026, 10.30 Uhr<\/div><div class=\"event_title\">M\u00e4nnerverein Stammtisch<\/div><div class=\"event_location\">Restaurant Chrebsbach<\/div><\/a><\/div><div class=\"event_list_item\"><a href=\"https:\/\/www.martin-stefan.ch\/martin\/veranstaltung\/13072\/\"><div class=\"event_date_text\">Donnerstag, 3. September 2026, 10.30 Uhr<\/div><div class=\"event_title\">M\u00e4nnerverein Stammtisch<\/div><div class=\"event_location\">Restaurant Chrebsbach<\/div><\/a><\/div><div class=\"event_list_item\"><a href=\"https:\/\/www.martin-stefan.ch\/martin\/veranstaltung\/13255\/\"><div class=\"event_date_text\">Samstag, 12. September 2026, 8.08 Uhr<\/div><div class=\"event_title\">M\u00e4nnerverein: Bergwanderung<\/div><div class=\"event_location\">Grenchenberg-Weissenstein<\/div><\/a><\/div><div class=\"event_list_item\"><a href=\"https:\/\/www.martin-stefan.ch\/martin\/veranstaltung\/13073\/\"><div class=\"event_date_text\">Donnerstag, 1. Oktober 2026, 10.30 Uhr<\/div><div class=\"event_title\">M\u00e4nnerverein Stammtisch<\/div><div class=\"event_location\">Restaurant Chrebsbach<\/div><\/a><\/div><div class=\"event_list_item\"><a href=\"https:\/\/www.martin-stefan.ch\/martin\/veranstaltung\/13256\/\"><div class=\"event_date_text\">Mittwoch, 28. Oktober 2026, 16.00 Uhr<\/div><div class=\"event_title\">M\u00e4nnerverein: F\u00fchrung Technorama<\/div><div class=\"event_location\">Winterthur, Technorama<\/div><\/a><\/div><div class=\"event_list_item\"><a href=\"https:\/\/www.martin-stefan.ch\/martin\/veranstaltung\/13074\/\"><div class=\"event_date_text\">Donnerstag, 5. November 2026, 10.30 Uhr<\/div><div class=\"event_title\">M\u00e4nnerverein Stammtisch<\/div><div class=\"event_location\">Restaurant Chrebsbach<\/div><\/a><\/div><div class=\"event_list_item\"><a href=\"https:\/\/www.martin-stefan.ch\/martin\/veranstaltung\/12977\/\"><div class=\"event_date_text\">Freitag, 27. November 2026, 19.30 Uhr<\/div><div class=\"event_title\">M\u00e4nnerverein Filmabend<\/div><div class=\"event_location\">Saal<\/div><\/a><\/div><div class=\"event_list_item\"><a href=\"https:\/\/www.martin-stefan.ch\/martin\/veranstaltung\/13075\/\"><div class=\"event_date_text\">Donnerstag, 3. Dezember 2026, 10.30 Uhr<\/div><div class=\"event_title\">M\u00e4nnerverein Stammtisch<\/div><div class=\"event_location\">Restaurant Chrebsbach<\/div><\/a><\/div><div class=\"event_list_item\"><a href=\"https:\/\/www.martin-stefan.ch\/martin\/veranstaltung\/13046\/\"><div class=\"event_date_text\">Freitag, 4. Dezember 2026, 19.00 Uhr<\/div><div class=\"event_title\">Adventsfeier des M\u00e4nner- und Frauenvereins<\/div><div class=\"event_location\">Kirche St. Martin Seuzach<\/div><\/a><\/div><div class=\"event_list_item\"><a href=\"https:\/\/www.martin-stefan.ch\/martin\/veranstaltung\/13076\/\"><div class=\"event_date_text\">Donnerstag, 7. Januar 2027, 10.30 Uhr<\/div><div class=\"event_title\">M\u00e4nnerverein Stammtisch<\/div><div class=\"event_location\">Restaurant Chrebsbach<\/div><\/a><\/div><div class=\"event_list_item\"><a href=\"https:\/\/www.martin-stefan.ch\/martin\/veranstaltung\/13047\/\"><div class=\"event_date_text\">Freitag, 15. Januar 2027, 19.30 Uhr<\/div><div class=\"event_title\">M\u00e4nnerverein Gemeinschaftsgottdienst<\/div><div class=\"event_location\">Kirche St. Martin Seuzach<\/div><\/a><\/div><div class=\"event_list_item\"><a href=\"https:\/\/www.martin-stefan.ch\/martin\/veranstaltung\/13048\/\"><div class=\"event_date_text\">Freitag, 15. Januar 2027, 20.15 Uhr<\/div><div class=\"event_title\">M\u00e4nnerverein Generalversammlung<\/div><div class=\"event_location\">Saal<\/div><\/a><\/div><\/div>","protected":false},"excerpt":{"rendered":"<p>Wer sind wir?\u00a0 Der M\u00e4nnerverein St. Martin Seuzach bezweckt, gem\u00e4ss Statuten: den [&hellip;]<\/p>\n","protected":false},"author":3,"featured_media":0,"parent":94,"menu_order":4,"comment_status":"closed","ping_status":"closed","template":"","meta":{"_genesis_hide_title":false,"_genesis_hide_breadcrumbs":false,"_genesis_hide_singular_image":false,"_genesis_hide_footer_widgets":false,"_genesis_custom_body_class":"","_genesis_custom_post_class":"","_genesis_layout":"","_expiration-date-status":"","_expiration-date":0,"_expiration-date-type":"","_expiration-date-categories":[],"_expiration-date-options":[]},"_links":{"self":[{"href":"https:\/\/www.martin-stefan.ch\/martin\/wp-json\/wp\/v2\/pages\/1021"}],"collection":[{"href":"https:\/\/www.martin-stefan.ch\/martin\/wp-json\/wp\/v2\/pages"}],"about":[{"href":"https:\/\/www.martin-stefan.ch\/martin\/wp-json\/wp\/v2\/types\/page"}],"author":[{"embeddable":true,"href":"https:\/\/www.martin-stefan.ch\/martin\/wp-json\/wp\/v2\/users\/3"}],"replies":[{"embeddable":true,"href":"https:\/\/www.martin-stefan.ch\/martin\/wp-json\/wp\/v2\/comments?post=1021"}],"version-history":[{"count":19,"href":"https:\/\/www.martin-stefan.ch\/martin\/wp-json\/wp\/v2\/pages\/1021\/revisions"}],"predecessor-version":[{"id":6262,"href":"https:\/\/www.martin-stefan.ch\/martin\/wp-json\/wp\/v2\/pages\/1021\/revisions\/6262"}],"up":[{"embeddable":true,"href":"https:\/\/www.martin-stefan.ch\/martin\/wp-json\/wp\/v2\/pages\/94"}],"wp:attachment":[{"href":"https:\/\/www.martin-stefan.ch\/martin\/wp-json\/wp\/v2\/media?parent=1021"}],"curies":[{"name":"wp","href":"https:\/\/api.w.org\/{rel}","templated":true}]}}