{"id":1070,"date":"2018-02-23T10:23:59","date_gmt":"2018-02-23T09:23:59","guid":{"rendered":"http:\/\/martins4.cyon.link\/martin\/angebote\/gemeinschaft-diakonie\/mittagstisch\/seuzach\/"},"modified":"2023-05-31T11:10:09","modified_gmt":"2023-05-31T09:10:09","slug":"seuzach","status":"publish","type":"page","link":"https:\/\/www.martin-stefan.ch\/martin\/angebote\/gemeinschaft-diakonie\/mittagstisch\/seuzach\/","title":{"rendered":"Seuzach"},"content":{"rendered":"<br \/><div class=\"event_list_wrapper\"><h4>N\u00e4chste Daten<\/h4><div class=\"event_list_item\"><a href=\"https:\/\/www.martin-stefan.ch\/martin\/veranstaltung\/12520\/\"><div class=\"event_date_text\">Dienstag, 5. Mai 2026, 12.00 Uhr<\/div><div class=\"event_title\">Z\u00e4me \u00c4sse - \u00f6kumenischer Mittagstisch<\/div><div class=\"event_location\">Pfarreizentrum St. Martin Seuzach, K\u00fcche<\/div><\/a><\/div><div class=\"event_list_item\"><a href=\"https:\/\/www.martin-stefan.ch\/martin\/veranstaltung\/12521\/\"><div class=\"event_date_text\">Dienstag, 2. Juni 2026, 12.00 Uhr<\/div><div class=\"event_title\">Z\u00e4me \u00c4sse - \u00f6kumenischer Mittagstisch<\/div><div class=\"event_location\">Pfarreizentrum St. Martin Seuzach, K\u00fcche<\/div><\/a><\/div><div class=\"event_list_item\"><a href=\"https:\/\/www.martin-stefan.ch\/martin\/veranstaltung\/12522\/\"><div class=\"event_date_text\">Dienstag, 7. Juli 2026, 12.00 Uhr<\/div><div class=\"event_title\">Z\u00e4me \u00c4sse - \u00f6kumenischer Mittagstisch<\/div><div class=\"event_location\">Pfarreizentrum St. Martin Seuzach, K\u00fcche<\/div><\/a><\/div><div class=\"event_list_item\"><a href=\"https:\/\/www.martin-stefan.ch\/martin\/veranstaltung\/13078\/\"><div class=\"event_date_text\">Dienstag, 1. September 2026, 12.00 Uhr<\/div><div class=\"event_title\">Z\u00e4me \u00c4sse - \u00f6kumenischer Mittagstisch<\/div><div class=\"event_location\">Pfarreizentrum St. Martin Seuzach, K\u00fcche<\/div><\/a><\/div><div class=\"event_list_item\"><a href=\"https:\/\/www.martin-stefan.ch\/martin\/veranstaltung\/13079\/\"><div class=\"event_date_text\">Dienstag, 6. Oktober 2026, 12.00 Uhr<\/div><div class=\"event_title\">Z\u00e4me \u00c4sse - \u00f6kumenischer Mittagstisch<\/div><div class=\"event_location\">Pfarreizentrum St. Martin Seuzach, K\u00fcche<\/div><\/a><\/div><div class=\"event_list_item\"><a href=\"https:\/\/www.martin-stefan.ch\/martin\/veranstaltung\/13080\/\"><div class=\"event_date_text\">Dienstag, 3. November 2026, 12.00 Uhr<\/div><div class=\"event_title\">Z\u00e4me \u00c4sse - \u00f6kumenischer Mittagstisch<\/div><div class=\"event_location\">Pfarreizentrum St. Martin Seuzach, K\u00fcche<\/div><\/a><\/div><div class=\"event_list_item\"><a href=\"https:\/\/www.martin-stefan.ch\/martin\/veranstaltung\/13081\/\"><div class=\"event_date_text\">Dienstag, 1. Dezember 2026, 12.00 Uhr<\/div><div class=\"event_title\">Z\u00e4me \u00c4sse - \u00f6kumenischer Mittagstisch<\/div><div class=\"event_location\">Pfarreizentrum St. Martin Seuzach, K\u00fcche<\/div><\/a><\/div><div class=\"event_list_item\"><a href=\"https:\/\/www.martin-stefan.ch\/martin\/veranstaltung\/13082\/\"><div class=\"event_date_text\">Dienstag, 5. Januar 2027, 12.00 Uhr<\/div><div class=\"event_title\">Z\u00e4me \u00c4sse - \u00f6kumenischer Mittagstisch<\/div><div class=\"event_location\">Pfarreizentrum St. Martin Seuzach, K\u00fcche<\/div><\/a><\/div><\/div>","protected":false},"excerpt":{"rendered":"<p>N\u00e4chste DatenDienstag, 5. Mai 2026, 12.00 UhrZ\u00e4me \u00c4sse &#8211; \u00f6kumenischer MittagstischPfarreizentrum St. [&hellip;]<\/p>\n","protected":false},"author":3,"featured_media":0,"parent":110,"menu_order":2,"comment_status":"closed","ping_status":"closed","template":"","meta":{"_genesis_hide_title":false,"_genesis_hide_breadcrumbs":false,"_genesis_hide_singular_image":false,"_genesis_hide_footer_widgets":false,"_genesis_custom_body_class":"","_genesis_custom_post_class":"","_genesis_layout":"","_expiration-date-status":"","_expiration-date":0,"_expiration-date-type":"","_expiration-date-categories":[],"_expiration-date-options":[]},"_links":{"self":[{"href":"https:\/\/www.martin-stefan.ch\/martin\/wp-json\/wp\/v2\/pages\/1070"}],"collection":[{"href":"https:\/\/www.martin-stefan.ch\/martin\/wp-json\/wp\/v2\/pages"}],"about":[{"href":"https:\/\/www.martin-stefan.ch\/martin\/wp-json\/wp\/v2\/types\/page"}],"author":[{"embeddable":true,"href":"https:\/\/www.martin-stefan.ch\/martin\/wp-json\/wp\/v2\/users\/3"}],"replies":[{"embeddable":true,"href":"https:\/\/www.martin-stefan.ch\/martin\/wp-json\/wp\/v2\/comments?post=1070"}],"version-history":[{"count":1,"href":"https:\/\/www.martin-stefan.ch\/martin\/wp-json\/wp\/v2\/pages\/1070\/revisions"}],"predecessor-version":[{"id":1094,"href":"https:\/\/www.martin-stefan.ch\/martin\/wp-json\/wp\/v2\/pages\/1070\/revisions\/1094"}],"up":[{"embeddable":true,"href":"https:\/\/www.martin-stefan.ch\/martin\/wp-json\/wp\/v2\/pages\/110"}],"wp:attachment":[{"href":"https:\/\/www.martin-stefan.ch\/martin\/wp-json\/wp\/v2\/media?parent=1070"}],"curies":[{"name":"wp","href":"https:\/\/api.w.org\/{rel}","templated":true}]}}