{"id":132,"date":"2018-02-12T16:38:17","date_gmt":"2018-02-12T15:38:55","guid":{"rendered":"http:\/\/martins4.cyon.link\/stefan\/?page_id=132"},"modified":"2025-10-20T08:14:27","modified_gmt":"2025-10-20T06:14:27","slug":"pfarreilager","status":"publish","type":"page","link":"https:\/\/www.martin-stefan.ch\/martin\/angebote\/jugendliche\/pfarreilager\/","title":{"rendered":"Pfarreilager"},"content":{"rendered":"<p>Jedes Jahr startet in den Herbstferien das Pfarreilager. Eingeladen sind die Kinder der 4. bis 9. Klasse aus den Pfarreien St. Stefan Wiesendangen und St. Martin Seuzach. Die Konfession spielt dabei keine Rolle.<\/p>\n<p>Das Team von etwa zehn Jugendlichen und jungen Erwachsenen sowie ein zwei bis vier k\u00f6pfiges K\u00fcchenteam gestalten f\u00fcr etwa 20 &#8211; 40 Kinder eine erlebnisreiche Woche!<\/p>\n<p>Unter einem jeweils wechselnden Lagermotto, das sich als roter Faden durch das ganze Lager zieht, gibt es Spiel, Sport und Spannung \u2013 den ganzen Tag und zum Teil auch noch in der Nacht. Am Ende der Woche kommen dann alle m\u00fcde, aber begeistert heim!<\/p>\n<p><a href=\"https:\/\/www.martin-stefan.ch\/martin\/wp-content\/uploads\/sites\/2\/2025\/10\/Fotocollage-Mittwoch-15.10.2025.pdf\" target=\"_blank\" rel=\"noopener\">Fotocollage Mittwoch 15.10.2025<\/a><\/p>\n<p><a href=\"https:\/\/www.martin-stefan.ch\/martin\/wp-content\/uploads\/sites\/2\/2025\/10\/Fotocollage-Dienstag-14.10.2025.pdf\" target=\"_blank\" rel=\"noopener\">Fotocollage Dienstag 14.10.2025<\/a><\/p>\n<p><a href=\"https:\/\/www.martin-stefan.ch\/martin\/wp-content\/uploads\/sites\/2\/2025\/10\/Fotocollage-Montag-13.10.2025.pdf\" target=\"_blank\" rel=\"noopener\">Fotocollage Montag 13.10.2025<\/a><\/p>\n<p><a href=\"https:\/\/www.martin-stefan.ch\/martin\/wp-content\/uploads\/sites\/2\/2025\/10\/Fotocollage-Sonntag-12.10.2025.pdf\">Fotocollage Sonntag 12.10.2025<\/a><\/p>\n<p><a href=\"https:\/\/www.martin-stefan.ch\/martin\/wp-content\/uploads\/sites\/2\/2025\/10\/Foto-Collage-RiWiElSe-24.pdf\" target=\"_blank\" rel=\"noopener\">Foto Collage RiWiElSe 24<\/a><\/p>\n<p><a href=\"https:\/\/www.martin-stefan.ch\/martin\/wp-content\/uploads\/sites\/2\/2025\/10\/Herbstlager-RiWiElSe-2023.pdf\" target=\"_blank\" rel=\"noopener\">Herbstlager RiWiElSe 2023<\/a><\/p>\n<p><a href=\"https:\/\/www.martin-stefan.ch\/martin\/wp-content\/uploads\/sites\/2\/2024\/10\/Pfarreilager-Foto-Collage.pdf\" target=\"_blank\" rel=\"noopener\">Pfarreilager Foto Collage<\/a><\/p>\n<p>&nbsp;<\/p>\n<p>&nbsp;<\/p>\n<p>&nbsp;<\/p>\n<br \/><div class=\"event_list_wrapper\"><h4>N\u00e4chste Daten<\/h4><div class=\"event_list_item\"><a href=\"https:\/\/www.martin-stefan.ch\/martin\/veranstaltung\/13199\/\"><div class=\"event_date_text\">Sonntag, 11. Oktober 2026, 7.07 Uhr<\/div><div class=\"event_title\">Pfarreilager<\/div><div class=\"event_location\">noch nicht bekannt<\/div><\/a><\/div><\/div>","protected":false},"excerpt":{"rendered":"<p>Jedes Jahr startet in den Herbstferien das Pfarreilager. Eingeladen sind die Kinder [&hellip;]<\/p>\n","protected":false},"author":1,"featured_media":0,"parent":92,"menu_order":1,"comment_status":"closed","ping_status":"closed","template":"","meta":{"_genesis_hide_title":false,"_genesis_hide_breadcrumbs":false,"_genesis_hide_singular_image":false,"_genesis_hide_footer_widgets":false,"_genesis_custom_body_class":"","_genesis_custom_post_class":"","_genesis_layout":"","_expiration-date-status":"","_expiration-date":0,"_expiration-date-type":"","_expiration-date-categories":[],"_expiration-date-options":[]},"_links":{"self":[{"href":"https:\/\/www.martin-stefan.ch\/martin\/wp-json\/wp\/v2\/pages\/132"}],"collection":[{"href":"https:\/\/www.martin-stefan.ch\/martin\/wp-json\/wp\/v2\/pages"}],"about":[{"href":"https:\/\/www.martin-stefan.ch\/martin\/wp-json\/wp\/v2\/types\/page"}],"author":[{"embeddable":true,"href":"https:\/\/www.martin-stefan.ch\/martin\/wp-json\/wp\/v2\/users\/1"}],"replies":[{"embeddable":true,"href":"https:\/\/www.martin-stefan.ch\/martin\/wp-json\/wp\/v2\/comments?post=132"}],"version-history":[{"count":37,"href":"https:\/\/www.martin-stefan.ch\/martin\/wp-json\/wp\/v2\/pages\/132\/revisions"}],"predecessor-version":[{"id":3605,"href":"https:\/\/www.martin-stefan.ch\/martin\/wp-json\/wp\/v2\/pages\/132\/revisions\/3605"}],"up":[{"embeddable":true,"href":"https:\/\/www.martin-stefan.ch\/martin\/wp-json\/wp\/v2\/pages\/92"}],"wp:attachment":[{"href":"https:\/\/www.martin-stefan.ch\/martin\/wp-json\/wp\/v2\/media?parent=132"}],"curies":[{"name":"wp","href":"https:\/\/api.w.org\/{rel}","templated":true}]}}