{"id":160,"date":"2018-02-12T16:49:17","date_gmt":"2018-02-12T15:49:47","guid":{"rendered":"http:\/\/martins4.cyon.link\/stefan\/?page_id=160"},"modified":"2025-12-17T08:43:59","modified_gmt":"2025-12-17T07:43:59","slug":"fiire-mit-de-chliine","status":"publish","type":"page","link":"https:\/\/www.martin-stefan.ch\/martin\/angebote\/kinder-und-familien\/fiire-mit-de-chliine\/","title":{"rendered":"Fiire mit de Chliine"},"content":{"rendered":"<p><img loading=\"lazy\" class=\"alignright wp-image-615 size-medium\" src=\"http:\/\/www.martin-stefan.ch\/martin\/wp-content\/uploads\/sites\/2\/2018\/02\/Fiire-mit-de-Chliine-1-300x248.jpg\" alt=\"\" width=\"300\" height=\"248\" srcset=\"https:\/\/www.martin-stefan.ch\/martin\/wp-content\/uploads\/sites\/2\/2018\/02\/Fiire-mit-de-Chliine-1-300x248.jpg 300w, https:\/\/www.martin-stefan.ch\/martin\/wp-content\/uploads\/sites\/2\/2018\/02\/Fiire-mit-de-Chliine-1.jpg 720w\" sizes=\"(max-width: 300px) 100vw, 300px\" \/><\/p>\n<p>Jeden ersten Samstag im Monat um 10 Uhr findet abwechslungsweise in der katholischen und reformierten Kirche f\u00fcr Kinder bis zum 2. Kindergarten das Fiire mit de Chliine statt.<\/p>\n<p>Die Kinder sind zusammen mit Mami und Papi, Gotti und G\u00f6tti, Grossmami und Grosspapi ganz herzlich eingeladen, an diesem speziell f\u00fcr die Kleinen zugeschnittenen Gottesdienst teilzunehmen. Auf ungezwungene Art feiern wir gemeinsam kindgerecht Gottesdienst: mit Singen, Beten, Basteln und einer spannenden Geschichte. Anschliessend sind alle ganz herzlich zum gem\u00fctlichen Beisammensein eingeladen. Der Anlass findet jeweils in der Kirche statt und wird so gestaltet, dass die Kinder die Kirche auf fr\u00f6hliche Art erleben k\u00f6nnen. Sie verstehen die Sprache und k\u00f6nnen sich ihrem Alter entsprechend bewegen. Gemeinsam mit anderen Kindern und Eltern singen, spielen und staunen macht Spass.<\/p>\n<p>&nbsp;<\/p>\n<p>&nbsp;<\/p>\n<br \/><div class=\"event_list_wrapper\"><h4>N\u00e4chste Daten<\/h4><div class=\"event_list_item\"><a href=\"https:\/\/www.martin-stefan.ch\/martin\/veranstaltung\/12482\/\"><div class=\"event_date_text\">Samstag, 9. Mai 2026, 10.00 Uhr<\/div><div class=\"event_title\">Fiire mit de Chliine<\/div><div class=\"event_location\">ref. Kirche Seuzach<\/div><\/a><\/div><div class=\"event_list_item\"><a href=\"https:\/\/www.martin-stefan.ch\/martin\/veranstaltung\/12483\/\"><div class=\"event_date_text\">Samstag, 6. Juni 2026, 10.00 Uhr<\/div><div class=\"event_title\">Fiire mit de Chliine<\/div><div class=\"event_location\">ref. Kirche Seuzach<\/div><\/a><\/div><div class=\"event_list_item\"><a href=\"https:\/\/www.martin-stefan.ch\/martin\/veranstaltung\/12484\/\"><div class=\"event_date_text\">Samstag, 4. Juli 2026, 10.00 Uhr<\/div><div class=\"event_title\">Fiire mit de Chliine mit Brunch<\/div><div class=\"event_location\">Kirche St. Martin Seuzach<\/div><\/a><\/div><div class=\"event_list_item\"><a href=\"https:\/\/www.martin-stefan.ch\/martin\/veranstaltung\/12485\/\"><div class=\"event_date_text\">Samstag, 29. August 2026, 10.00 Uhr<\/div><div class=\"event_title\">Fiire mit de Chliine<\/div><div class=\"event_location\">ref. Kirche Seuzach<\/div><\/a><\/div><div class=\"event_list_item\"><a href=\"https:\/\/www.martin-stefan.ch\/martin\/veranstaltung\/12556\/\"><div class=\"event_date_text\">Samstag, 26. September 2026, 10.00 Uhr<\/div><div class=\"event_title\">Fiire mit de Chliine<\/div><div class=\"event_location\">Kirche St. Martin Seuzach<\/div><\/a><\/div><div class=\"event_list_item\"><a href=\"https:\/\/www.martin-stefan.ch\/martin\/veranstaltung\/12557\/\"><div class=\"event_date_text\">Samstag, 7. November 2026, 10.00 Uhr<\/div><div class=\"event_title\">Fiire mit de Chliine<\/div><div class=\"event_location\">ref. Kirche Seuzach<\/div><\/a><\/div><div class=\"event_list_item\"><a href=\"https:\/\/www.martin-stefan.ch\/martin\/veranstaltung\/12558\/\"><div class=\"event_date_text\">Samstag, 5. Dezember 2026, 10.00 Uhr<\/div><div class=\"event_title\">Fiire mit de Chliine<\/div><div class=\"event_location\">Kirche St. Martin Seuzach<\/div><\/a><\/div><\/div>","protected":false},"excerpt":{"rendered":"<p>Jeden ersten Samstag im Monat um 10 Uhr findet abwechslungsweise in der [&hellip;]<\/p>\n","protected":false},"author":1,"featured_media":0,"parent":90,"menu_order":2,"comment_status":"closed","ping_status":"closed","template":"","meta":{"_genesis_hide_title":false,"_genesis_hide_breadcrumbs":false,"_genesis_hide_singular_image":false,"_genesis_hide_footer_widgets":false,"_genesis_custom_body_class":"","_genesis_custom_post_class":"","_genesis_layout":"","_expiration-date-status":"","_expiration-date":0,"_expiration-date-type":"","_expiration-date-categories":[],"_expiration-date-options":[]},"_links":{"self":[{"href":"https:\/\/www.martin-stefan.ch\/martin\/wp-json\/wp\/v2\/pages\/160"}],"collection":[{"href":"https:\/\/www.martin-stefan.ch\/martin\/wp-json\/wp\/v2\/pages"}],"about":[{"href":"https:\/\/www.martin-stefan.ch\/martin\/wp-json\/wp\/v2\/types\/page"}],"author":[{"embeddable":true,"href":"https:\/\/www.martin-stefan.ch\/martin\/wp-json\/wp\/v2\/users\/1"}],"replies":[{"embeddable":true,"href":"https:\/\/www.martin-stefan.ch\/martin\/wp-json\/wp\/v2\/comments?post=160"}],"version-history":[{"count":13,"href":"https:\/\/www.martin-stefan.ch\/martin\/wp-json\/wp\/v2\/pages\/160\/revisions"}],"predecessor-version":[{"id":6205,"href":"https:\/\/www.martin-stefan.ch\/martin\/wp-json\/wp\/v2\/pages\/160\/revisions\/6205"}],"up":[{"embeddable":true,"href":"https:\/\/www.martin-stefan.ch\/martin\/wp-json\/wp\/v2\/pages\/90"}],"wp:attachment":[{"href":"https:\/\/www.martin-stefan.ch\/martin\/wp-json\/wp\/v2\/media?parent=160"}],"curies":[{"name":"wp","href":"https:\/\/api.w.org\/{rel}","templated":true}]}}