{"id":168,"date":"2018-02-12T16:54:20","date_gmt":"2018-02-12T15:54:20","guid":{"rendered":"http:\/\/martins4.cyon.link\/stefan\/?page_id=168"},"modified":"2019-10-14T11:40:37","modified_gmt":"2019-10-14T09:40:37","slug":"versoehnung-beichte","status":"publish","type":"page","link":"https:\/\/www.martin-stefan.ch\/martin\/was-tun-bei\/versoehnung-beichte\/","title":{"rendered":"Vers\u00f6hnung \/ Beichte \/ Busse"},"content":{"rendered":"<p>Wir Menschen erfahren uns oft als schuldhaft \u2013 gegen\u00fcber Gott und unseren Mitmenschen. Im Busssakrament feiern wir darum stets neu die Gabe der g\u00f6ttlichen Vers\u00f6hnung.<\/p>\n<p>Wir Menschen sind eingeladen, unser Leben immer wieder zu \u00fcberdenken und neu auszurichten. So hat Jesus seine \u00f6ffentliche T\u00e4tigkeit mit dem Ruf begonnen: \u00abDie Zeit ist erf\u00fcllt, das Reich Gottes ist nahe. Kehrt um und glaubt an das Evangelium.\u00bb (Mt 1,15)<\/p>\n<p>Als Beauftragter Jesu (\u00abWem ihr die S\u00fcnden vergebt, dem sind sie vergeben; wem ihr die Vergebung verweigert, dem ist sie verweigert\u00bb; Joh 20,23) nimmt der Priester das Reuebekenntnis entgegen und erteilt die Lossprechung: \u00abSo spreche ich dich los von deinen S\u00fcnden: Im Namen des Vater und des Sohnes und des Heiligen Geistes. Amen.\u00bb<\/p>\n<p>Als Hinf\u00fchrung der Kinder zum Sakrament der Vers\u00f6hnung gibt es in unserer Pfarrei den Vers\u00f6hnungsweg. F\u00fcr die Erwachsenen gibt es vor Ostern und Weihnachten gemeinschaftliche Vers\u00f6hnungsfeiern; anschliessend besteht die Gelegenheit zur individuellen Beichte. Weitere Beichtgelegenheiten gibt es vor Ostern und Weihnachten sowie nach Absprache.<\/p>\n<p>Immer wird uns im Sakrament der Vers\u00f6hnung das Erbarmen und Verzeihen Gottes neu zugesprochen. Gott will uns Menschen das Heil durch wahrnehmbare Zeichen mitteilen: So wird uns Menschen \u2013 wie in der Begegnung vom verlorenen Sohn und dem barmherzigen Vater \u2013 ein Neuanfang erm\u00f6glicht.<\/p>\n","protected":false},"excerpt":{"rendered":"<p>Wir Menschen erfahren uns oft als schuldhaft \u2013 gegen\u00fcber Gott und unseren [&hellip;]<\/p>\n","protected":false},"author":1,"featured_media":0,"parent":16,"menu_order":6,"comment_status":"closed","ping_status":"closed","template":"","meta":{"_genesis_hide_title":false,"_genesis_hide_breadcrumbs":false,"_genesis_hide_singular_image":false,"_genesis_hide_footer_widgets":false,"_genesis_custom_body_class":"","_genesis_custom_post_class":"","_genesis_layout":"","_expiration-date-status":"","_expiration-date":0,"_expiration-date-type":"","_expiration-date-categories":[],"_expiration-date-options":[]},"_links":{"self":[{"href":"https:\/\/www.martin-stefan.ch\/martin\/wp-json\/wp\/v2\/pages\/168"}],"collection":[{"href":"https:\/\/www.martin-stefan.ch\/martin\/wp-json\/wp\/v2\/pages"}],"about":[{"href":"https:\/\/www.martin-stefan.ch\/martin\/wp-json\/wp\/v2\/types\/page"}],"author":[{"embeddable":true,"href":"https:\/\/www.martin-stefan.ch\/martin\/wp-json\/wp\/v2\/users\/1"}],"replies":[{"embeddable":true,"href":"https:\/\/www.martin-stefan.ch\/martin\/wp-json\/wp\/v2\/comments?post=168"}],"version-history":[{"count":1,"href":"https:\/\/www.martin-stefan.ch\/martin\/wp-json\/wp\/v2\/pages\/168\/revisions"}],"predecessor-version":[{"id":890,"href":"https:\/\/www.martin-stefan.ch\/martin\/wp-json\/wp\/v2\/pages\/168\/revisions\/890"}],"up":[{"embeddable":true,"href":"https:\/\/www.martin-stefan.ch\/martin\/wp-json\/wp\/v2\/pages\/16"}],"wp:attachment":[{"href":"https:\/\/www.martin-stefan.ch\/martin\/wp-json\/wp\/v2\/media?parent=168"}],"curies":[{"name":"wp","href":"https:\/\/api.w.org\/{rel}","templated":true}]}}