{"id":174,"date":"2018-02-12T16:55:48","date_gmt":"2018-02-12T15:55:48","guid":{"rendered":"http:\/\/martins4.cyon.link\/stefan\/?page_id=174"},"modified":"2024-01-29T11:55:19","modified_gmt":"2024-01-29T10:55:19","slug":"trauung-ehe","status":"publish","type":"page","link":"https:\/\/www.martin-stefan.ch\/martin\/was-tun-bei\/trauung-ehe\/","title":{"rendered":"Trauung \/ Ehe"},"content":{"rendered":"<p>Gott freut sich, wenn Menschen ihren Lebensweg gemeinsam gehen, miteinander ihr Leben teilen und f\u00fcreinander Verantwortung \u00fcbernehmen. Die eheliche Gemeinschaft ist dabei eine herausragende Form des christlichen Lebens, der Gott seinen Segen verheisst.<\/p>\n<p>Nach neutestamentlichem Verst\u00e4ndnis ist die eheliche Gemeinschaft ein Abbild der liebenden Hingabe Jesu Christi an uns Menschen, und darum grunds\u00e4tzlich auch \u00abohne Wenn und Aber\u00bb: Was Gott verbunden hat, das darf der Mensch nicht trennen (Mt 19,6).<\/p>\n<p>Die eigentlichen Sakramente-Spender bei der Eheschliessung sind die Braut und der Br\u00e4utigam. Das vor dem bevollm\u00e4chtigten Seelsorger und zwei Zeugen ausgesagte Eheversprechen wird durch den Seelsorger best\u00e4tigt (\u00abIm Namen Gottes und seiner Kirche best\u00e4tige ich den Ehebund, den Sie geschlossen haben\u00bb). Danach segnet er die Eheleute.<\/p>\n<p>Die verschiedenen Riten (Jawort, Ringtausch, Best\u00e4tigung der Eheschliessung und Segen) und Zeichen (Jawort, Handschlag, Ring) sollen zum Ausdruck bringen, dass Mann und Frau f\u00fcreinander ein Zeichen der Liebe Gottes sind, die in Jesus Christus unter uns Menschen erschienen und gegenw\u00e4rtig ist. Und gleichzeitig wollen sie die Eheleute an ihr Eheversprechen erinnern und sie in ihrem gemeinsamen Weg best\u00e4rken.<\/p>\n<hr \/>\n<h3>Mehr Infos<\/h3>\n<p><a href=\"http:\/\/www.martin-stefan.ch\/martin\/wp-content\/uploads\/sites\/2\/2018\/02\/HEIRAT_Se.pdf\" target=\"_blank\" rel=\"noopener noreferrer\">Heirat<\/a><\/p>\n<p>&nbsp;<\/p>\n","protected":false},"excerpt":{"rendered":"<p>Gott freut sich, wenn Menschen ihren Lebensweg gemeinsam gehen, miteinander ihr Leben [&hellip;]<\/p>\n","protected":false},"author":1,"featured_media":0,"parent":16,"menu_order":4,"comment_status":"closed","ping_status":"closed","template":"","meta":{"_genesis_hide_title":false,"_genesis_hide_breadcrumbs":false,"_genesis_hide_singular_image":false,"_genesis_hide_footer_widgets":false,"_genesis_custom_body_class":"","_genesis_custom_post_class":"","_genesis_layout":"","_expiration-date-status":"","_expiration-date":0,"_expiration-date-type":"","_expiration-date-categories":[],"_expiration-date-options":[]},"_links":{"self":[{"href":"https:\/\/www.martin-stefan.ch\/martin\/wp-json\/wp\/v2\/pages\/174"}],"collection":[{"href":"https:\/\/www.martin-stefan.ch\/martin\/wp-json\/wp\/v2\/pages"}],"about":[{"href":"https:\/\/www.martin-stefan.ch\/martin\/wp-json\/wp\/v2\/types\/page"}],"author":[{"embeddable":true,"href":"https:\/\/www.martin-stefan.ch\/martin\/wp-json\/wp\/v2\/users\/1"}],"replies":[{"embeddable":true,"href":"https:\/\/www.martin-stefan.ch\/martin\/wp-json\/wp\/v2\/comments?post=174"}],"version-history":[{"count":10,"href":"https:\/\/www.martin-stefan.ch\/martin\/wp-json\/wp\/v2\/pages\/174\/revisions"}],"predecessor-version":[{"id":4985,"href":"https:\/\/www.martin-stefan.ch\/martin\/wp-json\/wp\/v2\/pages\/174\/revisions\/4985"}],"up":[{"embeddable":true,"href":"https:\/\/www.martin-stefan.ch\/martin\/wp-json\/wp\/v2\/pages\/16"}],"wp:attachment":[{"href":"https:\/\/www.martin-stefan.ch\/martin\/wp-json\/wp\/v2\/media?parent=174"}],"curies":[{"name":"wp","href":"https:\/\/api.w.org\/{rel}","templated":true}]}}