{"id":178,"date":"2018-02-12T16:56:29","date_gmt":"2018-02-12T15:56:29","guid":{"rendered":"http:\/\/martins4.cyon.link\/stefan\/?page_id=178"},"modified":"2025-01-20T09:00:48","modified_gmt":"2025-01-20T08:00:48","slug":"todesfall","status":"publish","type":"page","link":"https:\/\/www.martin-stefan.ch\/martin\/was-tun-bei\/todesfall\/","title":{"rendered":"Todesfall"},"content":{"rendered":"<p>Der Tod ist das Ereignis im Leben des Menschen, das sich mit keinem andern vergleichen l\u00e4sst. Zwar wird der Tod in unserer Zeit und Gesellschaft m\u00f6glichst verdr\u00e4ngt und in Spit\u00e4ler, Alters- und Pflegeheime abgeschoben. Dennoch geh\u00f6rt er zum Leben.<\/p>\n<p>Viele Menschen haben Angst vor dem Sterben und vor dem Tod. Man weiss nicht, was einen im Sterben (z.B. an Schmerzen und Einsamkeit) und nach dem Tod erwartet. Doch Jesus Christus ist uns durch den Tod ins Leben vorausgegangen. Das gibt uns die Hoffnung, dass es auch f\u00fcr uns die Auferstehung gibt.<\/p>\n<p>Paulus schreibt im R\u00f6merbrief (6,3-5): \u00abWisst ihr nicht, dass wir, die wir auf Christus Jesus getauft wurden, auf seinen Tod getauft sind? Wenn wir aber mit der Gestalt seines Todes vereinigt worden sind, dann werden wir es auch mit der Gestalt seiner Auferstehung sein.\u00bb<\/p>\n<p>Als Getaufte sind wir darum eingeladen \u2013 im Sinne einer wirklichen Sterbebegleitung \u2013, in t\u00e4tiger N\u00e4chstenliebe unseren Sterbenden beizustehen und von ihnen in w\u00fcrdiger Form Abschied zu nehmen.<\/p>\n<hr \/>\n<h3>Mehr Infos<\/h3>\n<p><a href=\"http:\/\/www.martin-stefan.ch\/martin\/wp-content\/uploads\/sites\/2\/2018\/02\/Sterben_und_Tod-Se.pdf\" target=\"_blank\" rel=\"noopener noreferrer\">Sterben und Tod<\/a><br \/>\n<a href=\"https:\/\/www.martin-stefan.ch\/martin\/wp-content\/uploads\/sites\/2\/2025\/01\/Merkblatt-Todesfall-Gemeinde-Seuzach.pdf\" target=\"_blank\" rel=\"noopener\">Merkblatt Todesfall Gemeinde Seuzach<\/a><br \/>\n<a href=\"https:\/\/www.martin-stefan.ch\/martin\/wp-content\/uploads\/sites\/2\/2025\/01\/Merkblatt-Todesfall-Gemeinde-Hettlingen.pdf\" target=\"_blank\" rel=\"noopener\">Merkblatt Todesfall Gemeinde Hettlingen<\/a><br \/>\n<a href=\"https:\/\/www.martin-stefan.ch\/martin\/wp-content\/uploads\/sites\/2\/2018\/04\/Merkblatt-Todesfall-Gemeinde-Dinhard.pdf\" target=\"_blank\" rel=\"noopener noreferrer\">Merkblatt Todesfall Gemeinde Dinhard<\/a><br \/>\n<a href=\"https:\/\/www.martin-stefan.ch\/martin\/wp-content\/uploads\/sites\/2\/2025\/01\/Kontaktblatt-Todesfall-Gemeinde-Dinhard.pdf\" target=\"_blank\" rel=\"noopener\">Kontaktblatt Todesfall Gemeinde Dinhard<\/a><br \/>\n<a href=\"https:\/\/www.martin-stefan.ch\/martin\/wp-content\/uploads\/sites\/2\/2025\/01\/Leitfaden-fuer-Hinterbliebene-Daegerlen.pdf\" target=\"_blank\" rel=\"noopener\">Leitfaden f\u00fcr Hinterbliebene D\u00e4gerlen<\/a><br \/>\n<a href=\"https:\/\/www.martin-stefan.ch\/martin\/wp-content\/uploads\/sites\/2\/2025\/01\/Merkblatt-Todefall-Gemeinde-Thalheim.pdf\" target=\"_blank\" rel=\"noopener\">Merkblatt Todefall Gemeinde Thalheim<\/a><br \/>\n<a href=\"https:\/\/www.martin-stefan.ch\/martin\/wp-content\/uploads\/sites\/2\/2018\/04\/Merkblatt-Todesfall-Gemeinde-Altikon.pdf\" target=\"_blank\" rel=\"noopener noreferrer\">Merkblatt Todesfall Gemeinde Altikon<\/a><\/p>\n","protected":false},"excerpt":{"rendered":"<p>Der Tod ist das Ereignis im Leben des Menschen, das sich mit [&hellip;]<\/p>\n","protected":false},"author":1,"featured_media":0,"parent":16,"menu_order":8,"comment_status":"closed","ping_status":"closed","template":"","meta":{"_genesis_hide_title":false,"_genesis_hide_breadcrumbs":false,"_genesis_hide_singular_image":false,"_genesis_hide_footer_widgets":false,"_genesis_custom_body_class":"","_genesis_custom_post_class":"","_genesis_layout":"","_expiration-date-status":"","_expiration-date":0,"_expiration-date-type":"","_expiration-date-categories":[],"_expiration-date-options":[]},"_links":{"self":[{"href":"https:\/\/www.martin-stefan.ch\/martin\/wp-json\/wp\/v2\/pages\/178"}],"collection":[{"href":"https:\/\/www.martin-stefan.ch\/martin\/wp-json\/wp\/v2\/pages"}],"about":[{"href":"https:\/\/www.martin-stefan.ch\/martin\/wp-json\/wp\/v2\/types\/page"}],"author":[{"embeddable":true,"href":"https:\/\/www.martin-stefan.ch\/martin\/wp-json\/wp\/v2\/users\/1"}],"replies":[{"embeddable":true,"href":"https:\/\/www.martin-stefan.ch\/martin\/wp-json\/wp\/v2\/comments?post=178"}],"version-history":[{"count":16,"href":"https:\/\/www.martin-stefan.ch\/martin\/wp-json\/wp\/v2\/pages\/178\/revisions"}],"predecessor-version":[{"id":5545,"href":"https:\/\/www.martin-stefan.ch\/martin\/wp-json\/wp\/v2\/pages\/178\/revisions\/5545"}],"up":[{"embeddable":true,"href":"https:\/\/www.martin-stefan.ch\/martin\/wp-json\/wp\/v2\/pages\/16"}],"wp:attachment":[{"href":"https:\/\/www.martin-stefan.ch\/martin\/wp-json\/wp\/v2\/media?parent=178"}],"curies":[{"name":"wp","href":"https:\/\/api.w.org\/{rel}","templated":true}]}}