{"id":206,"date":"2018-02-12T17:32:58","date_gmt":"2018-02-12T16:32:58","guid":{"rendered":"http:\/\/martins4.cyon.link\/stefan\/?page_id=206"},"modified":"2024-09-12T11:38:28","modified_gmt":"2024-09-12T09:38:28","slug":"besuchsdienst","status":"publish","type":"page","link":"https:\/\/www.martin-stefan.ch\/martin\/angebote\/gruppen\/besuchsdienst\/","title":{"rendered":"Besuchsdienst"},"content":{"rendered":"<h5><span id=\"page3R_mcid2\" class=\"markedContent\"><span dir=\"ltr\" role=\"presentation\"><span id=\"page3R_mcid1\" class=\"markedContent\">Besuchsdienst f\u00fcr Seniorinnen und Senioren in Seuzach <\/span><\/span><\/span><\/h5>\n<p><span id=\"page3R_mcid2\" class=\"markedContent\"><span dir=\"ltr\" role=\"presentation\">Seit 1997 gibt es <\/span><span dir=\"ltr\" role=\"presentation\">in Seuzach <\/span><span dir=\"ltr\" role=\"presentation\">eine Gruppe von Frauen die sich Zeit nehmen und <\/span><span dir=\"ltr\" role=\"presentation\">regelm\u00e4ssig \u00e4ltere Menschen in Seuzach und Ohringen besuchen, also ihre Zeit <\/span><br role=\"presentation\" \/><span dir=\"ltr\" role=\"presentation\">schenken.<\/span> <span dir=\"ltr\" role=\"presentation\">Die Besu<\/span><span dir=\"ltr\" role=\"presentation\">che sind koste<\/span><span dir=\"ltr\" role=\"presentation\">nlos und f<\/span><span dir=\"ltr\" role=\"presentation\">\u00fcr alle<\/span> <span dir=\"ltr\" role=\"presentation\">Seuzacherinnen und Seuzacher <\/span><span dir=\"ltr\" role=\"presentation\">offen.<\/span> <span dir=\"ltr\" role=\"presentation\">Je nach Befinden <\/span><span dir=\"ltr\" role=\"presentation\">und Wunsch <\/span><span dir=\"ltr\" role=\"presentation\">der zu Besuchenden unternehmen die <\/span><br role=\"presentation\" \/><span dir=\"ltr\" role=\"presentation\">Besucherinnen kurze Spazierg\u00e4nge, spielen zusammen, frischen alte Erinnerungen <\/span><span dir=\"ltr\" role=\"presentation\">auf oder sind da um Gesellschaft zu leisten und die Zeit zu <\/span><span dir=\"ltr\" role=\"presentation\">verk\u00fcrzen.<\/span> <span dir=\"ltr\" role=\"presentation\">Bei einem <\/span><br role=\"presentation\" \/><span dir=\"ltr\" role=\"presentation\">allf\u00e4lligen \u00dcbertritt ins Alter<\/span><span dir=\"ltr\" role=\"presentation\">s<\/span><span dir=\"ltr\" role=\"presentation\">zentrum im Geeren besucht s<\/span><span dir=\"ltr\" role=\"presentation\">ie ihre Besucherin auf <\/span><span dir=\"ltr\" role=\"presentation\">Wunsch gerne weiter.<\/span> <br role=\"presentation\" \/><span dir=\"ltr\" role=\"presentation\">Gerne entlasten wir auch Sie als Angeh\u00f6rige regelm\u00e4ssig, um Ihnen f\u00fcr 2<\/span> <span dir=\"ltr\" role=\"presentation\">bis 3 <\/span><span dir=\"ltr\" role=\"presentation\">Stunden Freizeit zu erm\u00f6glichen.<\/span> <\/span><\/p>\n<p><a href=\"https:\/\/www.martin-stefan.ch\/martin\/wp-content\/uploads\/sites\/2\/2019\/11\/Besuchdienst.pdf\">Wenn Sie helfen m\u00f6chten<\/a><\/p>\n","protected":false},"excerpt":{"rendered":"<p>Besuchsdienst f\u00fcr Seniorinnen und Senioren in Seuzach Seit 1997 gibt es in [&hellip;]<\/p>\n","protected":false},"author":1,"featured_media":0,"parent":204,"menu_order":6,"comment_status":"closed","ping_status":"closed","template":"","meta":{"_genesis_hide_title":false,"_genesis_hide_breadcrumbs":false,"_genesis_hide_singular_image":false,"_genesis_hide_footer_widgets":false,"_genesis_custom_body_class":"","_genesis_custom_post_class":"","_genesis_layout":"","_expiration-date-status":"","_expiration-date":0,"_expiration-date-type":"","_expiration-date-categories":[],"_expiration-date-options":[]},"_links":{"self":[{"href":"https:\/\/www.martin-stefan.ch\/martin\/wp-json\/wp\/v2\/pages\/206"}],"collection":[{"href":"https:\/\/www.martin-stefan.ch\/martin\/wp-json\/wp\/v2\/pages"}],"about":[{"href":"https:\/\/www.martin-stefan.ch\/martin\/wp-json\/wp\/v2\/types\/page"}],"author":[{"embeddable":true,"href":"https:\/\/www.martin-stefan.ch\/martin\/wp-json\/wp\/v2\/users\/1"}],"replies":[{"embeddable":true,"href":"https:\/\/www.martin-stefan.ch\/martin\/wp-json\/wp\/v2\/comments?post=206"}],"version-history":[{"count":7,"href":"https:\/\/www.martin-stefan.ch\/martin\/wp-json\/wp\/v2\/pages\/206\/revisions"}],"predecessor-version":[{"id":3624,"href":"https:\/\/www.martin-stefan.ch\/martin\/wp-json\/wp\/v2\/pages\/206\/revisions\/3624"}],"up":[{"embeddable":true,"href":"https:\/\/www.martin-stefan.ch\/martin\/wp-json\/wp\/v2\/pages\/204"}],"wp:attachment":[{"href":"https:\/\/www.martin-stefan.ch\/martin\/wp-json\/wp\/v2\/media?parent=206"}],"curies":[{"name":"wp","href":"https:\/\/api.w.org\/{rel}","templated":true}]}}