{"id":229,"date":"2018-02-12T17:42:05","date_gmt":"2018-02-12T16:42:05","guid":{"rendered":"http:\/\/martins4.cyon.link\/stefan\/?page_id=229"},"modified":"2021-06-07T09:43:51","modified_gmt":"2021-06-07T07:43:51","slug":"st-martin-stiftung","status":"publish","type":"page","link":"https:\/\/www.martin-stefan.ch\/martin\/ueber-uns\/gremien-behoerden\/st-martin-stiftung\/","title":{"rendered":"St. Martin-Stiftung"},"content":{"rendered":"<p>Die St. Martin-Stiftung Seuzach wurde im Jahr 1959 errichtet, damit die Katholiken von Seuzach und Umgebung ein Grundst\u00fcck erwerben konnten f\u00fcr den Bau einer Kirche und eines Pfarrhauses. Das war noch in der Zeit vor der \u00f6ffentlich-rechtlichen Anerkennung der katholischen Kirche durch den Kanton Z\u00fcrich. Bis heute ist die St. Martin-Stiftung die Grundeigent\u00fcmerin des Grundst\u00fcckes, auf dem Kirche\/Pfarreizentrum und Pfarrhaus liegen. Nach der Gr\u00fcndung der R\u00f6m.-kath. Kirchgemeinde Rickenbach-Seuzach hat die Stiftung das Land der Kirchgemeinde im Baurecht abgegeben.<\/p>\n<hr \/>\n<p><a href=\"https:\/\/www.martin-stefan.ch\/martin\/wp-content\/uploads\/sites\/2\/2021\/06\/Stiftung-St.-Martin-Mitgliederverzeichnis.pdf\" target=\"_blank\" rel=\"noopener noreferrer\">Stiftung St. Martin &#8211; Mitgliederverzeichnis<\/a><\/p>\n","protected":false},"excerpt":{"rendered":"<p>Die St. Martin-Stiftung Seuzach wurde im Jahr 1959 errichtet, damit die Katholiken [&hellip;]<\/p>\n","protected":false},"author":1,"featured_media":0,"parent":219,"menu_order":3,"comment_status":"closed","ping_status":"closed","template":"","meta":{"_genesis_hide_title":false,"_genesis_hide_breadcrumbs":false,"_genesis_hide_singular_image":false,"_genesis_hide_footer_widgets":false,"_genesis_custom_body_class":"","_genesis_custom_post_class":"","_genesis_layout":"","_expiration-date-status":"saved","_expiration-date":0,"_expiration-date-type":"","_expiration-date-categories":[],"_expiration-date-options":[]},"_links":{"self":[{"href":"https:\/\/www.martin-stefan.ch\/martin\/wp-json\/wp\/v2\/pages\/229"}],"collection":[{"href":"https:\/\/www.martin-stefan.ch\/martin\/wp-json\/wp\/v2\/pages"}],"about":[{"href":"https:\/\/www.martin-stefan.ch\/martin\/wp-json\/wp\/v2\/types\/page"}],"author":[{"embeddable":true,"href":"https:\/\/www.martin-stefan.ch\/martin\/wp-json\/wp\/v2\/users\/1"}],"replies":[{"embeddable":true,"href":"https:\/\/www.martin-stefan.ch\/martin\/wp-json\/wp\/v2\/comments?post=229"}],"version-history":[{"count":7,"href":"https:\/\/www.martin-stefan.ch\/martin\/wp-json\/wp\/v2\/pages\/229\/revisions"}],"predecessor-version":[{"id":3479,"href":"https:\/\/www.martin-stefan.ch\/martin\/wp-json\/wp\/v2\/pages\/229\/revisions\/3479"}],"up":[{"embeddable":true,"href":"https:\/\/www.martin-stefan.ch\/martin\/wp-json\/wp\/v2\/pages\/219"}],"wp:attachment":[{"href":"https:\/\/www.martin-stefan.ch\/martin\/wp-json\/wp\/v2\/media?parent=229"}],"curies":[{"name":"wp","href":"https:\/\/api.w.org\/{rel}","templated":true}]}}