{"id":238,"date":"2018-02-12T17:58:17","date_gmt":"2018-02-12T16:58:09","guid":{"rendered":"http:\/\/martins4.cyon.link\/stefan\/?page_id=238"},"modified":"2026-01-14T08:24:34","modified_gmt":"2026-01-14T07:24:34","slug":"kirchen-standorte","status":"publish","type":"page","link":"https:\/\/www.martin-stefan.ch\/martin\/ueber-uns\/kirchen-standorte\/","title":{"rendered":"Kirchen \/ Standorte"},"content":{"rendered":"<h3>Anfahrtsplan f\u00fcr Kirchen und Friedh\u00f6fe in unserer Pfarrei<\/h3>\n<hr \/>\n<ul>\n<li><a class=\"external-link-new-window\" href=\"http:\/\/www.martin-stefan.ch\/martin\/ueber-uns\/kirchen-standorte\/gemeinde-seuzach\/\" target=\"_blank\" rel=\"noopener noreferrer\">Seuzach<\/a><\/li>\n<li><a href=\"http:\/\/www.martin-stefan.ch\/martin\/ueber-uns\/kirchen-standorte\/gemeinde-hettlingen\/\" target=\"_blank\" rel=\"noopener noreferrer\">Hettlingen<\/a><\/li>\n<li><a href=\"http:\/\/www.martin-stefan.ch\/martin\/ueber-uns\/kirchen-standorte\/gemeinde-altikon\/\" target=\"_blank\" rel=\"noopener noreferrer\">Altikon<\/a><\/li>\n<li><a href=\"http:\/\/www.martin-stefan.ch\/martin\/ueber-uns\/kirchen-standorte\/gemeinde-daegerlen\/\" target=\"_blank\" rel=\"noopener noreferrer\">D\u00e4gerlen<\/a><\/li>\n<li><a href=\"http:\/\/www.martin-stefan.ch\/martin\/ueber-uns\/kirchen-standorte\/gemeinde-dinhard\/\" target=\"_blank\" rel=\"noopener noreferrer\">Dinhard<\/a><\/li>\n<li><a href=\"http:\/\/www.martin-stefan.ch\/martin\/ueber-uns\/kirchen-standorte\/gemeinde-thalheim-an-der-thur\/\" target=\"_blank\" rel=\"noopener noreferrer\">Thalheim an der Thur<\/a><\/li>\n<\/ul>\n<p><a href=\"https:\/\/www.martin-stefan.ch\/martin\/wp-content\/uploads\/sites\/2\/2025\/08\/gemeinsam-barrierefrei.pdf\" target=\"_blank\" rel=\"noopener\">So kommen sie barrierefrei zu uns<\/a><\/p>\n<p>Unsere R\u00e4umlichkeiten k\u00f6nnen gemietet werden:<\/p>\n<p><a href=\"https:\/\/www.martin-stefan.ch\/martin\/wp-content\/uploads\/sites\/2\/2025\/08\/Benuetzungsordnung-OEFFENTLICH-Stand-2022.11.01.pdf\" target=\"_blank\" rel=\"noopener\">Ben\u00fctzungsordnung OEFFENTLICH Stand 2022.11.01<\/a><br \/>\n<a href=\"https:\/\/www.martin-stefan.ch\/martin\/wp-content\/uploads\/sites\/2\/2025\/08\/Raumangebot-und-Mietkosten-OEFFENTLICH-Stand-2022.10.26.pdf\" target=\"_blank\" rel=\"noopener\">Raumangebot-und-Mietkosten-OEFFENTLICH-Stand-2022.10.26<\/a><\/p>\n<p><a href=\"https:\/\/www.martin-stefan.ch\/martin\/wp-content\/uploads\/sites\/2\/2025\/01\/Gesuch-Bewilligung-Vertrag-Rechn-Se-2022.11.01-1.pdf\" target=\"_blank\" rel=\"noopener\">Gesuch-Bewilligung-Vertrag-Rechn Se 2022.11.01<\/a><br \/>\n<a href=\"https:\/\/www.martin-stefan.ch\/martin\/wp-content\/uploads\/sites\/2\/2026\/01\/Gesuch-Bewilligung-Vertrag-Rechn-Su-2022.11.01.pdf\" target=\"_blank\" rel=\"noopener\">Gesuch-Bewilligung-Vertrag-Rechn Su 2022.11.01<\/a><\/p>\n<p><a href=\"https:\/\/www.martin-stefan.ch\/martin\/wp-content\/uploads\/sites\/2\/2026\/01\/Gesuch-Bewilligung-Vertrag-Rechn-Wd-2022.11.01.pdf\" target=\"_blank\" rel=\"noopener\">Gesuch-Bewilligung-Vertrag-Rechn Wd 2022.11.01<\/a><\/p>\n","protected":false},"excerpt":{"rendered":"<p>Anfahrtsplan f\u00fcr Kirchen und Friedh\u00f6fe in unserer Pfarrei Seuzach Hettlingen Altikon D\u00e4gerlen [&hellip;]<\/p>\n","protected":false},"author":1,"featured_media":0,"parent":12,"menu_order":2,"comment_status":"closed","ping_status":"closed","template":"","meta":{"_genesis_hide_title":false,"_genesis_hide_breadcrumbs":false,"_genesis_hide_singular_image":false,"_genesis_hide_footer_widgets":false,"_genesis_custom_body_class":"","_genesis_custom_post_class":"","_genesis_layout":"","_expiration-date-status":"","_expiration-date":0,"_expiration-date-type":"","_expiration-date-categories":[],"_expiration-date-options":[]},"_links":{"self":[{"href":"https:\/\/www.martin-stefan.ch\/martin\/wp-json\/wp\/v2\/pages\/238"}],"collection":[{"href":"https:\/\/www.martin-stefan.ch\/martin\/wp-json\/wp\/v2\/pages"}],"about":[{"href":"https:\/\/www.martin-stefan.ch\/martin\/wp-json\/wp\/v2\/types\/page"}],"author":[{"embeddable":true,"href":"https:\/\/www.martin-stefan.ch\/martin\/wp-json\/wp\/v2\/users\/1"}],"replies":[{"embeddable":true,"href":"https:\/\/www.martin-stefan.ch\/martin\/wp-json\/wp\/v2\/comments?post=238"}],"version-history":[{"count":16,"href":"https:\/\/www.martin-stefan.ch\/martin\/wp-json\/wp\/v2\/pages\/238\/revisions"}],"predecessor-version":[{"id":6226,"href":"https:\/\/www.martin-stefan.ch\/martin\/wp-json\/wp\/v2\/pages\/238\/revisions\/6226"}],"up":[{"embeddable":true,"href":"https:\/\/www.martin-stefan.ch\/martin\/wp-json\/wp\/v2\/pages\/12"}],"wp:attachment":[{"href":"https:\/\/www.martin-stefan.ch\/martin\/wp-json\/wp\/v2\/media?parent=238"}],"curies":[{"name":"wp","href":"https:\/\/api.w.org\/{rel}","templated":true}]}}