{"id":258,"date":"2018-02-13T10:10:17","date_gmt":"2018-02-13T09:10:52","guid":{"rendered":"http:\/\/martins4.cyon.link\/stefan\/?page_id=258"},"modified":"2021-06-28T14:58:23","modified_gmt":"2021-06-28T12:58:23","slug":"kafitraeff","status":"publish","type":"page","link":"https:\/\/www.martin-stefan.ch\/martin\/angebote\/gemeinschaft-diakonie\/kafitraeff\/","title":{"rendered":"Kafitr\u00e4ff"},"content":{"rendered":"<br \/><div class=\"event_list_wrapper\"><h4>N\u00e4chste Daten<\/h4><div class=\"event_list_item\"><a href=\"https:\/\/www.martin-stefan.ch\/martin\/veranstaltung\/12532\/\"><div class=\"event_date_text\">Dienstag, 12. Mai 2026, 14.00 Uhr<\/div><div class=\"event_title\">Kafitr\u00e4ff<\/div><div class=\"event_location\">Saal<\/div><\/a><\/div><div class=\"event_list_item\"><a href=\"https:\/\/www.martin-stefan.ch\/martin\/veranstaltung\/12533\/\"><div class=\"event_date_text\">Dienstag, 9. Juni 2026, 14.00 Uhr<\/div><div class=\"event_title\">Kafitr\u00e4ff<\/div><div class=\"event_location\">Saal<\/div><\/a><\/div><div class=\"event_list_item\"><a href=\"https:\/\/www.martin-stefan.ch\/martin\/veranstaltung\/12535\/\"><div class=\"event_date_text\">Dienstag, 14. Juli 2026, 14.00 Uhr<\/div><div class=\"event_title\">Kafitr\u00e4ff<\/div><div class=\"event_location\">Saal<\/div><\/a><\/div><div class=\"event_list_item\"><a href=\"https:\/\/www.martin-stefan.ch\/martin\/veranstaltung\/12536\/\"><div class=\"event_date_text\">Dienstag, 11. August 2026, 14.00 Uhr<\/div><div class=\"event_title\">Kafitr\u00e4ff<\/div><div class=\"event_location\">Saal<\/div><\/a><\/div><div class=\"event_list_item\"><a href=\"https:\/\/www.martin-stefan.ch\/martin\/veranstaltung\/12537\/\"><div class=\"event_date_text\">Dienstag, 15. September 2026, 14.00 Uhr<\/div><div class=\"event_title\">Kafitr\u00e4ff<\/div><div class=\"event_location\">Saal<\/div><\/a><\/div><div class=\"event_list_item\"><a href=\"https:\/\/www.martin-stefan.ch\/martin\/veranstaltung\/12538\/\"><div class=\"event_date_text\">Dienstag, 13. Oktober 2026, 14.00 Uhr<\/div><div class=\"event_title\">Kafitr\u00e4ff mit Lotto<\/div><div class=\"event_location\">Saal<\/div><\/a><\/div><div class=\"event_list_item\"><a href=\"https:\/\/www.martin-stefan.ch\/martin\/veranstaltung\/12539\/\"><div class=\"event_date_text\">Dienstag, 17. November 2026, 14.00 Uhr<\/div><div class=\"event_title\">Kafitr\u00e4ff<\/div><div class=\"event_location\">Saal<\/div><\/a><\/div><div class=\"event_list_item\"><a href=\"https:\/\/www.martin-stefan.ch\/martin\/veranstaltung\/12540\/\"><div class=\"event_date_text\">Dienstag, 8. Dezember 2026, 14.00 Uhr<\/div><div class=\"event_title\">Kafitr\u00e4ff<\/div><div class=\"event_location\">Saal<\/div><\/a><\/div><\/div>","protected":false},"excerpt":{"rendered":"<p>N\u00e4chste DatenDienstag, 12. Mai 2026, 14.00 UhrKafitr\u00e4ffSaalDienstag, 9. Juni 2026, 14.00 UhrKafitr\u00e4ffSaalDienstag, [&hellip;]<\/p>\n","protected":false},"author":1,"featured_media":0,"parent":75,"menu_order":6,"comment_status":"closed","ping_status":"closed","template":"","meta":{"_genesis_hide_title":false,"_genesis_hide_breadcrumbs":false,"_genesis_hide_singular_image":false,"_genesis_hide_footer_widgets":false,"_genesis_custom_body_class":"","_genesis_custom_post_class":"","_genesis_layout":"","_expiration-date-status":"saved","_expiration-date":0,"_expiration-date-type":"","_expiration-date-categories":[],"_expiration-date-options":[]},"_links":{"self":[{"href":"https:\/\/www.martin-stefan.ch\/martin\/wp-json\/wp\/v2\/pages\/258"}],"collection":[{"href":"https:\/\/www.martin-stefan.ch\/martin\/wp-json\/wp\/v2\/pages"}],"about":[{"href":"https:\/\/www.martin-stefan.ch\/martin\/wp-json\/wp\/v2\/types\/page"}],"author":[{"embeddable":true,"href":"https:\/\/www.martin-stefan.ch\/martin\/wp-json\/wp\/v2\/users\/1"}],"replies":[{"embeddable":true,"href":"https:\/\/www.martin-stefan.ch\/martin\/wp-json\/wp\/v2\/comments?post=258"}],"version-history":[{"count":1,"href":"https:\/\/www.martin-stefan.ch\/martin\/wp-json\/wp\/v2\/pages\/258\/revisions"}],"predecessor-version":[{"id":1008,"href":"https:\/\/www.martin-stefan.ch\/martin\/wp-json\/wp\/v2\/pages\/258\/revisions\/1008"}],"up":[{"embeddable":true,"href":"https:\/\/www.martin-stefan.ch\/martin\/wp-json\/wp\/v2\/pages\/75"}],"wp:attachment":[{"href":"https:\/\/www.martin-stefan.ch\/martin\/wp-json\/wp\/v2\/media?parent=258"}],"curies":[{"name":"wp","href":"https:\/\/api.w.org\/{rel}","templated":true}]}}