{"id":268,"date":"2018-02-13T10:35:20","date_gmt":"2018-02-13T09:35:20","guid":{"rendered":"http:\/\/martins4.cyon.link\/stefan\/?page_id=268"},"modified":"2019-10-14T11:40:37","modified_gmt":"2019-10-14T09:40:37","slug":"neu-in-unserer-pfarrei","status":"publish","type":"page","link":"https:\/\/www.martin-stefan.ch\/martin\/was-tun-bei\/neu-in-unserer-pfarrei\/","title":{"rendered":"Neu in unserer Pfarrei"},"content":{"rendered":"<p>Sie sind erst k\u00fcrzlich nach Seuzach, Altikon, D\u00e4gerlen, Dinhard, Hettlingen oder Thalheim an der Thur gezogen? Dann geh\u00f6ren Sie zu unserer Pfarrei St. Martin und wir heissen Sie herzlich willkommen!<\/p>\n<p>Auf unserer Homepage finden Sie wichtige Informationen \u00fcber Gottesdienste, Veranstaltungen, Angebote, Gruppen und Adressen. Es freut uns, wenn unsere Angebote Sie ansprechen und wir Sie da und dort bald pers\u00f6nlich kennen lernen!<br \/>\nFalls Sie Fragen zum kirchlichen Unterricht haben, kontaktieren Sie bitte unser Pfarreisekretariat.<\/p>\n<p>Nach dem christlichen Glauben zu fragen, ihn zu suchen und gemeinsam auf dem Weg des Glaubens mit Jesus Christus voran zu gehen \u2013 das ist das Ziel des Pfarreilebens mit seinen vielen Gottesdiensten und Veranstaltungen. Das Seelsorgeteam, der Pfarreirat und die Kirchenpflege begleiten Sie gerne dabei.<\/p>\n<p>Zusammen mit der <a href=\"http:\/\/www.martin-stefan.ch\/stefan\/\" target=\"_blank\" rel=\"noopener noreferrer\">Pfarrei St. Stefan Wiesendangen<\/a> bilden wir die <a href=\"http:\/\/www.martin-stefan.ch\/\" target=\"_blank\" rel=\"noopener noreferrer\">r\u00f6m.-kath. Kirchgemeinde Rickenbach-Seuzach<\/a>. Zu unserer Kirchgemeinde geh\u00f6ren zehn politische Gemeinden im Gebiet zwischen Thur und Stadtrand Winterthur.<br \/>\nDie Pfarrei St. Martin umfasst die sechs Gemeinden Altikon, D\u00e4gerlen, Dinhard, Hettlingen, Seuzach und Thalheim an der Thur. Gottesdienste feiern wir in der Pfarrkirche St. Martin in Seuzach und in der ref. Kirche in Hettlingen.<\/p>\n<p>Die beiden Pfarreien St. Martin Seuzach und St. Stefan Wiesendangen sowie die Pfarrei <a href=\"http:\/\/www.kathelgg.ch\/\" target=\"_blank\" rel=\"noopener noreferrer\">St. Georg Elgg<\/a> bilden zusammen den Seelsorgeraum Elgg-Seuzach-Wiesendangen.<\/p>\n","protected":false},"excerpt":{"rendered":"<p>Sie sind erst k\u00fcrzlich nach Seuzach, Altikon, D\u00e4gerlen, Dinhard, Hettlingen oder Thalheim [&hellip;]<\/p>\n","protected":false},"author":1,"featured_media":0,"parent":16,"menu_order":0,"comment_status":"closed","ping_status":"closed","template":"","meta":{"_genesis_hide_title":false,"_genesis_hide_breadcrumbs":false,"_genesis_hide_singular_image":false,"_genesis_hide_footer_widgets":false,"_genesis_custom_body_class":"","_genesis_custom_post_class":"","_genesis_layout":"","_expiration-date-status":"","_expiration-date":0,"_expiration-date-type":"","_expiration-date-categories":[],"_expiration-date-options":[]},"_links":{"self":[{"href":"https:\/\/www.martin-stefan.ch\/martin\/wp-json\/wp\/v2\/pages\/268"}],"collection":[{"href":"https:\/\/www.martin-stefan.ch\/martin\/wp-json\/wp\/v2\/pages"}],"about":[{"href":"https:\/\/www.martin-stefan.ch\/martin\/wp-json\/wp\/v2\/types\/page"}],"author":[{"embeddable":true,"href":"https:\/\/www.martin-stefan.ch\/martin\/wp-json\/wp\/v2\/users\/1"}],"replies":[{"embeddable":true,"href":"https:\/\/www.martin-stefan.ch\/martin\/wp-json\/wp\/v2\/comments?post=268"}],"version-history":[{"count":7,"href":"https:\/\/www.martin-stefan.ch\/martin\/wp-json\/wp\/v2\/pages\/268\/revisions"}],"predecessor-version":[{"id":2360,"href":"https:\/\/www.martin-stefan.ch\/martin\/wp-json\/wp\/v2\/pages\/268\/revisions\/2360"}],"up":[{"embeddable":true,"href":"https:\/\/www.martin-stefan.ch\/martin\/wp-json\/wp\/v2\/pages\/16"}],"wp:attachment":[{"href":"https:\/\/www.martin-stefan.ch\/martin\/wp-json\/wp\/v2\/media?parent=268"}],"curies":[{"name":"wp","href":"https:\/\/api.w.org\/{rel}","templated":true}]}}