{"id":387,"date":"2018-02-13T11:32:32","date_gmt":"2018-02-13T10:32:32","guid":{"rendered":"http:\/\/martins4.cyon.link\/stefan\/?page_id=387"},"modified":"2022-06-23T14:11:28","modified_gmt":"2022-06-23T12:11:28","slug":"rechnungspruefungskommission","status":"publish","type":"page","link":"https:\/\/www.martin-stefan.ch\/martin\/ueber-uns\/gremien-behoerden\/rechnungspruefungskommission\/","title":{"rendered":"Rechnungspr\u00fcfungskommission"},"content":{"rendered":"<p>Die Rechnungspr\u00fcfungskommission RPK \u00fcberpr\u00fcft, neben einer externen Treuhandfirma, Budget und Jahresrechnung unserer Kirchgemeinde.<\/p>\n<hr \/>\n<p>Verzeichnis der Mitglieder der Rechnungspr\u00fcfungskommission:<\/p>\n<p><a href=\"https:\/\/www.martin-stefan.ch\/martin\/wp-content\/uploads\/sites\/2\/2022\/06\/Behoerdenverzeichnis-Amtsdauer-2022-26_Stand-2022.06.22-RPK-EXTERN.pdf\" target=\"_blank\" rel=\"noopener noreferrer\">Amtsdauer 2022 &#8211; 2026, Stand 22. Juni 2022<\/a><\/p>\n","protected":false},"excerpt":{"rendered":"<p>Die Rechnungspr\u00fcfungskommission RPK \u00fcberpr\u00fcft, neben einer externen Treuhandfirma, Budget und Jahresrechnung unserer [&hellip;]<\/p>\n","protected":false},"author":1,"featured_media":0,"parent":219,"menu_order":1,"comment_status":"closed","ping_status":"closed","template":"","meta":{"_genesis_hide_title":false,"_genesis_hide_breadcrumbs":false,"_genesis_hide_singular_image":false,"_genesis_hide_footer_widgets":false,"_genesis_custom_body_class":"","_genesis_custom_post_class":"","_genesis_layout":"","_expiration-date-status":"","_expiration-date":0,"_expiration-date-type":"","_expiration-date-categories":[],"_expiration-date-options":[]},"_links":{"self":[{"href":"https:\/\/www.martin-stefan.ch\/martin\/wp-json\/wp\/v2\/pages\/387"}],"collection":[{"href":"https:\/\/www.martin-stefan.ch\/martin\/wp-json\/wp\/v2\/pages"}],"about":[{"href":"https:\/\/www.martin-stefan.ch\/martin\/wp-json\/wp\/v2\/types\/page"}],"author":[{"embeddable":true,"href":"https:\/\/www.martin-stefan.ch\/martin\/wp-json\/wp\/v2\/users\/1"}],"replies":[{"embeddable":true,"href":"https:\/\/www.martin-stefan.ch\/martin\/wp-json\/wp\/v2\/comments?post=387"}],"version-history":[{"count":17,"href":"https:\/\/www.martin-stefan.ch\/martin\/wp-json\/wp\/v2\/pages\/387\/revisions"}],"predecessor-version":[{"id":4051,"href":"https:\/\/www.martin-stefan.ch\/martin\/wp-json\/wp\/v2\/pages\/387\/revisions\/4051"}],"up":[{"embeddable":true,"href":"https:\/\/www.martin-stefan.ch\/martin\/wp-json\/wp\/v2\/pages\/219"}],"wp:attachment":[{"href":"https:\/\/www.martin-stefan.ch\/martin\/wp-json\/wp\/v2\/media?parent=387"}],"curies":[{"name":"wp","href":"https:\/\/api.w.org\/{rel}","templated":true}]}}