{"id":73,"date":"2018-02-05T11:17:17","date_gmt":"2018-02-05T10:17:32","guid":{"rendered":"http:\/\/martins4.cyon.link\/stefan\/?page_id=73"},"modified":"2025-12-12T09:00:04","modified_gmt":"2025-12-12T08:00:04","slug":"gottesdienste","status":"publish","type":"page","link":"https:\/\/www.martin-stefan.ch\/martin\/angebote\/gottesdienste\/","title":{"rendered":"Gottesdienste"},"content":{"rendered":"<p>Im Gottesdienst kommen wir zusammen, um uns mit allen Facetten unseres pers\u00f6nlichen Lebens in Gottes N\u00e4he zu stellen, um sein Wort aus den Schriften der Bibel zu h\u00f6ren, um ihm im Gebet und Gesang zu antworten.<br \/>\nGemeinsames Feiern weckt und vertieft den eigenen Glauben und l\u00e4sst uns gest\u00e4rkt wieder in den Alltag zur\u00fcck gehen.<\/p>\n<p>Wir feiern Gottesdienste in einer grossen Vielfalt: Eucharistiefeiern, Wortgottesdienste mit Kommunionfeier, \u00f6kumenische Gottesdienste, Gottesdienste f\u00fcr Familien, Senioren und viele mehr.<\/p>\n<p>&nbsp;<\/p>\n<p>NEU k\u00f6nnen sie jetzt die Kollekte auch mit TWINT bezahlen. In der Kirche h\u00e4ngen QR-Code aus. Ihre Spende geht anonymisiert ein. Alle Daten bleiben bei TWINT und werden nicht an Dritte, auch nicht an uns, weitergegeben.<\/p>\n<br \/><div class=\"event_list_wrapper\"><h4>N\u00e4chste Daten<\/h4><div class=\"event_list_item\"><a href=\"https:\/\/www.martin-stefan.ch\/martin\/veranstaltung\/12116\/\"><div class=\"event_date_text\">Samstag, 18. April 2026, 18.00 Uhr<\/div><div class=\"event_title\">Eucharistiefeier (BA) zum Jubil\u00e4um des Pilgerheiligtums<\/div><div class=\"event_location\">Kirche St. Martin Seuzach<\/div><\/a><\/div><div class=\"event_list_item\"><a href=\"https:\/\/www.martin-stefan.ch\/martin\/veranstaltung\/12167\/\"><div class=\"event_date_text\">Sonntag, 19. April 2026, 10.00 Uhr<\/div><div class=\"event_title\">KEINE Eucharistiefeier<\/div><div class=\"event_location\">Kirche St. Martin Seuzach<\/div><\/a><\/div><div class=\"event_list_item\"><a href=\"https:\/\/www.martin-stefan.ch\/martin\/veranstaltung\/13146\/\"><div class=\"event_date_text\">Sonntag, 19. April 2026, 13.00 Uhr<\/div><div class=\"event_title\">Tauffeier<\/div><div class=\"event_location\">Kirche St. Martin Seuzach<\/div><\/a><\/div><div class=\"event_list_item\"><a href=\"https:\/\/www.martin-stefan.ch\/martin\/veranstaltung\/12225\/\"><div class=\"event_date_text\">Dienstag, 21. April 2026, 8.30 Uhr<\/div><div class=\"event_title\">Eucharistiefeier (BA)<\/div><div class=\"event_location\">Kirche St. Martin Seuzach<\/div><\/a><\/div><div class=\"event_list_item\"><a href=\"https:\/\/www.martin-stefan.ch\/martin\/veranstaltung\/12278\/\"><div class=\"event_date_text\">Dienstag, 21. April 2026, 9.00 Uhr<\/div><div class=\"event_title\">Rosenkranz<\/div><div class=\"event_location\">Kirche St. Martin Seuzach<\/div><\/a><\/div><div class=\"event_list_item\"><a href=\"https:\/\/www.martin-stefan.ch\/martin\/veranstaltung\/12117\/\"><div class=\"event_date_text\">Samstag, 25. April 2026, 18.00 Uhr<\/div><div class=\"event_title\">Wort-\/ Kommunionfeier (JK)<\/div><div class=\"event_location\">Kirche St. Martin Seuzach<\/div><\/a><\/div><div class=\"event_list_item\"><a href=\"https:\/\/www.martin-stefan.ch\/martin\/veranstaltung\/13207\/\"><div class=\"event_date_text\">Sonntag, 26. April 2026, 10.00 Uhr<\/div><div class=\"event_title\">KEINE Eucharistiefeier<\/div><div class=\"event_location\">Kirche St. Martin Seuzach<\/div><\/a><\/div><div class=\"event_list_item\"><a href=\"https:\/\/www.martin-stefan.ch\/martin\/veranstaltung\/12226\/\"><div class=\"event_date_text\">Dienstag, 28. April 2026, 8.30 Uhr<\/div><div class=\"event_title\">Wort-\/ Kommunionfeier (KC)<\/div><div class=\"event_location\">Kirche St. Martin Seuzach<\/div><\/a><\/div><div class=\"event_list_item\"><a href=\"https:\/\/www.martin-stefan.ch\/martin\/veranstaltung\/12279\/\"><div class=\"event_date_text\">Dienstag, 28. April 2026, 9.00 Uhr<\/div><div class=\"event_title\">Rosenkranz<\/div><div class=\"event_location\">Kirche St. Martin Seuzach<\/div><\/a><\/div><div class=\"event_list_item\"><a href=\"https:\/\/www.martin-stefan.ch\/martin\/veranstaltung\/13056\/\"><div class=\"event_date_text\">Freitag, 1. Mai 2026, 18.00 Uhr<\/div><div class=\"event_title\">Frauenverein: Maiandacht<\/div><div class=\"event_location\">Saal<\/div><\/a><\/div><div class=\"event_list_item\"><a href=\"https:\/\/www.martin-stefan.ch\/martin\/veranstaltung\/12118\/\"><div class=\"event_date_text\">Samstag, 2. Mai 2026, 18.00 Uhr<\/div><div class=\"event_title\">Wort-\/ Kommunionfeier (EJ)<\/div><div class=\"event_location\">Kirche St. Martin Seuzach<\/div><\/a><\/div><div class=\"event_list_item\"><a href=\"https:\/\/www.martin-stefan.ch\/martin\/veranstaltung\/12169\/\"><div class=\"event_date_text\">Sonntag, 3. Mai 2026, 10.00 Uhr<\/div><div class=\"event_title\">KEINE Eucharistiefeier<\/div><div class=\"event_location\">Kirche St. Martin Seuzach<\/div><\/a><\/div><div class=\"event_list_item\"><a href=\"https:\/\/www.martin-stefan.ch\/martin\/veranstaltung\/12227\/\"><div class=\"event_date_text\">Dienstag, 5. Mai 2026, 8.30 Uhr<\/div><div class=\"event_title\">Eucharistiefeier (BA)<\/div><div class=\"event_location\">Kirche St. Martin Seuzach<\/div><\/a><\/div><div class=\"event_list_item\"><a href=\"https:\/\/www.martin-stefan.ch\/martin\/veranstaltung\/12280\/\"><div class=\"event_date_text\">Dienstag, 5. Mai 2026, 9.00 Uhr<\/div><div class=\"event_title\">Rosenkranz<\/div><div class=\"event_location\">Kirche St. Martin Seuzach<\/div><\/a><\/div><div class=\"event_list_item\"><a href=\"https:\/\/www.martin-stefan.ch\/martin\/veranstaltung\/12119\/\"><div class=\"event_date_text\">Samstag, 9. Mai 2026, 10.00 Uhr<\/div><div class=\"event_title\">Erstkommuniongottesdienst (BA)<\/div><div class=\"event_location\">Kirche St. Martin Seuzach<\/div><\/a><\/div><div class=\"event_list_item\"><a href=\"https:\/\/www.martin-stefan.ch\/martin\/veranstaltung\/12482\/\"><div class=\"event_date_text\">Samstag, 9. Mai 2026, 10.00 Uhr<\/div><div class=\"event_title\">Fiire mit de Chliine<\/div><div class=\"event_location\">ref. Kirche Seuzach<\/div><\/a><\/div><div class=\"event_list_item\"><a href=\"https:\/\/www.martin-stefan.ch\/martin\/veranstaltung\/12170\/\"><div class=\"event_date_text\">Sonntag, 10. Mai 2026, 10.00 Uhr<\/div><div class=\"event_title\">Eucharistiefeier (FR)<\/div><div class=\"event_location\">Kirche St. Martin Seuzach<\/div><\/a><\/div><div class=\"event_list_item\"><a href=\"https:\/\/www.martin-stefan.ch\/martin\/veranstaltung\/12228\/\"><div class=\"event_date_text\">Dienstag, 12. Mai 2026, 8.30 Uhr<\/div><div class=\"event_title\">KEINE Eucharistiefeier<\/div><div class=\"event_location\">Kirche St. Martin Seuzach<\/div><\/a><\/div><div class=\"event_list_item\"><a href=\"https:\/\/www.martin-stefan.ch\/martin\/veranstaltung\/12281\/\"><div class=\"event_date_text\">Dienstag, 12. Mai 2026, 8.30 Uhr<\/div><div class=\"event_title\">Rosenkranz<\/div><div class=\"event_location\">Kirche St. Martin Seuzach<\/div><\/a><\/div><div class=\"event_list_item\"><a href=\"https:\/\/www.martin-stefan.ch\/martin\/veranstaltung\/12320\/\"><div class=\"event_date_text\">Donnerstag, 14. Mai 2026, 10.30 Uhr<\/div><div class=\"event_title\">\u00d6kum. Auffahrtsgottesdienst (KC)<\/div><div class=\"event_location\">Tennisplatz Rolli<\/div><\/a><\/div><div class=\"event_list_item\"><a href=\"https:\/\/www.martin-stefan.ch\/martin\/veranstaltung\/13252\/\"><div class=\"event_date_text\">Freitag, 15. Mai 2026, 19.30 Uhr<\/div><div class=\"event_title\">M\u00e4nnerverein: Maiandacht in St. Laurentius<\/div><div class=\"event_location\">Kirche W\u00fclflingen, St. Laurentius<\/div><\/a><\/div><div class=\"event_list_item\"><a href=\"https:\/\/www.martin-stefan.ch\/martin\/veranstaltung\/11702\/\"><div class=\"event_date_text\">Samstag, 16. Mai 2026, 16.00 Uhr<\/div><div class=\"event_title\">Firmung (Generalvikar Luis Varandas)<\/div><div class=\"event_location\">Kirche St. Martin Seuzach<\/div><\/a><\/div><div class=\"event_list_item\"><a href=\"https:\/\/www.martin-stefan.ch\/martin\/veranstaltung\/12120\/\"><div class=\"event_date_text\">Samstag, 16. Mai 2026, 18.00 Uhr<\/div><div class=\"event_title\">KEINE Eucharistiefeier<\/div><div class=\"event_location\">Kirche St. Martin Seuzach<\/div><\/a><\/div><div class=\"event_list_item\"><a href=\"https:\/\/www.martin-stefan.ch\/martin\/veranstaltung\/12171\/\"><div class=\"event_date_text\">Sonntag, 17. Mai 2026, 10.00 Uhr<\/div><div class=\"event_title\">Wort-\/ Kommunionfeier (KC)<\/div><div class=\"event_location\">Kirche St. Martin Seuzach<\/div><\/a><\/div><div class=\"event_list_item\"><a href=\"https:\/\/www.martin-stefan.ch\/martin\/veranstaltung\/12229\/\"><div class=\"event_date_text\">Dienstag, 19. Mai 2026, 8.30 Uhr<\/div><div class=\"event_title\">Eucharistiefeier (BA)<\/div><div class=\"event_location\">Kirche St. Martin Seuzach<\/div><\/a><\/div><div class=\"event_list_item\"><a href=\"https:\/\/www.martin-stefan.ch\/martin\/veranstaltung\/12282\/\"><div class=\"event_date_text\">Dienstag, 19. Mai 2026, 9.00 Uhr<\/div><div class=\"event_title\">Rosenkranz<\/div><div class=\"event_location\">Kirche St. Martin Seuzach<\/div><\/a><\/div><div class=\"event_list_item\"><a href=\"https:\/\/www.martin-stefan.ch\/martin\/veranstaltung\/12121\/\"><div class=\"event_date_text\">Samstag, 23. Mai 2026, 18.00 Uhr<\/div><div class=\"event_title\">Eucharistiefeier (BA)<\/div><div class=\"event_location\">Kirche St. Martin Seuzach<\/div><\/a><\/div><div class=\"event_list_item\"><a href=\"https:\/\/www.martin-stefan.ch\/martin\/veranstaltung\/12172\/\"><div class=\"event_date_text\">Sonntag, 24. Mai 2026, 10.00 Uhr<\/div><div class=\"event_title\">Eucharistiefeier (BA)<\/div><div class=\"event_location\">Kirche St. Martin Seuzach<\/div><\/a><\/div><div class=\"event_list_item\"><a href=\"https:\/\/www.martin-stefan.ch\/martin\/veranstaltung\/12632\/\"><div class=\"event_date_text\">Sonntag, 24. Mai 2026, 11.15 Uhr<\/div><div class=\"event_title\">Tauffeier<\/div><div class=\"event_location\">Kirche St. Martin Seuzach<\/div><\/a><\/div><div class=\"event_list_item\"><a href=\"https:\/\/www.martin-stefan.ch\/martin\/veranstaltung\/12230\/\"><div class=\"event_date_text\">Dienstag, 26. Mai 2026, 8.30 Uhr<\/div><div class=\"event_title\">Eucharistiefeier (BA)<\/div><div class=\"event_location\">Kirche St. Martin Seuzach<\/div><\/a><\/div><div class=\"event_list_item\"><a href=\"https:\/\/www.martin-stefan.ch\/martin\/veranstaltung\/12283\/\"><div class=\"event_date_text\">Dienstag, 26. Mai 2026, 9.00 Uhr<\/div><div class=\"event_title\">Rosenkranz<\/div><div class=\"event_location\">Kirche St. Martin Seuzach<\/div><\/a><\/div><div class=\"event_list_item\"><a href=\"https:\/\/www.martin-stefan.ch\/martin\/veranstaltung\/13106\/\"><div class=\"event_date_text\">Donnerstag, 28. Mai 2026, 19.00 Uhr<\/div><div class=\"event_title\">Maiandacht des Seelsorgeraumes<\/div><div class=\"event_location\">Kirche St. Georg Elgg<\/div><\/a><\/div><div class=\"event_list_item\"><a href=\"https:\/\/www.martin-stefan.ch\/martin\/veranstaltung\/12122\/\"><div class=\"event_date_text\">Samstag, 30. Mai 2026, 18.00 Uhr<\/div><div class=\"event_title\">Wort-\/ Kommunionfeier (EJ)<\/div><div class=\"event_location\">Kirche St. Martin Seuzach<\/div><\/a><\/div><div class=\"event_list_item\"><a href=\"https:\/\/www.martin-stefan.ch\/martin\/veranstaltung\/12173\/\"><div class=\"event_date_text\">Sonntag, 31. Mai 2026, 10.00 Uhr<\/div><div class=\"event_title\">KEINE Eucharistiefeier<\/div><div class=\"event_location\">Kirche St. Martin Seuzach<\/div><\/a><\/div><div class=\"event_list_item\"><a href=\"https:\/\/www.martin-stefan.ch\/martin\/veranstaltung\/13363\/\"><div class=\"event_date_text\">Sonntag, 31. Mai 2026, 10.30 Uhr<\/div><div class=\"event_title\">Gottesdienst zum Abschluss des Bistumsjahres<\/div><div class=\"event_location\">Bahnhofhalle Z\u00fcrich HB<\/div><\/a><\/div><div class=\"event_list_item\"><a href=\"https:\/\/www.martin-stefan.ch\/martin\/veranstaltung\/12231\/\"><div class=\"event_date_text\">Dienstag, 2. Juni 2026, 8.30 Uhr<\/div><div class=\"event_title\">KEINE Eucharistiefeier<\/div><div class=\"event_location\">Kirche St. Martin Seuzach<\/div><\/a><\/div><div class=\"event_list_item\"><a href=\"https:\/\/www.martin-stefan.ch\/martin\/veranstaltung\/12284\/\"><div class=\"event_date_text\">Dienstag, 2. Juni 2026, 8.30 Uhr<\/div><div class=\"event_title\">Rosenkranz<\/div><div class=\"event_location\">Kirche St. Martin Seuzach<\/div><\/a><\/div><div class=\"event_list_item\"><a href=\"https:\/\/www.martin-stefan.ch\/martin\/veranstaltung\/12483\/\"><div class=\"event_date_text\">Samstag, 6. Juni 2026, 10.00 Uhr<\/div><div class=\"event_title\">Fiire mit de Chliine<\/div><div class=\"event_location\">ref. Kirche Seuzach<\/div><\/a><\/div><div class=\"event_list_item\"><a href=\"https:\/\/www.martin-stefan.ch\/martin\/veranstaltung\/12123\/\"><div class=\"event_date_text\">Samstag, 6. Juni 2026, 18.00 Uhr<\/div><div class=\"event_title\">Wort-\/ Kommunionfeier (KC)<\/div><div class=\"event_location\">Kirche St. Martin Seuzach<\/div><\/a><\/div><div class=\"event_list_item\"><a href=\"https:\/\/www.martin-stefan.ch\/martin\/veranstaltung\/12174\/\"><div class=\"event_date_text\">Sonntag, 7. Juni 2026, 10.00 Uhr<\/div><div class=\"event_title\">Wort-\/ Kommunionfeier (KC)<\/div><div class=\"event_location\">Kirche St. Martin Seuzach<\/div><\/a><\/div><div class=\"event_list_item\"><a href=\"https:\/\/www.martin-stefan.ch\/martin\/veranstaltung\/12232\/\"><div class=\"event_date_text\">Dienstag, 9. Juni 2026, 8.30 Uhr<\/div><div class=\"event_title\">Eucharistiefeier (BA)<\/div><div class=\"event_location\">Kirche St. Martin Seuzach<\/div><\/a><\/div><div class=\"event_list_item\"><a href=\"https:\/\/www.martin-stefan.ch\/martin\/veranstaltung\/12285\/\"><div class=\"event_date_text\">Dienstag, 9. Juni 2026, 9.00 Uhr<\/div><div class=\"event_title\">Rosenkranz<\/div><div class=\"event_location\">Kirche St. Martin Seuzach<\/div><\/a><\/div><div class=\"event_list_item\"><a href=\"https:\/\/www.martin-stefan.ch\/martin\/veranstaltung\/12124\/\"><div class=\"event_date_text\">Samstag, 13. Juni 2026, 18.00 Uhr<\/div><div class=\"event_title\">Eucharistiefeier (BA)<\/div><div class=\"event_location\">Kirche St. Martin Seuzach<\/div><\/a><\/div><div class=\"event_list_item\"><a href=\"https:\/\/www.martin-stefan.ch\/martin\/veranstaltung\/12175\/\"><div class=\"event_date_text\">Sonntag, 14. Juni 2026, 10.00 Uhr<\/div><div class=\"event_title\">Familiengottesdienst mit HGU- und Erstkommunionkindern (BA\/CC)<\/div><div class=\"event_location\">Kirche St. Martin Seuzach<\/div><\/a><\/div><div class=\"event_list_item\"><a href=\"https:\/\/www.martin-stefan.ch\/martin\/veranstaltung\/12233\/\"><div class=\"event_date_text\">Dienstag, 16. Juni 2026, 8.30 Uhr<\/div><div class=\"event_title\">Eucharistiefeier (BA)<\/div><div class=\"event_location\">Kirche St. Martin Seuzach<\/div><\/a><\/div><div class=\"event_list_item\"><a href=\"https:\/\/www.martin-stefan.ch\/martin\/veranstaltung\/12286\/\"><div class=\"event_date_text\">Dienstag, 16. Juni 2026, 9.00 Uhr<\/div><div class=\"event_title\">Rosenkranz<\/div><div class=\"event_location\">Kirche St. Martin Seuzach<\/div><\/a><\/div><div class=\"event_list_item\"><a href=\"https:\/\/www.martin-stefan.ch\/martin\/veranstaltung\/12125\/\"><div class=\"event_date_text\">Samstag, 20. Juni 2026, 18.00 Uhr<\/div><div class=\"event_title\">Eucharistiefeier zum Abschluss des Vers\u00f6hnungswegs (BA\/MH)<\/div><div class=\"event_location\">Kirche St. Martin Seuzach<\/div><\/a><\/div><div class=\"event_list_item\"><a href=\"https:\/\/www.martin-stefan.ch\/martin\/veranstaltung\/12176\/\"><div class=\"event_date_text\">Sonntag, 21. Juni 2026, 10.00 Uhr<\/div><div class=\"event_title\">keine Eucharistiefeier<\/div><div class=\"event_location\">Kirche St. Martin Seuzach<\/div><\/a><\/div><div class=\"event_list_item\"><a href=\"https:\/\/www.martin-stefan.ch\/martin\/veranstaltung\/12234\/\"><div class=\"event_date_text\">Dienstag, 23. Juni 2026, 8.30 Uhr<\/div><div class=\"event_title\">Eucharistiefeier (BA)<\/div><div class=\"event_location\">Kirche St. Martin Seuzach<\/div><\/a><\/div><div class=\"event_list_item\"><a href=\"https:\/\/www.martin-stefan.ch\/martin\/veranstaltung\/12287\/\"><div class=\"event_date_text\">Dienstag, 23. Juni 2026, 9.00 Uhr<\/div><div class=\"event_title\">Rosenkranz<\/div><div class=\"event_location\">Kirche St. Martin Seuzach<\/div><\/a><\/div><\/div>","protected":false},"excerpt":{"rendered":"<p>Im Gottesdienst kommen wir zusammen, um uns mit allen Facetten unseres pers\u00f6nlichen [&hellip;]<\/p>\n","protected":false},"author":1,"featured_media":0,"parent":18,"menu_order":0,"comment_status":"closed","ping_status":"closed","template":"","meta":{"_genesis_hide_title":false,"_genesis_hide_breadcrumbs":false,"_genesis_hide_singular_image":false,"_genesis_hide_footer_widgets":false,"_genesis_custom_body_class":"","_genesis_custom_post_class":"","_genesis_layout":"","_expiration-date-status":"","_expiration-date":0,"_expiration-date-type":"","_expiration-date-categories":[],"_expiration-date-options":[]},"_links":{"self":[{"href":"https:\/\/www.martin-stefan.ch\/martin\/wp-json\/wp\/v2\/pages\/73"}],"collection":[{"href":"https:\/\/www.martin-stefan.ch\/martin\/wp-json\/wp\/v2\/pages"}],"about":[{"href":"https:\/\/www.martin-stefan.ch\/martin\/wp-json\/wp\/v2\/types\/page"}],"author":[{"embeddable":true,"href":"https:\/\/www.martin-stefan.ch\/martin\/wp-json\/wp\/v2\/users\/1"}],"replies":[{"embeddable":true,"href":"https:\/\/www.martin-stefan.ch\/martin\/wp-json\/wp\/v2\/comments?post=73"}],"version-history":[{"count":3,"href":"https:\/\/www.martin-stefan.ch\/martin\/wp-json\/wp\/v2\/pages\/73\/revisions"}],"predecessor-version":[{"id":6181,"href":"https:\/\/www.martin-stefan.ch\/martin\/wp-json\/wp\/v2\/pages\/73\/revisions\/6181"}],"up":[{"embeddable":true,"href":"https:\/\/www.martin-stefan.ch\/martin\/wp-json\/wp\/v2\/pages\/18"}],"wp:attachment":[{"href":"https:\/\/www.martin-stefan.ch\/martin\/wp-json\/wp\/v2\/media?parent=73"}],"curies":[{"name":"wp","href":"https:\/\/api.w.org\/{rel}","templated":true}]}}