{"id":82,"date":"2018-02-12T10:18:17","date_gmt":"2018-02-12T09:18:42","guid":{"rendered":"http:\/\/martins4.cyon.link\/stefan\/?page_id=82"},"modified":"2020-10-28T09:25:36","modified_gmt":"2020-10-28T08:25:36","slug":"unterricht","status":"publish","type":"page","link":"https:\/\/www.martin-stefan.ch\/martin\/angebote\/unterricht\/","title":{"rendered":"Unterricht"},"content":{"rendered":"<p>Der kirchliche Religionsunterricht, oft \u00abUnti\u00bb genannt, erm\u00f6glicht Kindern und Jugendlichen, mit dem christlichen Glauben vertraut zu werden und Wurzeln zu schlagen. Er erg\u00e4nzt die religi\u00f6se Erziehung in der Familie.<\/p>\n<p>Neben dem schulischen Fach \u00abReligion und Kultur\u00bb werden die Sch\u00fclerinnen und Sch\u00fcler im pfarreilichen Unterricht angeleitet und begleitet, um von ihrem christlichen, katholischen Glauben zu erfahren. Sie setzen sich mit ihm auseinander, lernen Ausdrucksformen kennen und erfahren lebendige, christliche Gemeinschaft. So wachsen sie in den Glauben hinein \u2013 und dies in zeitgem\u00e4sser Art und mit Methoden, die dem Alter der Kinder und Jugendlichen entsprechen. Familiengottesdienste mit anschliessendem Chilekafi lassen sie die Gemeinschaft in der Pfarrei mit jung und alt erleben.<\/p>\n<br \/><div class=\"event_list_wrapper\"><h4>N\u00e4chste Daten<\/h4><div class=\"event_list_item\"><a href=\"https:\/\/www.martin-stefan.ch\/martin\/veranstaltung\/12055\/\"><div class=\"event_date_text\">Dienstag, 21. April 2026, 10.00 Uhr<\/div><div class=\"event_title\">Firmreise Salzburg<\/div><div class=\"event_location\">Salzburg<\/div><\/a><\/div><div class=\"event_list_item\"><a href=\"https:\/\/www.martin-stefan.ch\/martin\/veranstaltung\/12387\/\"><div class=\"event_date_text\">Montag, 4. Mai 2026, 15.30 Uhr<\/div><div class=\"event_title\">5. Klasse Religionsunterricht<\/div><div class=\"event_location\">Pfarreizentrum St. Martin Seuzach, grosses Sitzungszimmer<\/div><\/a><\/div><div class=\"event_list_item\"><a href=\"https:\/\/www.martin-stefan.ch\/martin\/veranstaltung\/13373\/\"><div class=\"event_date_text\">Montag, 4. Mai 2026, 19.30 Uhr<\/div><div class=\"event_title\">Elterninfoanlass Oberstufe<\/div><div class=\"event_location\">Pfarreizentrum St. Stefan Wiesendangen<\/div><\/a><\/div><div class=\"event_list_item\"><a href=\"https:\/\/www.martin-stefan.ch\/martin\/veranstaltung\/12457\/\"><div class=\"event_date_text\">Mittwoch, 6. Mai 2026, 12.15 Uhr<\/div><div class=\"event_title\">Hauptprobe Erstkommunion<\/div><div class=\"event_location\">Kirche St. Martin Seuzach<\/div><\/a><\/div><div class=\"event_list_item\"><a href=\"https:\/\/www.martin-stefan.ch\/martin\/veranstaltung\/12601\/\"><div class=\"event_date_text\">Donnerstag, 7. Mai 2026, 15.30 Uhr<\/div><div class=\"event_title\">4. Klasse Religionsunterricht LL<\/div><div class=\"event_location\">Pfarreizentrum St. Martin Seuzach, kleines Sitzungszimmer<\/div><\/a><\/div><div class=\"event_list_item\"><a href=\"https:\/\/www.martin-stefan.ch\/martin\/veranstaltung\/12444\/\"><div class=\"event_date_text\">Freitag, 8. Mai 2026, 15.30 Uhr<\/div><div class=\"event_title\">6. Klasse Religionsunterricht<\/div><div class=\"event_location\">Pfarreizentrum St. Martin Seuzach, grosses Sitzungszimmer<\/div><\/a><\/div><div class=\"event_list_item\"><a href=\"https:\/\/www.martin-stefan.ch\/martin\/veranstaltung\/12370\/\"><div class=\"event_date_text\">Montag, 11. Mai 2026, 15.30 Uhr<\/div><div class=\"event_title\">4. Klasse Religionsunterricht<\/div><div class=\"event_location\">Pfarreizentrum St. Martin Seuzach, grosses Sitzungszimmer<\/div><\/a><\/div><div class=\"event_list_item\"><a href=\"https:\/\/www.martin-stefan.ch\/martin\/veranstaltung\/12409\/\"><div class=\"event_date_text\">Dienstag, 12. Mai 2026, 15.30 Uhr<\/div><div class=\"event_title\">6. Klasse Religionsunterricht<\/div><div class=\"event_location\">Pfarreizentrum St. Martin Seuzach, grosses Sitzungszimmer<\/div><\/a><\/div><div class=\"event_list_item\"><a href=\"https:\/\/www.martin-stefan.ch\/martin\/veranstaltung\/11680\/\"><div class=\"event_date_text\">Dienstag, 12. Mai 2026, 19.00 Uhr<\/div><div class=\"event_title\">Firmweg II: Probe<\/div><div class=\"event_location\">Kirche St. Martin Seuzach<\/div><\/a><\/div><div class=\"event_list_item\"><a href=\"https:\/\/www.martin-stefan.ch\/martin\/veranstaltung\/11679\/\"><div class=\"event_date_text\">Donnerstag, 14. Mai 2026, 16.00 Uhr<\/div><div class=\"event_title\">Firmweg II: Deko<\/div><div class=\"event_location\">Kirche St. Martin Seuzach<\/div><\/a><\/div><div class=\"event_list_item\"><a href=\"https:\/\/www.martin-stefan.ch\/martin\/veranstaltung\/11681\/\"><div class=\"event_date_text\">Freitag, 15. Mai 2026, 18.30 Uhr<\/div><div class=\"event_title\">Firmweg II: Firmznacht\/Generalprobe<\/div><div class=\"event_location\">Saal<\/div><\/a><\/div><div class=\"event_list_item\"><a href=\"https:\/\/www.martin-stefan.ch\/martin\/veranstaltung\/11702\/\"><div class=\"event_date_text\">Samstag, 16. Mai 2026, 16.00 Uhr<\/div><div class=\"event_title\">Firmung (Generalvikar Luis Varandas)<\/div><div class=\"event_location\">Kirche St. Martin Seuzach<\/div><\/a><\/div><div class=\"event_list_item\"><a href=\"https:\/\/www.martin-stefan.ch\/martin\/veranstaltung\/12388\/\"><div class=\"event_date_text\">Montag, 18. Mai 2026, 15.30 Uhr<\/div><div class=\"event_title\">5. Klasse Religionsunterricht<\/div><div class=\"event_location\">Pfarreizentrum St. Martin Seuzach, grosses Sitzungszimmer<\/div><\/a><\/div><div class=\"event_list_item\"><a href=\"https:\/\/www.martin-stefan.ch\/martin\/veranstaltung\/11775\/\"><div class=\"event_date_text\">Mittwoch, 20. Mai 2026, 14.00 Uhr<\/div><div class=\"event_title\">Unterricht 3. Klasse<\/div><div class=\"event_location\">Saal<\/div><\/a><\/div><div class=\"event_list_item\"><a href=\"https:\/\/www.martin-stefan.ch\/martin\/veranstaltung\/12428\/\"><div class=\"event_date_text\">Donnerstag, 21. Mai 2026, 15.30 Uhr<\/div><div class=\"event_title\">6. Klasse Religionsunterricht<\/div><div class=\"event_location\">Pfarreizentrum St. Martin Seuzach, grosses Sitzungszimmer<\/div><\/a><\/div><div class=\"event_list_item\"><a href=\"https:\/\/www.martin-stefan.ch\/martin\/veranstaltung\/12602\/\"><div class=\"event_date_text\">Donnerstag, 21. Mai 2026, 15.30 Uhr<\/div><div class=\"event_title\">4. Klasse Religionsunterricht LL<\/div><div class=\"event_location\">Pfarreizentrum St. Martin Seuzach, kleines Sitzungszimmer<\/div><\/a><\/div><div class=\"event_list_item\"><a href=\"https:\/\/www.martin-stefan.ch\/martin\/veranstaltung\/12410\/\"><div class=\"event_date_text\">Dienstag, 26. Mai 2026, 15.30 Uhr<\/div><div class=\"event_title\">6. Klasse Religionsunterricht<\/div><div class=\"event_location\">Pfarreizentrum St. Martin Seuzach, grosses Sitzungszimmer<\/div><\/a><\/div><div class=\"event_list_item\"><a href=\"https:\/\/www.martin-stefan.ch\/martin\/veranstaltung\/11689\/\"><div class=\"event_date_text\">Dienstag, 26. Mai 2026, 19.00 Uhr<\/div><div class=\"event_title\">Firmweg I: Gruppe I<\/div><div class=\"event_location\">Saal<\/div><\/a><\/div><div class=\"event_list_item\"><a href=\"https:\/\/www.martin-stefan.ch\/martin\/veranstaltung\/11694\/\"><div class=\"event_date_text\">Mittwoch, 27. Mai 2026, 19.00 Uhr<\/div><div class=\"event_title\">Firmweg I: Gruppe II<\/div><div class=\"event_location\">Saal<\/div><\/a><\/div><div class=\"event_list_item\"><a href=\"https:\/\/www.martin-stefan.ch\/martin\/veranstaltung\/12445\/\"><div class=\"event_date_text\">Freitag, 29. Mai 2026, 15.30 Uhr<\/div><div class=\"event_title\">6. Klasse Religionsunterricht<\/div><div class=\"event_location\">Pfarreizentrum St. Martin Seuzach, grosses Sitzungszimmer<\/div><\/a><\/div><div class=\"event_list_item\"><a href=\"https:\/\/www.martin-stefan.ch\/martin\/veranstaltung\/12371\/\"><div class=\"event_date_text\">Montag, 1. Juni 2026, 15.30 Uhr<\/div><div class=\"event_title\">4. Klasse Religionsunterricht<\/div><div class=\"event_location\">Pfarreizentrum St. Martin Seuzach, grosses Sitzungszimmer<\/div><\/a><\/div><div class=\"event_list_item\"><a href=\"https:\/\/www.martin-stefan.ch\/martin\/veranstaltung\/11696\/\"><div class=\"event_date_text\">Montag, 1. Juni 2026, 20.00 Uhr<\/div><div class=\"event_title\">Firmweg II: Infoabend zur Firmung 2026\/27<\/div><div class=\"event_location\">Saal<\/div><\/a><\/div><div class=\"event_list_item\"><a href=\"https:\/\/www.martin-stefan.ch\/martin\/veranstaltung\/11776\/\"><div class=\"event_date_text\">Mittwoch, 3. Juni 2026, 14.00 Uhr<\/div><div class=\"event_title\">Unterricht 3. Klasse<\/div><div class=\"event_location\">Saal<\/div><\/a><\/div><div class=\"event_list_item\"><a href=\"https:\/\/www.martin-stefan.ch\/martin\/veranstaltung\/12429\/\"><div class=\"event_date_text\">Donnerstag, 4. Juni 2026, 15.30 Uhr<\/div><div class=\"event_title\">6. Klasse Religionsunterricht<\/div><div class=\"event_location\">Pfarreizentrum St. Martin Seuzach, grosses Sitzungszimmer<\/div><\/a><\/div><div class=\"event_list_item\"><a href=\"https:\/\/www.martin-stefan.ch\/martin\/veranstaltung\/12603\/\"><div class=\"event_date_text\">Donnerstag, 4. Juni 2026, 15.30 Uhr<\/div><div class=\"event_title\">4. Klasse Religionsunterricht LL<\/div><div class=\"event_location\">Pfarreizentrum St. Martin Seuzach, kleines Sitzungszimmer<\/div><\/a><\/div><div class=\"event_list_item\"><a href=\"https:\/\/www.martin-stefan.ch\/martin\/veranstaltung\/11695\/\"><div class=\"event_date_text\">Donnerstag, 4. Juni 2026, 18.20 Uhr<\/div><div class=\"event_title\">Firmweg I: Abschlussabend<\/div><div class=\"event_location\">Restaurant Sch\u00fctzenhaus Winterthur<\/div><\/a><\/div><div class=\"event_list_item\"><a href=\"https:\/\/www.martin-stefan.ch\/martin\/veranstaltung\/12389\/\"><div class=\"event_date_text\">Montag, 8. Juni 2026, 15.30 Uhr<\/div><div class=\"event_title\">5. Klasse Religionsunterricht<\/div><div class=\"event_location\">Pfarreizentrum St. Martin Seuzach, grosses Sitzungszimmer<\/div><\/a><\/div><div class=\"event_list_item\"><a href=\"https:\/\/www.martin-stefan.ch\/martin\/veranstaltung\/12411\/\"><div class=\"event_date_text\">Dienstag, 9. Juni 2026, 15.30 Uhr<\/div><div class=\"event_title\">6. Klasse Religionsunterricht<\/div><div class=\"event_location\">Pfarreizentrum St. Martin Seuzach, grosses Sitzungszimmer<\/div><\/a><\/div><div class=\"event_list_item\"><a href=\"https:\/\/www.martin-stefan.ch\/martin\/veranstaltung\/12446\/\"><div class=\"event_date_text\">Freitag, 12. Juni 2026, 15.30 Uhr<\/div><div class=\"event_title\">6. Klasse Religionsunterricht<\/div><div class=\"event_location\">Sitzungszimmer UG Pfarrhaus<\/div><\/a><\/div><div class=\"event_list_item\"><a href=\"https:\/\/www.martin-stefan.ch\/martin\/veranstaltung\/12175\/\"><div class=\"event_date_text\">Sonntag, 14. Juni 2026, 10.00 Uhr<\/div><div class=\"event_title\">Familiengottesdienst mit HGU- und Erstkommunionkindern (BA\/CC)<\/div><div class=\"event_location\">Kirche St. Martin Seuzach<\/div><\/a><\/div><div class=\"event_list_item\"><a href=\"https:\/\/www.martin-stefan.ch\/martin\/veranstaltung\/12545\/\"><div class=\"event_date_text\">Donnerstag, 18. Juni 2026, 17.00 Uhr<\/div><div class=\"event_title\">Anlass 1. Oberstufe<\/div><div class=\"event_location\">Pfarreizentrum St. Stefan Wiesendangen<\/div><\/a><\/div><div class=\"event_list_item\"><a href=\"https:\/\/www.martin-stefan.ch\/martin\/veranstaltung\/12125\/\"><div class=\"event_date_text\">Samstag, 20. Juni 2026, 18.00 Uhr<\/div><div class=\"event_title\">Eucharistiefeier zum Abschluss des Vers\u00f6hnungswegs (BA\/MH)<\/div><div class=\"event_location\">Kirche St. Martin Seuzach<\/div><\/a><\/div><div class=\"event_list_item\"><a href=\"https:\/\/www.martin-stefan.ch\/martin\/veranstaltung\/12390\/\"><div class=\"event_date_text\">Montag, 22. Juni 2026, 15.30 Uhr<\/div><div class=\"event_title\">5. Klasse Religionsunterricht<\/div><div class=\"event_location\">Pfarreizentrum St. Martin Seuzach, grosses Sitzungszimmer<\/div><\/a><\/div><div class=\"event_list_item\"><a href=\"https:\/\/www.martin-stefan.ch\/martin\/veranstaltung\/12549\/\"><div class=\"event_date_text\">Mittwoch, 24. Juni 2026, 17.00 Uhr<\/div><div class=\"event_title\">Anlass 2. Oberstufe<\/div><div class=\"event_location\">Pfarreizentrum St. Stefan Wiesendangen<\/div><\/a><\/div><div class=\"event_list_item\"><a href=\"https:\/\/www.martin-stefan.ch\/martin\/veranstaltung\/12555\/\"><div class=\"event_date_text\">Montag, 29. Juni 2026, 17.00 Uhr<\/div><div class=\"event_title\">Anlass 3. Oberstufe<\/div><div class=\"event_location\">Pfarreizentrum St. Stefan Wiesendangen<\/div><\/a><\/div><div class=\"event_list_item\"><a href=\"https:\/\/www.martin-stefan.ch\/martin\/veranstaltung\/12412\/\"><div class=\"event_date_text\">Dienstag, 30. Juni 2026, 15.30 Uhr<\/div><div class=\"event_title\">6. Klasse Religionsunterricht<\/div><div class=\"event_location\">Pfarreizentrum St. Martin Seuzach, grosses Sitzungszimmer<\/div><\/a><\/div><div class=\"event_list_item\"><a href=\"https:\/\/www.martin-stefan.ch\/martin\/veranstaltung\/12604\/\"><div class=\"event_date_text\">Donnerstag, 2. Juli 2026, 15.30 Uhr<\/div><div class=\"event_title\">4. Klasse Religionsunterricht LL<\/div><div class=\"event_location\">Pfarreizentrum St. Martin Seuzach, kleines Sitzungszimmer<\/div><\/a><\/div><div class=\"event_list_item\"><a href=\"https:\/\/www.martin-stefan.ch\/martin\/veranstaltung\/12447\/\"><div class=\"event_date_text\">Freitag, 3. Juli 2026, 15.30 Uhr<\/div><div class=\"event_title\">6. Klasse Religionsunterricht<\/div><div class=\"event_location\">Pfarreizentrum St. Martin Seuzach, grosses Sitzungszimmer<\/div><\/a><\/div><div class=\"event_list_item\"><a href=\"https:\/\/www.martin-stefan.ch\/martin\/veranstaltung\/12178\/\"><div class=\"event_date_text\">Sonntag, 5. Juli 2026, 10.00 Uhr<\/div><div class=\"event_title\">Familiengottesdienst zum Chilef\u00e4scht (BA\/MH)<\/div><div class=\"event_location\">Kirche St. Martin Seuzach<\/div><\/a><\/div><div class=\"event_list_item\"><a href=\"https:\/\/www.martin-stefan.ch\/martin\/veranstaltung\/12188\/\"><div class=\"event_date_text\">Sonntag, 6. September 2026, 10.00 Uhr<\/div><div class=\"event_title\">Firmer\u00f6ffnungsgottesdienst (KC\/FA)<\/div><div class=\"event_location\">Kirche St. Martin Seuzach<\/div><\/a><\/div><div class=\"event_list_item\"><a href=\"https:\/\/www.martin-stefan.ch\/martin\/veranstaltung\/13348\/\"><div class=\"event_date_text\">Donnerstag, 10. September 2026, 19.30 Uhr<\/div><div class=\"event_title\">erster Elternabend 3. Klasse<\/div><div class=\"event_location\">Saal<\/div><\/a><\/div><div class=\"event_list_item\"><a href=\"https:\/\/www.martin-stefan.ch\/martin\/veranstaltung\/12190\/\"><div class=\"event_date_text\">Sonntag, 27. September 2026, 10.00 Uhr<\/div><div class=\"event_title\">Keine Eucharistiefeier<\/div><div class=\"event_location\">Kirche St. Martin Seuzach<\/div><\/a><\/div><div class=\"event_list_item\"><a href=\"https:\/\/www.martin-stefan.ch\/martin\/veranstaltung\/13341\/\"><div class=\"event_date_text\">Mittwoch, 21. Oktober 2026, 12.30 Uhr<\/div><div class=\"event_title\">Probe Krippenspiel 3. Klasse<\/div><div class=\"event_location\">Kirche St. Martin Seuzach<\/div><\/a><\/div><div class=\"event_list_item\"><a href=\"https:\/\/www.martin-stefan.ch\/martin\/veranstaltung\/13339\/\"><div class=\"event_date_text\">Samstag, 31. Oktober 2026, 8.00 Uhr<\/div><div class=\"event_title\">Osteuropahilfe Sammeltag<\/div><div class=\"event_location\">Saal<\/div><\/a><\/div><div class=\"event_list_item\"><a href=\"https:\/\/www.martin-stefan.ch\/martin\/veranstaltung\/13342\/\"><div class=\"event_date_text\">Mittwoch, 18. November 2026, 12.30 Uhr<\/div><div class=\"event_title\">Probe Krippenspiel 3. Klasse<\/div><div class=\"event_location\">Kirche St. Martin Seuzach<\/div><\/a><\/div><div class=\"event_list_item\"><a href=\"https:\/\/www.martin-stefan.ch\/martin\/veranstaltung\/13343\/\"><div class=\"event_date_text\">Mittwoch, 9. Dezember 2026, 12.00 Uhr<\/div><div class=\"event_title\">Probe Krippenspiel 3. Klasse<\/div><div class=\"event_location\">Kirche St. Martin Seuzach<\/div><\/a><\/div><div class=\"event_list_item\"><a href=\"https:\/\/www.martin-stefan.ch\/martin\/veranstaltung\/13355\/\"><div class=\"event_date_text\">Samstag, 6. M\u00e4rz 2027, 9.00 Uhr<\/div><div class=\"event_title\">Erstkommunion Weekend<\/div><div class=\"event_location\">Saal<\/div><\/a><\/div><div class=\"event_list_item\"><a href=\"https:\/\/www.martin-stefan.ch\/martin\/veranstaltung\/13362\/\"><div class=\"event_date_text\">Sonntag, 21. M\u00e4rz 2027, 8.00 Uhr<\/div><div class=\"event_title\">Probe Palmsonntag 5.\/6. Klasse<\/div><div class=\"event_location\">Kirche St. Martin Seuzach<\/div><\/a><\/div><div class=\"event_list_item\"><a href=\"https:\/\/www.martin-stefan.ch\/martin\/veranstaltung\/13340\/\"><div class=\"event_date_text\">Samstag, 3. April 2027, 8.00 Uhr<\/div><div class=\"event_title\">Osteuropahilfe Sammeltag<\/div><div class=\"event_location\">Saal<\/div><\/a><\/div><div class=\"event_list_item\"><a href=\"https:\/\/www.martin-stefan.ch\/martin\/veranstaltung\/13347\/\"><div class=\"event_date_text\">Dienstag, 6. April 2027, 19.30 Uhr<\/div><div class=\"event_title\">Elternabend 3. Klasse<\/div><div class=\"event_location\">Saal<\/div><\/a><\/div><\/div>","protected":false},"excerpt":{"rendered":"<p>Der kirchliche Religionsunterricht, oft \u00abUnti\u00bb genannt, erm\u00f6glicht Kindern und Jugendlichen, mit dem [&hellip;]<\/p>\n","protected":false},"author":1,"featured_media":0,"parent":18,"menu_order":2,"comment_status":"closed","ping_status":"closed","template":"","meta":{"_genesis_hide_title":false,"_genesis_hide_breadcrumbs":false,"_genesis_hide_singular_image":false,"_genesis_hide_footer_widgets":false,"_genesis_custom_body_class":"","_genesis_custom_post_class":"","_genesis_layout":"","_expiration-date-status":"saved","_expiration-date":0,"_expiration-date-type":"","_expiration-date-categories":[],"_expiration-date-options":[]},"_links":{"self":[{"href":"https:\/\/www.martin-stefan.ch\/martin\/wp-json\/wp\/v2\/pages\/82"}],"collection":[{"href":"https:\/\/www.martin-stefan.ch\/martin\/wp-json\/wp\/v2\/pages"}],"about":[{"href":"https:\/\/www.martin-stefan.ch\/martin\/wp-json\/wp\/v2\/types\/page"}],"author":[{"embeddable":true,"href":"https:\/\/www.martin-stefan.ch\/martin\/wp-json\/wp\/v2\/users\/1"}],"replies":[{"embeddable":true,"href":"https:\/\/www.martin-stefan.ch\/martin\/wp-json\/wp\/v2\/comments?post=82"}],"version-history":[{"count":6,"href":"https:\/\/www.martin-stefan.ch\/martin\/wp-json\/wp\/v2\/pages\/82\/revisions"}],"predecessor-version":[{"id":3109,"href":"https:\/\/www.martin-stefan.ch\/martin\/wp-json\/wp\/v2\/pages\/82\/revisions\/3109"}],"up":[{"embeddable":true,"href":"https:\/\/www.martin-stefan.ch\/martin\/wp-json\/wp\/v2\/pages\/18"}],"wp:attachment":[{"href":"https:\/\/www.martin-stefan.ch\/martin\/wp-json\/wp\/v2\/media?parent=82"}],"curies":[{"name":"wp","href":"https:\/\/api.w.org\/{rel}","templated":true}]}}