{"id":85,"date":"2018-02-12T15:30:17","date_gmt":"2018-02-12T14:30:17","guid":{"rendered":"http:\/\/martins4.cyon.link\/stefan\/?page_id=85"},"modified":"2019-10-14T11:40:38","modified_gmt":"2019-10-14T09:40:38","slug":"datenschutz","status":"publish","type":"page","link":"https:\/\/www.martin-stefan.ch\/martin\/datenschutz\/","title":{"rendered":"Impressum &amp; Datenschutzerkl\u00e4rung"},"content":{"rendered":"<div class=\"entry-content\">\n<h4>Inhaltlich verantwortlich<\/h4>\n<p>Kath. Pfarramt St. Martin<br \/>\nReutlingerstrasse 52<br \/>\n8472 Seuzach<\/p>\n<p>T 052 335 33 52<br \/>\n<a href=\"mailto:pfarramt-seuzach@martin-stefan.ch\">E-Mail<\/a><\/p>\n<h4>Design, CMS &amp; Webdevelopment<\/h4>\n<p>Picture-Planet GmbH<br \/>\nGertrudstrasse 17<br \/>\n8400 Winterthur<\/p>\n<p>T 052 551 04 40<br \/>\n<a href=\"mailto:info@picture-planet.ch\">info@picture-planet.ch<\/a><br \/>\n<a href=\"http:\/\/www.picture-planet.ch\" target=\"_blank\" rel=\"noopener noreferrer\">www.picture-planet.ch<\/a><\/p>\n<\/div>\n<p><strong><br \/>\nHaftungsausschluss<\/strong><br \/>\nDie Informationen auf dieser Webseite haben wir nach bestem Wissen und Gewissen zusammengestellt. Wir k\u00f6nnen allerdings keine Gew\u00e4hr hinsichtlich der inhaltlichen Richtigkeit, Genauigkeit, Aktualit\u00e4t und Vollst\u00e4ndigkeit \u00fcbernehmen. Haftungsanspr\u00fcche aufgrund von Sch\u00e4den, die im Zusammenhang mit der Nutzung der ver\u00f6ffentlichten Informationen entstanden sind, werden ausgeschlossen.<\/p>\n<p>&nbsp;<\/p>\n<h2>Datenschutzerkl\u00e4rung<\/h2>\n<p>Der Schutz Ihrer pers\u00f6nlichen Daten ist uns sehr wichtig. Unsere Webseite kann deshalb grunds\u00e4tzlich ohne jede Angabe personenbezogener Daten genutzt werden. F\u00fcr einige Funktionen setzen wir allerdings Technologien ein, die gewisse Daten verarbeiten m\u00fcssen, um ihren Nutzen entfalten zu k\u00f6nnen. Im Folgenden er\u00f6rtern wir diese Dienste und die jeweilige Verwendung der Daten im Einzelnen.<\/p>\n<p><strong>Cookies<\/strong><br \/>\nMit \u00abCookie\u00bb wird eine kleine Textdatei bezeichnet, die direkt auf dem Computer des Benutzers gespeichert wird. Der Inhalt umfasst oft nur eine kurze Zeichenkette, die es unserem Server erlaubt, Sie bei erneutem Besuch wiederzuerkennen, um die Benutzung der Webseite zu erleichtern.<br \/>\nFalls Sie mit der Verwendung von Cookies nicht einverstanden sind, k\u00f6nnen Sie sie in den Einstellungen Ihres Browsers jederzeit ausschalten und bereits bestehende Cookies l\u00f6schen. In diesem Fall sind eventuell nicht alle Funktionen unserer Webseite einwandfrei nutzbar.<\/p>\n<p><strong>Google Fonts und Font Awesome<\/strong><br \/>\nDieser Webauftritt verwendet zur einheitlichen und ansprechenden Darstellung Schriftarten von Google und Fonticons. Damit diese angezeigt werden k\u00f6nnen, holt Ihr Browser sie von den entsprechenden externen Servern ab und \u00fcbermittelt dabei dieselben Nutzungsdaten, wie wenn Sie auf einen Link geklickt h\u00e4tten. Google selbst versichert, dass diese Daten nur f\u00fcr den technischen Betrieb verwendet und nicht mit den Daten Ihres Google-Kontos verkn\u00fcpft werden (https:\/\/developers.google.com\/fonts\/faq). Auch Fonticons achtet sehr auf Datenschutz und hat f\u00fcr die EU und die Schweiz extra eine Kontaktadresse eingerichtet (https:\/\/fontawesome.com\/privacy).<\/p>\n<p><strong>Datenspeicherung und Statistik<br \/>\n<\/strong>Wie bei jeder Verbindung mit einem Webserver protokolliert und speichert der Server unseres Hosting-Partners Cyon in Basel (Schweiz) bestimmte technische Daten. Dazu geh\u00f6ren die IP-Adresse und das Betriebssystem Ihres Ger\u00e4ts, Datum und Zeitpunkt des Zugriffs, die Art des Browsers sowie die Herkunftsseite der Anfrage (Referrer). Dies ist aus technischen Gr\u00fcnden erforderlich, um Ihnen unsere Webseite zur Verf\u00fcgung zu stellen. Ihre Angaben werden dabei stets verschl\u00fcsselt \u00fcbertragen (https). Unser Partner sch\u00fctzt die Daten mit diversen technischen und organisatorischen Massnahmen vor unerlaubten Zugriffen und gibt sie nicht an Dritte weiter.<\/p>\n<p>Zudem wird unsere komplette Website aus Sicherheitsgr\u00fcnden t\u00e4glich auf einen externen Server kopiert (Off-site-Backup). Diese Sicherungskopien werden einige Tage lang separat in einem Tresor aufbewahrt. Sie enthalten unter anderem die gesamte Datenbank inkl. Ihrer pers\u00f6nlichen Daten, sofern diese von uns gespeichert wurden. Die Kopien sind nur f\u00fcr den Provider zug\u00e4nglich und werden nur im Notfall eingesetzt, um nach einem Datenverlust einen fr\u00fcheren Zustand wieder herzustellen.<\/p>\n<p>&nbsp;<\/p>\n","protected":false},"excerpt":{"rendered":"<p>Inhaltlich verantwortlich Kath. Pfarramt St. Martin Reutlingerstrasse 52 8472 Seuzach T 052 [&hellip;]<\/p>\n","protected":false},"author":1,"featured_media":0,"parent":0,"menu_order":12,"comment_status":"closed","ping_status":"closed","template":"","meta":{"_genesis_hide_title":false,"_genesis_hide_breadcrumbs":false,"_genesis_hide_singular_image":false,"_genesis_hide_footer_widgets":false,"_genesis_custom_body_class":"","_genesis_custom_post_class":"","_genesis_layout":"","_expiration-date-status":"saved","_expiration-date":0,"_expiration-date-type":"","_expiration-date-categories":[],"_expiration-date-options":[]},"_links":{"self":[{"href":"https:\/\/www.martin-stefan.ch\/martin\/wp-json\/wp\/v2\/pages\/85"}],"collection":[{"href":"https:\/\/www.martin-stefan.ch\/martin\/wp-json\/wp\/v2\/pages"}],"about":[{"href":"https:\/\/www.martin-stefan.ch\/martin\/wp-json\/wp\/v2\/types\/page"}],"author":[{"embeddable":true,"href":"https:\/\/www.martin-stefan.ch\/martin\/wp-json\/wp\/v2\/users\/1"}],"replies":[{"embeddable":true,"href":"https:\/\/www.martin-stefan.ch\/martin\/wp-json\/wp\/v2\/comments?post=85"}],"version-history":[{"count":6,"href":"https:\/\/www.martin-stefan.ch\/martin\/wp-json\/wp\/v2\/pages\/85\/revisions"}],"predecessor-version":[{"id":2382,"href":"https:\/\/www.martin-stefan.ch\/martin\/wp-json\/wp\/v2\/pages\/85\/revisions\/2382"}],"wp:attachment":[{"href":"https:\/\/www.martin-stefan.ch\/martin\/wp-json\/wp\/v2\/media?parent=85"}],"curies":[{"name":"wp","href":"https:\/\/api.w.org\/{rel}","templated":true}]}}