{"id":144,"date":"2018-02-12T16:40:24","date_gmt":"2018-02-12T15:40:24","guid":{"rendered":"http:\/\/martins4.cyon.link\/stefan\/?page_id=144"},"modified":"2024-12-10T09:00:12","modified_gmt":"2024-12-10T08:00:12","slug":"kirchenchor-cantus-sanctus","status":"publish","type":"page","link":"https:\/\/www.martin-stefan.ch\/stefan\/angebote\/musik-konzerte\/kirchenchor-cantus-sanctus\/","title":{"rendered":"Kirchenchor Cantus Sanctus"},"content":{"rendered":"<p>Der Kirchenchor Cantus Sanctus wurde 1966 gegr\u00fcndet und z\u00e4hlt zurzeit ca. 30 motivierte S\u00e4ngerinnen und S\u00e4nger. Seit 2002 nennen wir uns Cantus Sanctus.\u00a0 Je nach Programm und Einsatz suchen wir immer wieder neue oder ehemalige Singfreudige. In unserem Chor ist jede und jeder, unabh\u00e4ngig der Konfessionszugeh\u00f6rigkeit, herzlich willkommen! Auch Interessentinnen und Interessenten, welche sicher sind, nicht singen zu k\u00f6nnen, finden bei uns einen Platz! Melden Sie sich einfach unter info@cantus-sanctus.com<\/p>\n<p>Unser Dirigent ist stets bem\u00fcht, ein dem Chor und den Gottesdiensten angepasstes Programm zusammenzustellen, welches fordert, aber trotzdem Freude bereitet.<\/p>\n<p>Unsere Aufgaben sind wie erw\u00e4hnt Eins\u00e4tze in Gottesdiensten im Einzugsgebiet der Kirchgemeinde, zum Beispiel an Ostern, zur Firmung oder zum Patrozinium. Dazu kommen auch Einladungen von ausw\u00e4rts und Chorreisen, welche uns schon in viele sch\u00f6ne Kirchen gef\u00fchrt haben.\u00a0 (z.B. Einsiedeln, Engelberg Disentis usw.).<\/p>\n<p>Die Chorproben finden donnerstags von 20.00 bis 21.45 Uhr statt, im ersten Halbjahr in der Kirche St. Martin in Seuzach, im zweiten Halbjahr in der Kirche St. Stefan in Wiesendangen.<\/p>\n<p><strong>Im 2026 ist es soweit:<\/strong><\/p>\n<p><img loading=\"lazy\" class=\"alignnone size-full wp-image-4536\" src=\"https:\/\/www.martin-stefan.ch\/stefan\/wp-content\/uploads\/sites\/3\/2024\/12\/Cantus-Sanctus-Jubilaeum.png\" alt=\"\" width=\"251\" height=\"228\" \/><\/p>\n<hr \/>\n<p>Weitere Informationen zum Chor finden Sie auf seiner Homepage:<br \/>\n<a class=\"external-link-new-window\" href=\"http:\/\/www.cantus-sanctus.com\" target=\"_blank\" rel=\"noopener noreferrer\">www.cantus-sanctus.com<\/a><\/p>\n","protected":false},"excerpt":{"rendered":"<p>Der Kirchenchor Cantus Sanctus wurde 1966 gegr\u00fcndet und z\u00e4hlt zurzeit ca. 30 [&hellip;]<\/p>\n","protected":false},"author":1,"featured_media":0,"parent":98,"menu_order":2,"comment_status":"closed","ping_status":"closed","template":"","meta":{"_genesis_hide_title":false,"_genesis_hide_breadcrumbs":false,"_genesis_hide_singular_image":false,"_genesis_hide_footer_widgets":false,"_genesis_custom_body_class":"","_genesis_custom_post_class":"","_genesis_layout":"","_expiration-date-status":"","_expiration-date":0,"_expiration-date-type":"","_expiration-date-categories":[],"_expiration-date-options":[]},"_links":{"self":[{"href":"https:\/\/www.martin-stefan.ch\/stefan\/wp-json\/wp\/v2\/pages\/144"}],"collection":[{"href":"https:\/\/www.martin-stefan.ch\/stefan\/wp-json\/wp\/v2\/pages"}],"about":[{"href":"https:\/\/www.martin-stefan.ch\/stefan\/wp-json\/wp\/v2\/types\/page"}],"author":[{"embeddable":true,"href":"https:\/\/www.martin-stefan.ch\/stefan\/wp-json\/wp\/v2\/users\/1"}],"replies":[{"embeddable":true,"href":"https:\/\/www.martin-stefan.ch\/stefan\/wp-json\/wp\/v2\/comments?post=144"}],"version-history":[{"count":10,"href":"https:\/\/www.martin-stefan.ch\/stefan\/wp-json\/wp\/v2\/pages\/144\/revisions"}],"predecessor-version":[{"id":4537,"href":"https:\/\/www.martin-stefan.ch\/stefan\/wp-json\/wp\/v2\/pages\/144\/revisions\/4537"}],"up":[{"embeddable":true,"href":"https:\/\/www.martin-stefan.ch\/stefan\/wp-json\/wp\/v2\/pages\/98"}],"wp:attachment":[{"href":"https:\/\/www.martin-stefan.ch\/stefan\/wp-json\/wp\/v2\/media?parent=144"}],"curies":[{"name":"wp","href":"https:\/\/api.w.org\/{rel}","templated":true}]}}