{"id":164,"date":"2018-02-12T16:53:42","date_gmt":"2018-02-12T15:53:42","guid":{"rendered":"http:\/\/martins4.cyon.link\/stefan\/?page_id=164"},"modified":"2022-09-14T10:48:00","modified_gmt":"2022-09-14T08:48:00","slug":"taufe","status":"publish","type":"page","link":"https:\/\/www.martin-stefan.ch\/stefan\/was-tun-bei\/taufe\/","title":{"rendered":"Taufe"},"content":{"rendered":"<p><img loading=\"lazy\" class=\"wp-image-816 size-medium alignright\" src=\"http:\/\/www.martin-stefan.ch\/stefan\/wp-content\/uploads\/sites\/3\/2018\/02\/Taufe-300x242.jpg\" alt=\"\" width=\"300\" height=\"242\" srcset=\"https:\/\/www.martin-stefan.ch\/stefan\/wp-content\/uploads\/sites\/3\/2018\/02\/Taufe-300x242.jpg 300w, https:\/\/www.martin-stefan.ch\/stefan\/wp-content\/uploads\/sites\/3\/2018\/02\/Taufe.jpg 322w\" sizes=\"(max-width: 300px) 100vw, 300px\" \/>Gott nimmt jeden Menschen an und liebt ihn. \u00c4usseres Zeichen daf\u00fcr ist die Taufe. Gott schenkt dem T\u00e4ufling neues, g\u00f6ttliches Leben, welches auch den Tod \u00fcberlebt. Aber nicht Gott braucht dieses Zeichen, sondern der Mensch. Darum wurde im Fr\u00fchling 2007 von Rom offiziell der so genannte Vorhimmel (limbus puerorum) abgeschafft, in den laut fr\u00fcherer Lehre ungetaufte Kinder nach ihrem Tod kommen sollten. Auch der ungetaufte Mensch ist Kind Gottes.<br \/>\nF\u00fcr die Gemeinschaft der Kirche ist die Taufe das Sakrament der Aufnahme des Menschen in diese Kirche.<\/p>\n<p>Zur Zeit Jesu gab es die Taufe in unserem Sinn noch nicht. Johannes der T\u00e4ufer rief auf zur Umkehr. Seine Taufe war eine Busstaufe, ein Zeichen daf\u00fcr, dass der Mensch sich von der S\u00fcnde abwenden und sein Leben neu auf Gott ausrichten wollte.<br \/>\nErst gegen Ende des ersten Jahrhunderts entwickelte sich die Taufe auf den dreifaltigen Gott als Aufnahme in die Kirche. Anlass dazu gab der \u00abTaufbefehl\u00bb am Ende des Matth\u00e4us-Evangeliums, in dem Jesus seinen J\u00fcngern den Auftrag gibt, in die Welt hinaus zu gehen, die Menschen zu taufen und sie zu lehren.<\/p>\n<p>Bei der heutigen Zeremonie giesst der Taufende dem T\u00e4ufling das Taufwasser drei Mal in Form eines Kreuzes \u00fcber die Stirn und sagt dazu: \u00abName, ich taufe dich im Namen des Vaters und des Sohnes und des Heiligen Geistes. Amen.\u00bb<\/p>\n<p>Die Taufe ist das erste der sieben Sakramente und die Voraussetzung f\u00fcr den Empfang aller anderen.<\/p>\n<hr \/>\n<h3>Mehr Infos<\/h3>\n<p><a href=\"http:\/\/www.martin-stefan.ch\/stefan\/wp-content\/uploads\/sites\/3\/2018\/02\/Taufe_Wd.pdf\" target=\"_blank\" rel=\"noopener noreferrer\">Taufe<\/a><br \/>\n<a href=\"http:\/\/www.martin-stefan.ch\/stefan\/wp-content\/uploads\/sites\/3\/2018\/02\/Erwachsenentaufe-beide.pdf\" target=\"_blank\" rel=\"noopener noreferrer\">Erwachsenentaufe<\/a><br \/>\n<a href=\"http:\/\/www.martin-stefan.ch\/stefan\/wp-content\/uploads\/sites\/3\/2018\/02\/Konfessionswechsel_beide.pdf\" target=\"_blank\" rel=\"noopener noreferrer\">Konfessionswechsel<\/a><\/p>\n","protected":false},"excerpt":{"rendered":"<p>Gott nimmt jeden Menschen an und liebt ihn. \u00c4usseres Zeichen daf\u00fcr ist [&hellip;]<\/p>\n","protected":false},"author":1,"featured_media":0,"parent":16,"menu_order":1,"comment_status":"closed","ping_status":"closed","template":"","meta":{"_genesis_hide_title":false,"_genesis_hide_breadcrumbs":false,"_genesis_hide_singular_image":false,"_genesis_hide_footer_widgets":false,"_genesis_custom_body_class":"","_genesis_custom_post_class":"","_genesis_layout":"","_expiration-date-status":"","_expiration-date":0,"_expiration-date-type":"","_expiration-date-categories":[],"_expiration-date-options":[]},"_links":{"self":[{"href":"https:\/\/www.martin-stefan.ch\/stefan\/wp-json\/wp\/v2\/pages\/164"}],"collection":[{"href":"https:\/\/www.martin-stefan.ch\/stefan\/wp-json\/wp\/v2\/pages"}],"about":[{"href":"https:\/\/www.martin-stefan.ch\/stefan\/wp-json\/wp\/v2\/types\/page"}],"author":[{"embeddable":true,"href":"https:\/\/www.martin-stefan.ch\/stefan\/wp-json\/wp\/v2\/users\/1"}],"replies":[{"embeddable":true,"href":"https:\/\/www.martin-stefan.ch\/stefan\/wp-json\/wp\/v2\/comments?post=164"}],"version-history":[{"count":15,"href":"https:\/\/www.martin-stefan.ch\/stefan\/wp-json\/wp\/v2\/pages\/164\/revisions"}],"predecessor-version":[{"id":2010,"href":"https:\/\/www.martin-stefan.ch\/stefan\/wp-json\/wp\/v2\/pages\/164\/revisions\/2010"}],"up":[{"embeddable":true,"href":"https:\/\/www.martin-stefan.ch\/stefan\/wp-json\/wp\/v2\/pages\/16"}],"wp:attachment":[{"href":"https:\/\/www.martin-stefan.ch\/stefan\/wp-json\/wp\/v2\/media?parent=164"}],"curies":[{"name":"wp","href":"https:\/\/api.w.org\/{rel}","templated":true}]}}