{"id":211,"date":"2018-02-12T17:34:19","date_gmt":"2018-02-12T16:34:19","guid":{"rendered":"http:\/\/martins4.cyon.link\/stefan\/?page_id=211"},"modified":"2022-09-14T10:47:59","modified_gmt":"2022-09-14T08:47:59","slug":"chilewerkstatt","status":"publish","type":"page","link":"https:\/\/www.martin-stefan.ch\/stefan\/angebote\/gruppen\/chilewerkstatt\/","title":{"rendered":"Chilewerkstatt"},"content":{"rendered":"<p><img loading=\"lazy\" class=\"alignright wp-image-813 size-medium\" src=\"http:\/\/www.martin-stefan.ch\/stefan\/wp-content\/uploads\/sites\/3\/2018\/02\/20171130_080824-300x169.jpg\" alt=\"\" width=\"300\" height=\"169\" srcset=\"https:\/\/www.martin-stefan.ch\/stefan\/wp-content\/uploads\/sites\/3\/2018\/02\/20171130_080824-300x169.jpg 300w, https:\/\/www.martin-stefan.ch\/stefan\/wp-content\/uploads\/sites\/3\/2018\/02\/20171130_080824-768x432.jpg 768w, https:\/\/www.martin-stefan.ch\/stefan\/wp-content\/uploads\/sites\/3\/2018\/02\/20171130_080824-1024x576.jpg 1024w\" sizes=\"(max-width: 300px) 100vw, 300px\" \/>Stricken, h\u00e4keln, basteln, werken: Jede der interessierten und engagierten Frauen darf im Rahmen der Chilewerkstatt ihren Talenten nachgehen und eigene Anregungen einbringen.<\/p>\n<p><img loading=\"lazy\" class=\"alignright wp-image-814 size-medium\" src=\"http:\/\/www.martin-stefan.ch\/stefan\/wp-content\/uploads\/sites\/3\/2018\/02\/P1030468-300x225.jpg\" alt=\"\" width=\"300\" height=\"225\" srcset=\"https:\/\/www.martin-stefan.ch\/stefan\/wp-content\/uploads\/sites\/3\/2018\/02\/P1030468-300x225.jpg 300w, https:\/\/www.martin-stefan.ch\/stefan\/wp-content\/uploads\/sites\/3\/2018\/02\/P1030468-768x576.jpg 768w, https:\/\/www.martin-stefan.ch\/stefan\/wp-content\/uploads\/sites\/3\/2018\/02\/P1030468-1024x768.jpg 1024w, https:\/\/www.martin-stefan.ch\/stefan\/wp-content\/uploads\/sites\/3\/2018\/02\/P1030468-400x300.jpg 400w\" sizes=\"(max-width: 300px) 100vw, 300px\" \/>Die Chilewerkstatt entstand aus dem Gemeinschaftsprojekt \u00abKirchenwandschmuck\u00bb: Rund 50 Frauen arbeiteten \u00fcber zwei Jahren hinweg an einem Wandbehang zum Thema Sch\u00f6pfung, der heute die Kirche St. Stefan schm\u00fcckt. Bei dieser Arbeit entstanden viele Freundschaften und tolle Kontakte, auf welche die beteiligten Frauen nicht verzichten wollten. Und so gr\u00fcndete man die Chilewerkstatt als Anschlussl\u00f6sung.<\/p>\n<p>Das Ziel der Werkstatt ist es, die gemeinsam hergestellten Artikel zu verkaufen und mit dem Erl\u00f6s dieser Produkte soziale Projekte auf den Philippinen zu unterst\u00fctzen. Das Geld kommt direkt an, ohne Umweg und administrativen Aufwand.<\/p>\n<p>Besuchen Sie uns: Jeden Donnerstag treffen wir uns in der Zeit von 9.00 bis 17.00 Uhr (ausser Schulferien und Adventszeit) im Foyer des Pfarreizentrums St. Stefan in Wiesendangen. Vielleicht haben Sie Lust, uns \u00fcber die Schultern zu schauen oder sogar selbst mitzuhelfen? Wir freuen uns, Sie kennen zu lernen.<\/p>\n<hr \/>\n<p>&nbsp;<\/p>\n<br \/><div class=\"event_list_wrapper\"><h4>N\u00e4chste Daten<\/h4><div class=\"event_list_item\"><a href=\"https:\/\/www.martin-stefan.ch\/stefan\/veranstaltung\/12016\/\"><div class=\"event_date_text\">Donnerstag, 4. Juni 2026, 8.00 Uhr<\/div><div class=\"event_title\">Chilewerkstatt<\/div><div class=\"event_location\">Saal Pfarreizentrum St. Stefan<\/div><\/a><\/div><div class=\"event_list_item\"><a href=\"https:\/\/www.martin-stefan.ch\/stefan\/veranstaltung\/12017\/\"><div class=\"event_date_text\">Donnerstag, 11. Juni 2026, 8.00 Uhr<\/div><div class=\"event_title\">Chilewerkstatt<\/div><div class=\"event_location\">Saal Pfarreizentrum St. Stefan<\/div><\/a><\/div><\/div>","protected":false},"excerpt":{"rendered":"<p>Stricken, h\u00e4keln, basteln, werken: Jede der interessierten und engagierten Frauen darf im [&hellip;]<\/p>\n","protected":false},"author":1,"featured_media":0,"parent":204,"menu_order":2,"comment_status":"closed","ping_status":"closed","template":"","meta":{"_genesis_hide_title":false,"_genesis_hide_breadcrumbs":false,"_genesis_hide_singular_image":false,"_genesis_hide_footer_widgets":false,"_genesis_custom_body_class":"","_genesis_custom_post_class":"","_genesis_layout":"","_expiration-date-status":"","_expiration-date":0,"_expiration-date-type":"","_expiration-date-categories":[],"_expiration-date-options":[]},"_links":{"self":[{"href":"https:\/\/www.martin-stefan.ch\/stefan\/wp-json\/wp\/v2\/pages\/211"}],"collection":[{"href":"https:\/\/www.martin-stefan.ch\/stefan\/wp-json\/wp\/v2\/pages"}],"about":[{"href":"https:\/\/www.martin-stefan.ch\/stefan\/wp-json\/wp\/v2\/types\/page"}],"author":[{"embeddable":true,"href":"https:\/\/www.martin-stefan.ch\/stefan\/wp-json\/wp\/v2\/users\/1"}],"replies":[{"embeddable":true,"href":"https:\/\/www.martin-stefan.ch\/stefan\/wp-json\/wp\/v2\/comments?post=211"}],"version-history":[{"count":9,"href":"https:\/\/www.martin-stefan.ch\/stefan\/wp-json\/wp\/v2\/pages\/211\/revisions"}],"predecessor-version":[{"id":1595,"href":"https:\/\/www.martin-stefan.ch\/stefan\/wp-json\/wp\/v2\/pages\/211\/revisions\/1595"}],"up":[{"embeddable":true,"href":"https:\/\/www.martin-stefan.ch\/stefan\/wp-json\/wp\/v2\/pages\/204"}],"wp:attachment":[{"href":"https:\/\/www.martin-stefan.ch\/stefan\/wp-json\/wp\/v2\/media?parent=211"}],"curies":[{"name":"wp","href":"https:\/\/api.w.org\/{rel}","templated":true}]}}