{"id":213,"date":"2018-02-12T17:34:43","date_gmt":"2018-02-12T16:34:43","guid":{"rendered":"http:\/\/martins4.cyon.link\/stefan\/?page_id=213"},"modified":"2022-09-14T10:47:59","modified_gmt":"2022-09-14T08:47:59","slug":"jugendbegleiter","status":"publish","type":"page","link":"https:\/\/www.martin-stefan.ch\/stefan\/angebote\/gruppen\/jugendbegleiter\/","title":{"rendered":"Jugendbegleiter"},"content":{"rendered":"<p>F\u00fcr den Firmkurs und den Oberstufen-Unterricht braucht es neben den Hauptamtlichen auch junge Erwachsene, die bereits gefirmt sind, und die unterst\u00fctzend und begleitend mitarbeiten.<\/p>\n<p>Im Idealfall k\u00f6nnen sie in pers\u00f6nlichen Gespr\u00e4chen den Jugendlichen helfen, ihren eigenen Glaubensstandpunkt zu finden, indem die Firmbegleiter Denkprozesse und Gespr\u00e4che anregen.<\/p>\n<p>Aktuell haben wir eine Reihe von verl\u00e4sslichen und eindr\u00fccklichen Pers\u00f6nlichkeiten im Kreise der Firmbegleiter, die sich auch untereinander gerne treffen.<\/p>\n<p>Willst Du auch dabei sein?<\/p>\n<p><a href=\"https:\/\/www.martin-stefan.ch\/stefan\/angebote\/unterricht\/firmung-ii-firmkurs\/\" target=\"_blank\" rel=\"noopener noreferrer\">Firmweg II \/ Firmkurs<\/a><\/p>\n","protected":false},"excerpt":{"rendered":"<p>F\u00fcr den Firmkurs und den Oberstufen-Unterricht braucht es neben den Hauptamtlichen auch [&hellip;]<\/p>\n","protected":false},"author":1,"featured_media":0,"parent":204,"menu_order":5,"comment_status":"closed","ping_status":"closed","template":"","meta":{"_genesis_hide_title":false,"_genesis_hide_breadcrumbs":false,"_genesis_hide_singular_image":false,"_genesis_hide_footer_widgets":false,"_genesis_custom_body_class":"","_genesis_custom_post_class":"","_genesis_layout":"","_expiration-date-status":"","_expiration-date":0,"_expiration-date-type":"","_expiration-date-categories":[],"_expiration-date-options":[]},"_links":{"self":[{"href":"https:\/\/www.martin-stefan.ch\/stefan\/wp-json\/wp\/v2\/pages\/213"}],"collection":[{"href":"https:\/\/www.martin-stefan.ch\/stefan\/wp-json\/wp\/v2\/pages"}],"about":[{"href":"https:\/\/www.martin-stefan.ch\/stefan\/wp-json\/wp\/v2\/types\/page"}],"author":[{"embeddable":true,"href":"https:\/\/www.martin-stefan.ch\/stefan\/wp-json\/wp\/v2\/users\/1"}],"replies":[{"embeddable":true,"href":"https:\/\/www.martin-stefan.ch\/stefan\/wp-json\/wp\/v2\/comments?post=213"}],"version-history":[{"count":11,"href":"https:\/\/www.martin-stefan.ch\/stefan\/wp-json\/wp\/v2\/pages\/213\/revisions"}],"predecessor-version":[{"id":1970,"href":"https:\/\/www.martin-stefan.ch\/stefan\/wp-json\/wp\/v2\/pages\/213\/revisions\/1970"}],"up":[{"embeddable":true,"href":"https:\/\/www.martin-stefan.ch\/stefan\/wp-json\/wp\/v2\/pages\/204"}],"wp:attachment":[{"href":"https:\/\/www.martin-stefan.ch\/stefan\/wp-json\/wp\/v2\/media?parent=213"}],"curies":[{"name":"wp","href":"https:\/\/api.w.org\/{rel}","templated":true}]}}