{"id":219,"date":"2018-02-12T17:39:17","date_gmt":"2018-02-12T16:39:55","guid":{"rendered":"http:\/\/martins4.cyon.link\/stefan\/?page_id=219"},"modified":"2023-02-20T16:07:12","modified_gmt":"2023-02-20T15:07:12","slug":"gremien-behoerden","status":"publish","type":"page","link":"https:\/\/www.martin-stefan.ch\/stefan\/ueber-uns\/gremien-behoerden\/","title":{"rendered":"Gremien \/ Beh\u00f6rden"},"content":{"rendered":"<div class=\"col-md-2 default-column hidden-xs\">\n<h2 class=\"middle-container\">Duale Kirchenorganisation<\/h2>\n<\/div>\n<div class=\"col-md-6 default-column\">\n<div id=\"c98\" class=\"csc-default\">\n<p>Das duale System in der Schweiz ist die staatskirchenrechtliche Struktur mit der Legislative (= den Kirchgemeinden und Synoden) und der Exekutive (= Kirchenpflege und Synodalrat) einerseits und dem innerkirchlichen Bereich mit Bistum und Pfarreien anderseits. W\u00e4hrend sich Kantonalkirche und Kirchgemeinden in erster Linie mit verwaltungs- und finanzrechtlichen Aufgaben befassen, gestalten Generalvikariat und Pfarreien das religi\u00f6s-kirchliche Leben.<\/p>\n<p>Das Gesetz \u00fcber das katholische Kirchenwesen vom 7. Juli 1963 fasste erstmals die ganze r\u00f6misch-katholische Bev\u00f6lkerung des Kantons Z\u00fcrich in der r\u00f6misch-katholischen K\u00f6rperschaft zusammen und bildet bis heute die Grundlage f\u00fcr die Aufteilung des Kantonsgebiets in Kirchgemeinden.<\/p>\n<\/div>\n<div id=\"c99\" class=\"csc-default\">\n<div class=\"csc-header csc-header-n1\">\n<div class=\"csc-header csc-header-n1\">\n<h3 class=\"csc-firstHeader\">Kirchgemeinde<\/h3>\n<\/div>\n<p>Die Kirchgemeinde schafft die finanziellen und personellen Voraussetzungen f\u00fcr die Entfaltung des kirchlichen Lebens. Sie erf\u00fcllt \u00f6rtliche und regionale Aufgaben, die nicht ausdr\u00fccklich einem \u00fcbergeordneten Verband \u00fcbertragen sind. Dabei ber\u00fccksichtigt sie die von Synode und Synodalrat erlassenen Richtlinien und Verordnungen. Die Kirchenpflege unterst\u00fctzt die Seelsorgerinnen und Seelsorger und deren Mitarbeiterteam in der Erf\u00fcllung ihrer Aufgaben.<\/p>\n<p>Die katholische Kirchgemeinde ist, wie die politische- oder Schul-Gemeinde, eine Gebietsk\u00f6rperschaft, die innerhalb der verfassungs- und gesetzm\u00e4ssigen Schranken ihre Angelegenheiten selbst ordnet. Sie tut dies \u00fcber ihre Organe: Kirchgemeindeversammlung, die Kirchenpflege und die Rechnungspr\u00fcfungskommission.<\/p>\n<p>Die Kirchenpflege wird durch die Kirchgemeindeversammlung bestellt. Sie tr\u00e4gt zudem die Hauptverantwortung f\u00fcr die Verwaltung der Kirchgemeinde. Die Kirchenpflege besitzt ihren eigenen, selbst\u00e4ndigen Kompetenzbereich. Die von der Kirchgemeindeversammlung im Rahmen ihrer Kompetenz gef\u00e4llten Entscheidungen sind f\u00fcr die kirchlichen Beh\u00f6rden verbindlich.<\/p>\n<hr \/>\n<\/div>\n<p><a href=\"https:\/\/www.martin-stefan.ch\/stefan\/wp-content\/uploads\/sites\/3\/2022\/12\/2022-12-03-Organigramm-detailiert-Kirchgemeinde-Rickenbach-Seuzach.pdf\" target=\"_blank\" rel=\"noopener noreferrer\">Organigramm Kirchgemeinde vom 3. Dezember 2022<\/a><br \/>\n<a href=\"http:\/\/www.martin-stefan.ch\/stefan\/wp-content\/uploads\/sites\/3\/2018\/02\/Leitbild_Kirchgemeinde_klein_def1.pdf\" target=\"_blank\" rel=\"noopener noreferrer\">Leitbild Kirchgemeinde Rickenbach-Seuzach<\/a><br \/>\n<a href=\"https:\/\/www.martin-stefan.ch\/stefan\/wp-content\/uploads\/sites\/3\/2021\/08\/2019-03-19-KGO-Tot-Rev-endg-Form.pdf\" target=\"_blank\" rel=\"noopener noreferrer\">Kirchgemeindeordnung vom 29. November 2018<\/a><br \/>\n<a href=\"http:\/\/www.martin-stefan.ch\/stefan\/wp-content\/uploads\/sites\/3\/2018\/02\/2010_03_21_Geschaeftsordnung1.pdf\" target=\"_blank\" rel=\"noopener noreferrer\">Gesch\u00e4ftsordnung vom 11. M\u00e4rz 2010<\/a><\/p>\n<\/div>\n<div id=\"c100\" class=\"csc-default\">\n<div class=\"csc-header csc-header-n1\"><\/div>\n<p class=\"csc-firstHeader\">\n<\/div>\n<\/div>\n","protected":false},"excerpt":{"rendered":"<p>Duale Kirchenorganisation Das duale System in der Schweiz ist die staatskirchenrechtliche Struktur [&hellip;]<\/p>\n","protected":false},"author":1,"featured_media":0,"parent":12,"menu_order":2,"comment_status":"closed","ping_status":"closed","template":"","meta":{"_genesis_hide_title":false,"_genesis_hide_breadcrumbs":false,"_genesis_hide_singular_image":false,"_genesis_hide_footer_widgets":false,"_genesis_custom_body_class":"","_genesis_custom_post_class":"","_genesis_layout":"","_expiration-date-status":"","_expiration-date":0,"_expiration-date-type":"","_expiration-date-categories":[],"_expiration-date-options":[]},"_links":{"self":[{"href":"https:\/\/www.martin-stefan.ch\/stefan\/wp-json\/wp\/v2\/pages\/219"}],"collection":[{"href":"https:\/\/www.martin-stefan.ch\/stefan\/wp-json\/wp\/v2\/pages"}],"about":[{"href":"https:\/\/www.martin-stefan.ch\/stefan\/wp-json\/wp\/v2\/types\/page"}],"author":[{"embeddable":true,"href":"https:\/\/www.martin-stefan.ch\/stefan\/wp-json\/wp\/v2\/users\/1"}],"replies":[{"embeddable":true,"href":"https:\/\/www.martin-stefan.ch\/stefan\/wp-json\/wp\/v2\/comments?post=219"}],"version-history":[{"count":17,"href":"https:\/\/www.martin-stefan.ch\/stefan\/wp-json\/wp\/v2\/pages\/219\/revisions"}],"predecessor-version":[{"id":3805,"href":"https:\/\/www.martin-stefan.ch\/stefan\/wp-json\/wp\/v2\/pages\/219\/revisions\/3805"}],"up":[{"embeddable":true,"href":"https:\/\/www.martin-stefan.ch\/stefan\/wp-json\/wp\/v2\/pages\/12"}],"wp:attachment":[{"href":"https:\/\/www.martin-stefan.ch\/stefan\/wp-json\/wp\/v2\/media?parent=219"}],"curies":[{"name":"wp","href":"https:\/\/api.w.org\/{rel}","templated":true}]}}