{"id":3007,"date":"2021-07-13T12:03:34","date_gmt":"2021-07-13T10:03:34","guid":{"rendered":"https:\/\/www.martin-stefan.ch\/stefan\/?page_id=3007"},"modified":"2022-09-14T10:47:59","modified_gmt":"2022-09-14T08:47:59","slug":"gruppe-oka-wiesendangen","status":"publish","type":"page","link":"https:\/\/www.martin-stefan.ch\/stefan\/angebote\/gruppen\/gruppe-oka-wiesendangen\/","title":{"rendered":"Gruppe &#8220;OKA&#8221; Wiesendangen"},"content":{"rendered":"<p>Die Gruppe organisiert Anl\u00e4sse wie Chilekafi oder Ap\u00e9ro nach dem Gottesdienst in St. Stefan Wiesendangen sowie das j\u00e4hrlich stattfindende Dankesessen f\u00fcr die Helferinnen und Helfer in Wiesendangen.<\/p>\n<p><img loading=\"lazy\" class=\"wp-image-3010 alignnone\" src=\"https:\/\/www.martin-stefan.ch\/stefan\/wp-content\/uploads\/sites\/3\/2021\/07\/Gruppe-OKA-1024x1024.jpg\" alt=\"\" width=\"324\" height=\"324\" srcset=\"https:\/\/www.martin-stefan.ch\/stefan\/wp-content\/uploads\/sites\/3\/2021\/07\/Gruppe-OKA-1024x1024.jpg 1024w, https:\/\/www.martin-stefan.ch\/stefan\/wp-content\/uploads\/sites\/3\/2021\/07\/Gruppe-OKA-150x150.jpg 150w, https:\/\/www.martin-stefan.ch\/stefan\/wp-content\/uploads\/sites\/3\/2021\/07\/Gruppe-OKA-300x300.jpg 300w, https:\/\/www.martin-stefan.ch\/stefan\/wp-content\/uploads\/sites\/3\/2021\/07\/Gruppe-OKA-768x768.jpg 768w, https:\/\/www.martin-stefan.ch\/stefan\/wp-content\/uploads\/sites\/3\/2021\/07\/Gruppe-OKA.jpg 1660w\" sizes=\"(max-width: 324px) 100vw, 324px\" \/><\/p>\n<hr \/>\n<p>&nbsp;<\/p>\n<br \/>","protected":false},"excerpt":{"rendered":"<p>Die Gruppe organisiert Anl\u00e4sse wie Chilekafi oder Ap\u00e9ro nach dem Gottesdienst in [&hellip;]<\/p>\n","protected":false},"author":3,"featured_media":0,"parent":204,"menu_order":3,"comment_status":"closed","ping_status":"closed","template":"","meta":{"_genesis_hide_title":false,"_genesis_hide_breadcrumbs":false,"_genesis_hide_singular_image":false,"_genesis_hide_footer_widgets":false,"_genesis_custom_body_class":"","_genesis_custom_post_class":"","_genesis_layout":"","_expiration-date-status":"","_expiration-date":0,"_expiration-date-type":"","_expiration-date-categories":[],"_expiration-date-options":[]},"_links":{"self":[{"href":"https:\/\/www.martin-stefan.ch\/stefan\/wp-json\/wp\/v2\/pages\/3007"}],"collection":[{"href":"https:\/\/www.martin-stefan.ch\/stefan\/wp-json\/wp\/v2\/pages"}],"about":[{"href":"https:\/\/www.martin-stefan.ch\/stefan\/wp-json\/wp\/v2\/types\/page"}],"author":[{"embeddable":true,"href":"https:\/\/www.martin-stefan.ch\/stefan\/wp-json\/wp\/v2\/users\/3"}],"replies":[{"embeddable":true,"href":"https:\/\/www.martin-stefan.ch\/stefan\/wp-json\/wp\/v2\/comments?post=3007"}],"version-history":[{"count":2,"href":"https:\/\/www.martin-stefan.ch\/stefan\/wp-json\/wp\/v2\/pages\/3007\/revisions"}],"predecessor-version":[{"id":3089,"href":"https:\/\/www.martin-stefan.ch\/stefan\/wp-json\/wp\/v2\/pages\/3007\/revisions\/3089"}],"up":[{"embeddable":true,"href":"https:\/\/www.martin-stefan.ch\/stefan\/wp-json\/wp\/v2\/pages\/204"}],"wp:attachment":[{"href":"https:\/\/www.martin-stefan.ch\/stefan\/wp-json\/wp\/v2\/media?parent=3007"}],"curies":[{"name":"wp","href":"https:\/\/api.w.org\/{rel}","templated":true}]}}