{"id":3795,"date":"2023-02-03T15:50:59","date_gmt":"2023-02-03T14:50:59","guid":{"rendered":"https:\/\/www.martin-stefan.ch\/stefan\/?page_id=3795"},"modified":"2024-05-24T10:08:26","modified_gmt":"2024-05-24T08:08:26","slug":"pfarreifest","status":"publish","type":"page","link":"https:\/\/www.martin-stefan.ch\/stefan\/angebote\/kind-und-familie\/pfarreifest\/","title":{"rendered":"Pfarreifest"},"content":{"rendered":"<p><img loading=\"lazy\" class=\"alignright wp-image-771 size-medium\" src=\"http:\/\/www.martin-stefan.ch\/stefan\/wp-content\/uploads\/sites\/3\/2018\/02\/DSC01017-300x200.jpg\" alt=\"\" width=\"300\" height=\"200\" srcset=\"https:\/\/www.martin-stefan.ch\/stefan\/wp-content\/uploads\/sites\/3\/2018\/02\/DSC01017-300x200.jpg 300w, https:\/\/www.martin-stefan.ch\/stefan\/wp-content\/uploads\/sites\/3\/2018\/02\/DSC01017-768x512.jpg 768w, https:\/\/www.martin-stefan.ch\/stefan\/wp-content\/uploads\/sites\/3\/2018\/02\/DSC01017.jpg 800w\" sizes=\"(max-width: 300px) 100vw, 300px\" \/>Alle Jahre feiern wir in der zweiten H\u00e4lfte des Monats Juni ein fr\u00f6hliches Fest. F\u00fcr alle ist etwas dabei, ob jung oder alt.<\/p>\n<p><img loading=\"lazy\" class=\"alignright wp-image-772 size-medium\" src=\"http:\/\/www.martin-stefan.ch\/stefan\/wp-content\/uploads\/sites\/3\/2018\/02\/DSC00991-300x200.jpg\" alt=\"\" width=\"300\" height=\"200\" srcset=\"https:\/\/www.martin-stefan.ch\/stefan\/wp-content\/uploads\/sites\/3\/2018\/02\/DSC00991-300x200.jpg 300w, https:\/\/www.martin-stefan.ch\/stefan\/wp-content\/uploads\/sites\/3\/2018\/02\/DSC00991-768x512.jpg 768w, https:\/\/www.martin-stefan.ch\/stefan\/wp-content\/uploads\/sites\/3\/2018\/02\/DSC00991.jpg 800w\" sizes=\"(max-width: 300px) 100vw, 300px\" \/>Wir beginnen mit einem Familiengottesdienst. Danach sind alle zum Ap\u00e9ro und zum Mittagessen eingeladen mit W\u00fcrsten vom Grill und philippinischen K\u00f6stlichkeiten. F\u00fcr die Kinder stehen der Spielbus und Pingpong-Tische bereit.<\/p>\n<br \/><div class=\"event_list_wrapper\"><h4>N\u00e4chste Daten<\/h4><div class=\"event_list_item\"><a href=\"https:\/\/www.martin-stefan.ch\/stefan\/veranstaltung\/11421\/\"><div class=\"event_date_text\">Sonntag, 21. Juni 2026, 11.00 Uhr<\/div><div class=\"event_title\">Pfarreifest<\/div><div class=\"event_location\">Pfarreizentrum St. Stefan Wiesendangen, Foyer<\/div><\/a><\/div><\/div>","protected":false},"excerpt":{"rendered":"<p>Alle Jahre feiern wir in der zweiten H\u00e4lfte des Monats Juni ein [&hellip;]<\/p>\n","protected":false},"author":3,"featured_media":0,"parent":90,"menu_order":4,"comment_status":"closed","ping_status":"closed","template":"","meta":{"_genesis_hide_title":false,"_genesis_hide_breadcrumbs":false,"_genesis_hide_singular_image":false,"_genesis_hide_footer_widgets":false,"_genesis_custom_body_class":"","_genesis_custom_post_class":"","_genesis_layout":"","_expiration-date-status":"","_expiration-date":0,"_expiration-date-type":"","_expiration-date-categories":[],"_expiration-date-options":[]},"_links":{"self":[{"href":"https:\/\/www.martin-stefan.ch\/stefan\/wp-json\/wp\/v2\/pages\/3795"}],"collection":[{"href":"https:\/\/www.martin-stefan.ch\/stefan\/wp-json\/wp\/v2\/pages"}],"about":[{"href":"https:\/\/www.martin-stefan.ch\/stefan\/wp-json\/wp\/v2\/types\/page"}],"author":[{"embeddable":true,"href":"https:\/\/www.martin-stefan.ch\/stefan\/wp-json\/wp\/v2\/users\/3"}],"replies":[{"embeddable":true,"href":"https:\/\/www.martin-stefan.ch\/stefan\/wp-json\/wp\/v2\/comments?post=3795"}],"version-history":[{"count":2,"href":"https:\/\/www.martin-stefan.ch\/stefan\/wp-json\/wp\/v2\/pages\/3795\/revisions"}],"predecessor-version":[{"id":4299,"href":"https:\/\/www.martin-stefan.ch\/stefan\/wp-json\/wp\/v2\/pages\/3795\/revisions\/4299"}],"up":[{"embeddable":true,"href":"https:\/\/www.martin-stefan.ch\/stefan\/wp-json\/wp\/v2\/pages\/90"}],"wp:attachment":[{"href":"https:\/\/www.martin-stefan.ch\/stefan\/wp-json\/wp\/v2\/media?parent=3795"}],"curies":[{"name":"wp","href":"https:\/\/api.w.org\/{rel}","templated":true}]}}