{"id":4693,"date":"2025-06-18T13:07:55","date_gmt":"2025-06-18T11:07:55","guid":{"rendered":"https:\/\/www.martin-stefan.ch\/stefan\/?page_id=4693"},"modified":"2025-12-16T14:22:10","modified_gmt":"2025-12-16T13:22:10","slug":"jugendtreff","status":"publish","type":"page","link":"https:\/\/www.martin-stefan.ch\/stefan\/angebote\/jugendliche\/jugendtreff\/","title":{"rendered":"Jugendtreff"},"content":{"rendered":"<p>Der Jugendtreff bietet Jugendlichen der Mittel- und Oberstufe (4.\u20139. Klasse) jeweils zwei Mal pro Monat die Gelegenheit, sich auszutauschen, zusammen zu spielen, Filme zu schauen, Kochen und vieles mehr \u2026<\/p>\n<p>Ein Leitungsteam aus freiwillig engagierten jungen Erwachsenen aus unserer Kirchgemeinde leitet diese Treffen.<\/p>\n<p>Der Jugendtreff im Pfarreizentrum von St. Stefan in Wiesendangen, ist zu den aufgef\u00fchrten Daten, jeweils von 18.00 bis 22.00 Uhr ge\u00f6ffnet. Die Anl\u00e4sse sind meist kostenlos. Eine Anmeldung ist nicht n\u00f6tig, ausser bei gewissen Angeboten.<\/p>\n<p><a href=\"https:\/\/www.martin-stefan.ch\/stefan\/wp-content\/uploads\/sites\/3\/2025\/12\/Jugendtreff-St.Stefan-2026-Flyer.pdf\">Jugendtreff St.Stefan 2026 Flyer<\/a><\/p>\n<p><a href=\"https:\/\/www.martin-stefan.ch\/stefan\/wp-content\/uploads\/sites\/3\/2025\/12\/Programm-Januar-Dezember-2026.pdf\">Programm Januar &#8211; Dezember 2026<\/a><\/p>\n<br \/><div class=\"event_list_wrapper\"><h4>N\u00e4chste Daten<\/h4><div class=\"event_list_item\"><a href=\"https:\/\/www.martin-stefan.ch\/stefan\/veranstaltung\/11924\/\"><div class=\"event_date_text\">Freitag, 24. April 2026, 18.00 Uhr<\/div><div class=\"event_title\">Jugendtreff<\/div><div class=\"event_location\">Clubraum<\/div><\/a><\/div><div class=\"event_list_item\"><a href=\"https:\/\/www.martin-stefan.ch\/stefan\/veranstaltung\/11925\/\"><div class=\"event_date_text\">Mittwoch, 6. Mai 2026, 18.00 Uhr<\/div><div class=\"event_title\">Jugendtreff<\/div><div class=\"event_location\">Clubraum<\/div><\/a><\/div><div class=\"event_list_item\"><a href=\"https:\/\/www.martin-stefan.ch\/stefan\/veranstaltung\/11926\/\"><div class=\"event_date_text\">Freitag, 22. Mai 2026, 18.00 Uhr<\/div><div class=\"event_title\">Jugendtreff<\/div><div class=\"event_location\">Clubraum<\/div><\/a><\/div><div class=\"event_list_item\"><a href=\"https:\/\/www.martin-stefan.ch\/stefan\/veranstaltung\/11927\/\"><div class=\"event_date_text\">Mittwoch, 3. Juni 2026, 18.00 Uhr<\/div><div class=\"event_title\">Jugendtreff<\/div><div class=\"event_location\">Clubraum<\/div><\/a><\/div><div class=\"event_list_item\"><a href=\"https:\/\/www.martin-stefan.ch\/stefan\/veranstaltung\/11928\/\"><div class=\"event_date_text\">Freitag, 19. Juni 2026, 18.00 Uhr<\/div><div class=\"event_title\">Jugendtreff<\/div><div class=\"event_location\">Clubraum<\/div><\/a><\/div><div class=\"event_list_item\"><a href=\"https:\/\/www.martin-stefan.ch\/stefan\/veranstaltung\/11929\/\"><div class=\"event_date_text\">Sonntag, 21. Juni 2026, 11.00 Uhr<\/div><div class=\"event_title\">Jugendtreff<\/div><div class=\"event_location\">Clubraum<\/div><\/a><\/div><div class=\"event_list_item\"><a href=\"https:\/\/www.martin-stefan.ch\/stefan\/veranstaltung\/11930\/\"><div class=\"event_date_text\">Mittwoch, 1. Juli 2026, 18.00 Uhr<\/div><div class=\"event_title\">Jugendtreff<\/div><div class=\"event_location\">Clubraum<\/div><\/a><\/div><div class=\"event_list_item\"><a href=\"https:\/\/www.martin-stefan.ch\/stefan\/veranstaltung\/11931\/\"><div class=\"event_date_text\">Mittwoch, 12. August 2026, 18.00 Uhr<\/div><div class=\"event_title\">Jugendtreff<\/div><div class=\"event_location\">Clubraum<\/div><\/a><\/div><div class=\"event_list_item\"><a href=\"https:\/\/www.martin-stefan.ch\/stefan\/veranstaltung\/11932\/\"><div class=\"event_date_text\">Freitag, 28. August 2026, 18.00 Uhr<\/div><div class=\"event_title\">Jugendtreff<\/div><div class=\"event_location\">Clubraum<\/div><\/a><\/div><div class=\"event_list_item\"><a href=\"https:\/\/www.martin-stefan.ch\/stefan\/veranstaltung\/11933\/\"><div class=\"event_date_text\">Mittwoch, 9. September 2026, 18.00 Uhr<\/div><div class=\"event_title\">Jugendtreff<\/div><div class=\"event_location\">Clubraum<\/div><\/a><\/div><div class=\"event_list_item\"><a href=\"https:\/\/www.martin-stefan.ch\/stefan\/veranstaltung\/11934\/\"><div class=\"event_date_text\">Freitag, 25. September 2026, 18.00 Uhr<\/div><div class=\"event_title\">Jugendtreff<\/div><div class=\"event_location\">Clubraum<\/div><\/a><\/div><div class=\"event_list_item\"><a href=\"https:\/\/www.martin-stefan.ch\/stefan\/veranstaltung\/11935\/\"><div class=\"event_date_text\">Mittwoch, 7. Oktober 2026, 18.00 Uhr<\/div><div class=\"event_title\">Jugendtreff<\/div><div class=\"event_location\">Clubraum<\/div><\/a><\/div><div class=\"event_list_item\"><a href=\"https:\/\/www.martin-stefan.ch\/stefan\/veranstaltung\/11936\/\"><div class=\"event_date_text\">Freitag, 23. Oktober 2026, 18.00 Uhr<\/div><div class=\"event_title\">Jugendtreff<\/div><div class=\"event_location\">Clubraum<\/div><\/a><\/div><div class=\"event_list_item\"><a href=\"https:\/\/www.martin-stefan.ch\/stefan\/veranstaltung\/11937\/\"><div class=\"event_date_text\">Mittwoch, 4. November 2026, 18.00 Uhr<\/div><div class=\"event_title\">Jugendtreff<\/div><div class=\"event_location\">Clubraum<\/div><\/a><\/div><div class=\"event_list_item\"><a href=\"https:\/\/www.martin-stefan.ch\/stefan\/veranstaltung\/11938\/\"><div class=\"event_date_text\">Freitag, 20. November 2026, 18.00 Uhr<\/div><div class=\"event_title\">Jugendtreff<\/div><div class=\"event_location\">Clubraum<\/div><\/a><\/div><div class=\"event_list_item\"><a href=\"https:\/\/www.martin-stefan.ch\/stefan\/veranstaltung\/11939\/\"><div class=\"event_date_text\">Mittwoch, 2. Dezember 2026, 18.00 Uhr<\/div><div class=\"event_title\">Jugendtreff<\/div><div class=\"event_location\">Clubraum<\/div><\/a><\/div><div class=\"event_list_item\"><a href=\"https:\/\/www.martin-stefan.ch\/stefan\/veranstaltung\/11940\/\"><div class=\"event_date_text\">Freitag, 18. Dezember 2026, 18.00 Uhr<\/div><div class=\"event_title\">Jugendtreff<\/div><div class=\"event_location\">Clubraum<\/div><\/a><\/div><\/div>","protected":false},"excerpt":{"rendered":"<p>Der Jugendtreff bietet Jugendlichen der Mittel- und Oberstufe (4.\u20139. Klasse) jeweils zwei [&hellip;]<\/p>\n","protected":false},"author":1,"featured_media":0,"parent":92,"menu_order":6,"comment_status":"closed","ping_status":"closed","template":"","meta":{"_genesis_hide_title":false,"_genesis_hide_breadcrumbs":false,"_genesis_hide_singular_image":false,"_genesis_hide_footer_widgets":false,"_genesis_custom_body_class":"","_genesis_custom_post_class":"","_genesis_layout":"","_expiration-date-status":"","_expiration-date":0,"_expiration-date-type":"","_expiration-date-categories":[],"_expiration-date-options":[]},"_links":{"self":[{"href":"https:\/\/www.martin-stefan.ch\/stefan\/wp-json\/wp\/v2\/pages\/4693"}],"collection":[{"href":"https:\/\/www.martin-stefan.ch\/stefan\/wp-json\/wp\/v2\/pages"}],"about":[{"href":"https:\/\/www.martin-stefan.ch\/stefan\/wp-json\/wp\/v2\/types\/page"}],"author":[{"embeddable":true,"href":"https:\/\/www.martin-stefan.ch\/stefan\/wp-json\/wp\/v2\/users\/1"}],"replies":[{"embeddable":true,"href":"https:\/\/www.martin-stefan.ch\/stefan\/wp-json\/wp\/v2\/comments?post=4693"}],"version-history":[{"count":7,"href":"https:\/\/www.martin-stefan.ch\/stefan\/wp-json\/wp\/v2\/pages\/4693\/revisions"}],"predecessor-version":[{"id":4849,"href":"https:\/\/www.martin-stefan.ch\/stefan\/wp-json\/wp\/v2\/pages\/4693\/revisions\/4849"}],"up":[{"embeddable":true,"href":"https:\/\/www.martin-stefan.ch\/stefan\/wp-json\/wp\/v2\/pages\/92"}],"wp:attachment":[{"href":"https:\/\/www.martin-stefan.ch\/stefan\/wp-json\/wp\/v2\/media?parent=4693"}],"curies":[{"name":"wp","href":"https:\/\/api.w.org\/{rel}","templated":true}]}}