{"id":96,"date":"2018-02-12T16:33:41","date_gmt":"2018-02-12T15:33:41","guid":{"rendered":"http:\/\/martins4.cyon.link\/stefan\/?page_id=96"},"modified":"2023-07-31T19:06:23","modified_gmt":"2023-07-31T17:06:23","slug":"oekumene","status":"publish","type":"page","link":"https:\/\/www.martin-stefan.ch\/stefan\/angebote\/oekumene\/","title":{"rendered":"\u00d6kumene"},"content":{"rendered":"<p>\u00d6kumenische Gottesdienste und Anl\u00e4sse pr\u00e4gen die Zusammenarbeit der reformierten und katholischen Kirchen. Ohne \u00d6kumene ist das kirchliche Leben im Kanton Z\u00fcrich fast nicht mehr denkbar. So nahe stehen die Schwesterkirchen an der Basis beieinander. Auf gut christliche Art arbeiten wir zusammen, wo es sinnvoll und m\u00f6glich ist.<\/p>\n<p>In den D\u00f6rfern und Orten unserer Pfarrei haben wir ein vielf\u00e4ltiges Angebot an \u00f6kumenischen Gottesdiensten. Und auch viele von unserer Pfarrei und der ortsans\u00e4ssigen reformierten Kirchgemeinde miteinander getragene Anl\u00e4sse. Diese Veranstaltungen werden von den beiden Pfarr\u00e4mtern und unterschiedlichen, gemeinsam besetzten, \u00f6kumenischen Arbeitsgruppen vorbereitet und durchgef\u00fchrt. Das sind unter andern die Weltgebetstags-Teams, das OK Chiletr\u00e4ff, das Frauezmorge-Team, die AG Brot f\u00fcr alle &amp; Fastenopfer, die \u00f6kumenische Gruppe, die Fiire mit de Chliine-\/Chinderchile-Teams und die Alters- bzw. Seniorenkommissionen.<\/p>\n<br \/><div class=\"event_list_wrapper\"><h4>N\u00e4chste Daten<\/h4><div class=\"event_list_item\"><a href=\"https:\/\/www.martin-stefan.ch\/stefan\/veranstaltung\/11976\/\"><div class=\"event_date_text\">Montag, 20. April 2026, 14.30 Uhr<\/div><div class=\"event_title\">\u00f6kum. Andacht Wiesental<\/div><div class=\"event_location\">Zentrum Wiesental, Wiesendangen<\/div><\/a><\/div><div class=\"event_list_item\"><a href=\"https:\/\/www.martin-stefan.ch\/stefan\/veranstaltung\/11857\/\"><div class=\"event_date_text\">Donnerstag, 23. April 2026, 14.00 Uhr<\/div><div class=\"event_title\">Jass- und Spielnachmittag<\/div><div class=\"event_location\">ref. Kirchgemeindehaus Rickenbach<\/div><\/a><\/div><div class=\"event_list_item\"><a href=\"https:\/\/www.martin-stefan.ch\/stefan\/veranstaltung\/11977\/\"><div class=\"event_date_text\">Montag, 4. Mai 2026, 14.30 Uhr<\/div><div class=\"event_title\">\u00f6kum. Andacht Wiesental<\/div><div class=\"event_location\">Zentrum Wiesental, Wiesendangen<\/div><\/a><\/div><div class=\"event_list_item\"><a href=\"https:\/\/www.martin-stefan.ch\/stefan\/veranstaltung\/11846\/\"><div class=\"event_date_text\">Dienstag, 5. Mai 2026, 11.30 Uhr<\/div><div class=\"event_title\">Seniorenmittagstisch<\/div><div class=\"event_location\">Rest. Sunnezirkel, Sulz<\/div><\/a><\/div><div class=\"event_list_item\"><a href=\"https:\/\/www.martin-stefan.ch\/stefan\/veranstaltung\/12120\/\"><div class=\"event_date_text\">Mittwoch, 6. Mai 2026, 9.30 Uhr<\/div><div class=\"event_title\">Seniorenausflug Rickenbach<\/div><div class=\"event_location\">Treffpunkte gem\u00e4ss Flyer<\/div><\/a><\/div><div class=\"event_list_item\"><a href=\"https:\/\/www.martin-stefan.ch\/stefan\/veranstaltung\/11608\/\"><div class=\"event_date_text\">Donnerstag, 7. Mai 2026, 9.15 Uhr<\/div><div class=\"event_title\">Fiire mit de Chliine<\/div><div class=\"event_location\">ref. Kirche Elsau<\/div><\/a><\/div><div class=\"event_list_item\"><a href=\"https:\/\/www.martin-stefan.ch\/stefan\/veranstaltung\/11825\/\"><div class=\"event_date_text\">Freitag, 8. Mai 2026, 10.00 Uhr<\/div><div class=\"event_title\">\u00f6kum. Seniorenandacht<\/div><div class=\"event_location\">St. Josef Sulz, Kirche<\/div><\/a><\/div><div class=\"event_list_item\"><a href=\"https:\/\/www.martin-stefan.ch\/stefan\/veranstaltung\/11813\/\"><div class=\"event_date_text\">Samstag, 9. Mai 2026, 12.30 Uhr<\/div><div class=\"event_title\">Bike for God - Segnungsfeier f\u00fcr Velofahrende<\/div><div class=\"event_location\">Start: Parkplatz St. Stefan Wiesendangen<\/div><\/a><\/div><div class=\"event_list_item\"><a href=\"https:\/\/www.martin-stefan.ch\/stefan\/veranstaltung\/11978\/\"><div class=\"event_date_text\">Montag, 18. Mai 2026, 14.30 Uhr<\/div><div class=\"event_title\">\u00f6kum. Andacht Wiesental<\/div><div class=\"event_location\">Zentrum Wiesental, Wiesendangen<\/div><\/a><\/div><div class=\"event_list_item\"><a href=\"https:\/\/www.martin-stefan.ch\/stefan\/veranstaltung\/11897\/\"><div class=\"event_date_text\">Mittwoch, 20. Mai 2026, 16.00 Uhr<\/div><div class=\"event_title\">Chinderchile<\/div><div class=\"event_location\">ref. Kirche Wiesendangen<\/div><\/a><\/div><div class=\"event_list_item\"><a href=\"https:\/\/www.martin-stefan.ch\/stefan\/veranstaltung\/11621\/\"><div class=\"event_date_text\">Mittwoch, 27. Mai 2026, 11.45 Uhr<\/div><div class=\"event_title\">Senioren-Mittagstisch<\/div><div class=\"event_location\">ref. Kirchgemeindehaus Elsau<\/div><\/a><\/div><div class=\"event_list_item\"><a href=\"https:\/\/www.martin-stefan.ch\/stefan\/veranstaltung\/11858\/\"><div class=\"event_date_text\">Donnerstag, 28. Mai 2026, 14.00 Uhr<\/div><div class=\"event_title\">Jass- und Spielnachmittag<\/div><div class=\"event_location\">ref. Kirchgemeindehaus Rickenbach<\/div><\/a><\/div><div class=\"event_list_item\"><a href=\"https:\/\/www.martin-stefan.ch\/stefan\/veranstaltung\/12115\/\"><div class=\"event_date_text\">Samstag, 30. Mai 2026, 10.00 Uhr<\/div><div class=\"event_title\">Ehejubil\u00e4umsgottesdienst<\/div><div class=\"event_location\">St. Stefan Wiesendangen<\/div><\/a><\/div><div class=\"event_list_item\"><a href=\"https:\/\/www.martin-stefan.ch\/stefan\/veranstaltung\/11979\/\"><div class=\"event_date_text\">Montag, 1. Juni 2026, 14.30 Uhr<\/div><div class=\"event_title\">\u00f6kum. Andacht Wiesental<\/div><div class=\"event_location\">Zentrum Wiesental, Wiesendangen<\/div><\/a><\/div><div class=\"event_list_item\"><a href=\"https:\/\/www.martin-stefan.ch\/stefan\/veranstaltung\/11847\/\"><div class=\"event_date_text\">Dienstag, 2. Juni 2026, 11.30 Uhr<\/div><div class=\"event_title\">Seniorenmittagstisch<\/div><div class=\"event_location\">Rest. Freihof Dinhard<\/div><\/a><\/div><div class=\"event_list_item\"><a href=\"https:\/\/www.martin-stefan.ch\/stefan\/veranstaltung\/11609\/\"><div class=\"event_date_text\">Donnerstag, 4. Juni 2026, 9.15 Uhr<\/div><div class=\"event_title\">Fiire mit de Chliine<\/div><div class=\"event_location\">ref. Kirche Elsau<\/div><\/a><\/div><div class=\"event_list_item\"><a href=\"https:\/\/www.martin-stefan.ch\/stefan\/veranstaltung\/11826\/\"><div class=\"event_date_text\">Freitag, 5. Juni 2026, 10.00 Uhr<\/div><div class=\"event_title\">\u00f6kum. Seniorenandacht<\/div><div class=\"event_location\">St. Josef Sulz, Kirche<\/div><\/a><\/div><div class=\"event_list_item\"><a href=\"https:\/\/www.martin-stefan.ch\/stefan\/veranstaltung\/11887\/\"><div class=\"event_date_text\">Donnerstag, 11. Juni 2026, 14.00 Uhr<\/div><div class=\"event_title\">Seniorenangebot: Boule\/P\u00e9tanque spielen<\/div><div class=\"event_location\">Kiesplatz Sunnezirkel Sulz<\/div><\/a><\/div><div class=\"event_list_item\"><a href=\"https:\/\/www.martin-stefan.ch\/stefan\/veranstaltung\/11980\/\"><div class=\"event_date_text\">Montag, 15. Juni 2026, 14.30 Uhr<\/div><div class=\"event_title\">\u00f6kum. Andacht Wiesental<\/div><div class=\"event_location\">Zentrum Wiesental, Wiesendangen<\/div><\/a><\/div><div class=\"event_list_item\"><a href=\"https:\/\/www.martin-stefan.ch\/stefan\/veranstaltung\/11875\/\"><div class=\"event_date_text\">Freitag, 19. Juni 2026, 17.00 Uhr<\/div><div class=\"event_title\">Musikalischer Grillplausch<\/div><div class=\"event_location\">Chrameschberg Rickenbach<\/div><\/a><\/div><div class=\"event_list_item\"><a href=\"https:\/\/www.martin-stefan.ch\/stefan\/veranstaltung\/11622\/\"><div class=\"event_date_text\">Mittwoch, 24. Juni 2026, 11.45 Uhr<\/div><div class=\"event_title\">Senioren-Mittagstisch<\/div><div class=\"event_location\">ref. Kirchgemeindehaus Elsau<\/div><\/a><\/div><div class=\"event_list_item\"><a href=\"https:\/\/www.martin-stefan.ch\/stefan\/veranstaltung\/11898\/\"><div class=\"event_date_text\">Mittwoch, 24. Juni 2026, 16.00 Uhr<\/div><div class=\"event_title\">Chinderchile<\/div><div class=\"event_location\">St. Stefan Wiesendangen<\/div><\/a><\/div><div class=\"event_list_item\"><a href=\"https:\/\/www.martin-stefan.ch\/stefan\/veranstaltung\/11859\/\"><div class=\"event_date_text\">Donnerstag, 25. Juni 2026, 14.00 Uhr<\/div><div class=\"event_title\">Jass- und Spielnachmittag<\/div><div class=\"event_location\">ref. Kirchgemeindehaus Rickenbach<\/div><\/a><\/div><div class=\"event_list_item\"><a href=\"https:\/\/www.martin-stefan.ch\/stefan\/veranstaltung\/11981\/\"><div class=\"event_date_text\">Montag, 29. Juni 2026, 14.30 Uhr<\/div><div class=\"event_title\">\u00f6kum. Andacht Wiesental<\/div><div class=\"event_location\">Zentrum Wiesental, Wiesendangen<\/div><\/a><\/div><div class=\"event_list_item\"><a href=\"https:\/\/www.martin-stefan.ch\/stefan\/veranstaltung\/11986\/\"><div class=\"event_date_text\">Mittwoch, 1. Juli 2026, 9.00 Uhr<\/div><div class=\"event_title\">\u00f6kum. Frauezmorge<\/div><div class=\"event_location\">Badi Rickenbach<\/div><\/a><\/div><div class=\"event_list_item\"><a href=\"https:\/\/www.martin-stefan.ch\/stefan\/veranstaltung\/11610\/\"><div class=\"event_date_text\">Donnerstag, 2. Juli 2026, 9.15 Uhr<\/div><div class=\"event_title\">Fiire mit de Chliine<\/div><div class=\"event_location\">ref. Kirche Elsau<\/div><\/a><\/div><div class=\"event_list_item\"><a href=\"https:\/\/www.martin-stefan.ch\/stefan\/veranstaltung\/11827\/\"><div class=\"event_date_text\">Freitag, 3. Juli 2026, 10.00 Uhr<\/div><div class=\"event_title\">\u00f6kum. Seniorenandacht<\/div><div class=\"event_location\">St. Josef Sulz, Kirche<\/div><\/a><\/div><div class=\"event_list_item\"><a href=\"https:\/\/www.martin-stefan.ch\/stefan\/veranstaltung\/10856\/\"><div class=\"event_date_text\">Sonntag, 5. Juli 2026, 10.30 Uhr<\/div><div class=\"event_title\">\u00f6kum. Hofgottesdienst<\/div><div class=\"event_location\">Hof von Familie E.+S. Meili, Chr\u00fczlerstr., Sulz<\/div><\/a><\/div><div class=\"event_list_item\"><a href=\"https:\/\/www.martin-stefan.ch\/stefan\/veranstaltung\/11848\/\"><div class=\"event_date_text\">Dienstag, 7. Juli 2026, 11.30 Uhr<\/div><div class=\"event_title\">Seniorenmittagstisch<\/div><div class=\"event_location\">Rest. Sunnezirkel<\/div><\/a><\/div><div class=\"event_list_item\"><a href=\"https:\/\/www.martin-stefan.ch\/stefan\/veranstaltung\/11623\/\"><div class=\"event_date_text\">Mittwoch, 8. Juli 2026, 11.45 Uhr<\/div><div class=\"event_title\">Senioren-Mittagstisch<\/div><div class=\"event_location\">ref. Kirchgemeindehaus Elsau<\/div><\/a><\/div><div class=\"event_list_item\"><a href=\"https:\/\/www.martin-stefan.ch\/stefan\/veranstaltung\/11888\/\"><div class=\"event_date_text\">Donnerstag, 9. Juli 2026, 14.00 Uhr<\/div><div class=\"event_title\">Seniorenangebot: Boule\/P\u00e9tanque spielen<\/div><div class=\"event_location\">Kiesplatz Sunnezirkel Sulz<\/div><\/a><\/div><div class=\"event_list_item\"><a href=\"https:\/\/www.martin-stefan.ch\/stefan\/veranstaltung\/11849\/\"><div class=\"event_date_text\">Dienstag, 4. August 2026, 11.30 Uhr<\/div><div class=\"event_title\">Seniorenmittagstisch<\/div><div class=\"event_location\">Rest. Alte M\u00fchle<\/div><\/a><\/div><div class=\"event_list_item\"><a href=\"https:\/\/www.martin-stefan.ch\/stefan\/veranstaltung\/11828\/\"><div class=\"event_date_text\">Freitag, 7. August 2026, 10.00 Uhr<\/div><div class=\"event_title\">\u00f6kum. Seniorenandacht<\/div><div class=\"event_location\">St. Josef Sulz, Kirche<\/div><\/a><\/div><div class=\"event_list_item\"><a href=\"https:\/\/www.martin-stefan.ch\/stefan\/veranstaltung\/11889\/\"><div class=\"event_date_text\">Donnerstag, 20. August 2026, 14.00 Uhr<\/div><div class=\"event_title\">Seniorenangebot: Boule\/P\u00e9tanque spielen<\/div><div class=\"event_location\">Kiesplatz Sunnezirkel Sulz<\/div><\/a><\/div><div class=\"event_list_item\"><a href=\"https:\/\/www.martin-stefan.ch\/stefan\/veranstaltung\/11624\/\"><div class=\"event_date_text\">Mittwoch, 26. August 2026, 11.45 Uhr<\/div><div class=\"event_title\">Senioren-Mittagstisch<\/div><div class=\"event_location\">ref. Kirchgemeindehaus Elsau<\/div><\/a><\/div><div class=\"event_list_item\"><a href=\"https:\/\/www.martin-stefan.ch\/stefan\/veranstaltung\/11899\/\"><div class=\"event_date_text\">Mittwoch, 26. August 2026, 16.00 Uhr<\/div><div class=\"event_title\">Chinderchile<\/div><div class=\"event_location\">ref. Kirche Wiesendangen<\/div><\/a><\/div><div class=\"event_list_item\"><a href=\"https:\/\/www.martin-stefan.ch\/stefan\/veranstaltung\/11860\/\"><div class=\"event_date_text\">Donnerstag, 27. August 2026, 14.00 Uhr<\/div><div class=\"event_title\">Jass- und Spielnachmittag<\/div><div class=\"event_location\">ref. Kirchgemeindehaus Rickenbach<\/div><\/a><\/div><div class=\"event_list_item\"><a href=\"https:\/\/www.martin-stefan.ch\/stefan\/veranstaltung\/11850\/\"><div class=\"event_date_text\">Dienstag, 1. September 2026, 11.30 Uhr<\/div><div class=\"event_title\">Seniorenmittagstisch<\/div><div class=\"event_location\">Rest. Freihof Dinhard<\/div><\/a><\/div><div class=\"event_list_item\"><a href=\"https:\/\/www.martin-stefan.ch\/stefan\/veranstaltung\/11611\/\"><div class=\"event_date_text\">Donnerstag, 3. September 2026, 9.15 Uhr<\/div><div class=\"event_title\">Fiire mit de Chliine<\/div><div class=\"event_location\">ref. Kirche Elsau<\/div><\/a><\/div><div class=\"event_list_item\"><a href=\"https:\/\/www.martin-stefan.ch\/stefan\/veranstaltung\/11829\/\"><div class=\"event_date_text\">Freitag, 4. September 2026, 10.00 Uhr<\/div><div class=\"event_title\">\u00f6kum. Seniorenandacht<\/div><div class=\"event_location\">St. Josef Sulz, Kirche<\/div><\/a><\/div><div class=\"event_list_item\"><a href=\"https:\/\/www.martin-stefan.ch\/stefan\/veranstaltung\/11235\/\"><div class=\"event_date_text\">Sonntag, 13. September 2026, 11.15 Uhr<\/div><div class=\"event_title\">\u00f6kum. Erntedankgottesdienst<\/div><div class=\"event_location\">ref. Kirche Elsau<\/div><\/a><\/div><div class=\"event_list_item\"><a href=\"https:\/\/www.martin-stefan.ch\/stefan\/veranstaltung\/11990\/\"><div class=\"event_date_text\">Mittwoch, 23. September 2026, 9.00 Uhr<\/div><div class=\"event_title\">\u00f6kum. Frauezmorge<\/div><div class=\"event_location\">St. Josef Sulz, Pfarreisaal<\/div><\/a><\/div><div class=\"event_list_item\"><a href=\"https:\/\/www.martin-stefan.ch\/stefan\/veranstaltung\/11625\/\"><div class=\"event_date_text\">Mittwoch, 23. September 2026, 11.45 Uhr<\/div><div class=\"event_title\">Senioren-Mittagstisch<\/div><div class=\"event_location\">ref. Kirchgemeindehaus Elsau<\/div><\/a><\/div><div class=\"event_list_item\"><a href=\"https:\/\/www.martin-stefan.ch\/stefan\/veranstaltung\/11900\/\"><div class=\"event_date_text\">Mittwoch, 23. September 2026, 16.00 Uhr<\/div><div class=\"event_title\">Chinderchile<\/div><div class=\"event_location\">St. Stefan Wiesendangen<\/div><\/a><\/div><div class=\"event_list_item\"><a href=\"https:\/\/www.martin-stefan.ch\/stefan\/veranstaltung\/11861\/\"><div class=\"event_date_text\">Donnerstag, 24. September 2026, 14.00 Uhr<\/div><div class=\"event_title\">Jass- und Spielnachmittag<\/div><div class=\"event_location\">ref. Kirchgemeindehaus Rickenbach<\/div><\/a><\/div><div class=\"event_list_item\"><a href=\"https:\/\/www.martin-stefan.ch\/stefan\/veranstaltung\/11407\/\"><div class=\"event_date_text\">Sonntag, 27. September 2026, 10.30 Uhr<\/div><div class=\"event_title\">\u00f6kum. Erntedankgottesdienst in der Wisenthalle<\/div><div class=\"event_location\">Wisenthalle<\/div><\/a><\/div><div class=\"event_list_item\"><a href=\"https:\/\/www.martin-stefan.ch\/stefan\/veranstaltung\/11890\/\"><div class=\"event_date_text\">Mittwoch, 30. September 2026, 9.30 Uhr<\/div><div class=\"event_title\">Seniorenausflug Rickenbach<\/div><div class=\"event_location\">Treffpunkte gem\u00e4ss Flyer<\/div><\/a><\/div><div class=\"event_list_item\"><a href=\"https:\/\/www.martin-stefan.ch\/stefan\/veranstaltung\/11612\/\"><div class=\"event_date_text\">Donnerstag, 1. Oktober 2026, 9.15 Uhr<\/div><div class=\"event_title\">Fiire mit de Chliine<\/div><div class=\"event_location\">ref. Kirche Elsau<\/div><\/a><\/div><div class=\"event_list_item\"><a href=\"https:\/\/www.martin-stefan.ch\/stefan\/veranstaltung\/11830\/\"><div class=\"event_date_text\">Freitag, 2. Oktober 2026, 10.00 Uhr<\/div><div class=\"event_title\">\u00f6kum. Seniorenandacht<\/div><div class=\"event_location\">St. Josef Sulz, Kirche<\/div><\/a><\/div><div class=\"event_list_item\"><a href=\"https:\/\/www.martin-stefan.ch\/stefan\/veranstaltung\/11408\/\"><div class=\"event_date_text\">Sonntag, 4. Oktober 2026, 10.00 Uhr<\/div><div class=\"event_title\">\u00f6kum. Chilbigottesdienst<\/div><div class=\"event_location\">St. Stefan Wiesendangen<\/div><\/a><\/div><\/div>","protected":false},"excerpt":{"rendered":"<p>\u00d6kumenische Gottesdienste und Anl\u00e4sse pr\u00e4gen die Zusammenarbeit der reformierten und katholischen Kirchen. [&hellip;]<\/p>\n","protected":false},"author":1,"featured_media":0,"parent":18,"menu_order":7,"comment_status":"closed","ping_status":"closed","template":"","meta":{"_genesis_hide_title":false,"_genesis_hide_breadcrumbs":false,"_genesis_hide_singular_image":false,"_genesis_hide_footer_widgets":false,"_genesis_custom_body_class":"","_genesis_custom_post_class":"","_genesis_layout":"","_expiration-date-status":"","_expiration-date":0,"_expiration-date-type":"","_expiration-date-categories":[],"_expiration-date-options":[]},"_links":{"self":[{"href":"https:\/\/www.martin-stefan.ch\/stefan\/wp-json\/wp\/v2\/pages\/96"}],"collection":[{"href":"https:\/\/www.martin-stefan.ch\/stefan\/wp-json\/wp\/v2\/pages"}],"about":[{"href":"https:\/\/www.martin-stefan.ch\/stefan\/wp-json\/wp\/v2\/types\/page"}],"author":[{"embeddable":true,"href":"https:\/\/www.martin-stefan.ch\/stefan\/wp-json\/wp\/v2\/users\/1"}],"replies":[{"embeddable":true,"href":"https:\/\/www.martin-stefan.ch\/stefan\/wp-json\/wp\/v2\/comments?post=96"}],"version-history":[{"count":3,"href":"https:\/\/www.martin-stefan.ch\/stefan\/wp-json\/wp\/v2\/pages\/96\/revisions"}],"predecessor-version":[{"id":781,"href":"https:\/\/www.martin-stefan.ch\/stefan\/wp-json\/wp\/v2\/pages\/96\/revisions\/781"}],"up":[{"embeddable":true,"href":"https:\/\/www.martin-stefan.ch\/stefan\/wp-json\/wp\/v2\/pages\/18"}],"wp:attachment":[{"href":"https:\/\/www.martin-stefan.ch\/stefan\/wp-json\/wp\/v2\/media?parent=96"}],"curies":[{"name":"wp","href":"https:\/\/api.w.org\/{rel}","templated":true}]}}