{"id":98,"date":"2018-02-12T16:33:58","date_gmt":"2018-02-12T15:33:58","guid":{"rendered":"http:\/\/martins4.cyon.link\/stefan\/?page_id=98"},"modified":"2024-12-10T08:50:47","modified_gmt":"2024-12-10T07:50:47","slug":"musik-konzerte","status":"publish","type":"page","link":"https:\/\/www.martin-stefan.ch\/stefan\/angebote\/musik-konzerte\/","title":{"rendered":"Musik \/ Konzerte \/ Chor"},"content":{"rendered":"<p>Musik bildet einen wichtigen Teil des kirchlichen Gemeindelebens. Im Gottesdienst schafft sie Atmosph\u00e4re und \u00f6ffnet die Herzen f\u00fcr das Wort Gottes. Orgel und andere Instrumente begleiten wichtige Stationen und \u00dcberg\u00e4nge des Lebens.<\/p>\n<br \/><div class=\"event_list_wrapper\"><h4>N\u00e4chste Daten<\/h4><div class=\"event_list_item\"><a href=\"https:\/\/www.martin-stefan.ch\/stefan\/veranstaltung\/12119\/\"><div class=\"event_date_text\">Sonntag, 3. Mai 2026, 18.00 Uhr<\/div><div class=\"event_title\">Fr\u00fchingskonzert<\/div><div class=\"event_location\">St. Josef Sulz, Kirche<\/div><\/a><\/div><div class=\"event_list_item\"><a href=\"https:\/\/www.martin-stefan.ch\/stefan\/veranstaltung\/10737\/\"><div class=\"event_date_text\">Samstag, 16. Mai 2026, 16.00 Uhr<\/div><div class=\"event_title\">Firmung<\/div><div class=\"event_location\">Kirche St. Martin Seuzach<\/div><\/a><\/div><div class=\"event_list_item\"><a href=\"https:\/\/www.martin-stefan.ch\/stefan\/veranstaltung\/11393\/\"><div class=\"event_date_text\">Sonntag, 21. Juni 2026, 10.00 Uhr<\/div><div class=\"event_title\">Familiengottesdienst mit Kommunionfeier<\/div><div class=\"event_location\">St. Stefan Wiesendangen<\/div><\/a><\/div><div class=\"event_list_item\"><a href=\"https:\/\/www.martin-stefan.ch\/stefan\/veranstaltung\/10856\/\"><div class=\"event_date_text\">Sonntag, 5. Juli 2026, 10.30 Uhr<\/div><div class=\"event_title\">\u00f6kum. Hofgottesdienst<\/div><div class=\"event_location\">Hof von Familie E.+S. Meili, Chr\u00fczlerstr., Sulz<\/div><\/a><\/div><div class=\"event_list_item\"><a href=\"https:\/\/www.martin-stefan.ch\/stefan\/veranstaltung\/11402\/\"><div class=\"event_date_text\">Sonntag, 23. August 2026, 10.00 Uhr<\/div><div class=\"event_title\">Familiengottesdienst mit Kommunionfeier zum Schulbeginn<\/div><div class=\"event_location\">St. Stefan Wiesendangen<\/div><\/a><\/div><div class=\"event_list_item\"><a href=\"https:\/\/www.martin-stefan.ch\/stefan\/veranstaltung\/11406\/\"><div class=\"event_date_text\">Sonntag, 20. September 2026, 10.00 Uhr<\/div><div class=\"event_title\">Bettagsgottesdienst mit Kommunionfeier<\/div><div class=\"event_location\">St. Stefan Wiesendangen<\/div><\/a><\/div><div class=\"event_list_item\"><a href=\"https:\/\/www.martin-stefan.ch\/stefan\/veranstaltung\/11236\/\"><div class=\"event_date_text\">Sonntag, 20. September 2026, 11.15 Uhr<\/div><div class=\"event_title\">Bettagsgottesdienst, mit Kommunionfeier<\/div><div class=\"event_location\">ref. Kirche Elsau<\/div><\/a><\/div><div class=\"event_list_item\"><a href=\"https:\/\/www.martin-stefan.ch\/stefan\/veranstaltung\/11407\/\"><div class=\"event_date_text\">Sonntag, 27. September 2026, 10.30 Uhr<\/div><div class=\"event_title\">\u00f6kum. Erntedankgottesdienst in der Wisenthalle<\/div><div class=\"event_location\">Wisenthalle<\/div><\/a><\/div><div class=\"event_list_item\"><a href=\"https:\/\/www.martin-stefan.ch\/stefan\/veranstaltung\/12066\/\"><div class=\"event_date_text\">Sonntag, 27. September 2026, 17.00 Uhr<\/div><div class=\"event_title\">Jubil\u00e4umskonzert 60 Jahre Kirchenchor Cantus Sanctus<\/div><div class=\"event_location\">Kirche St. Martin Seuzach<\/div><\/a><\/div><div class=\"event_list_item\"><a href=\"https:\/\/www.martin-stefan.ch\/stefan\/veranstaltung\/11408\/\"><div class=\"event_date_text\">Sonntag, 4. Oktober 2026, 10.00 Uhr<\/div><div class=\"event_title\">\u00f6kum. Chilbigottesdienst<\/div><div class=\"event_location\">St. Stefan Wiesendangen<\/div><\/a><\/div><div class=\"event_list_item\"><a href=\"https:\/\/www.martin-stefan.ch\/stefan\/veranstaltung\/11411\/\"><div class=\"event_date_text\">Sonntag, 25. Oktober 2026, 10.00 Uhr<\/div><div class=\"event_title\">Wortgottesdienst mit Kommunionfeier als Familiengottesdienst<\/div><div class=\"event_location\">St. Stefan Wiesendangen<\/div><\/a><\/div><div class=\"event_list_item\"><a href=\"https:\/\/www.martin-stefan.ch\/stefan\/veranstaltung\/10858\/\"><div class=\"event_date_text\">Samstag, 14. November 2026, 18.00 Uhr<\/div><div class=\"event_title\">\u00f6kum. Gottesdienst<\/div><div class=\"event_location\">St. Josef Sulz, Kirche<\/div><\/a><\/div><div class=\"event_list_item\"><a href=\"https:\/\/www.martin-stefan.ch\/stefan\/veranstaltung\/11416\/\"><div class=\"event_date_text\">Sonntag, 29. November 2026, 10.00 Uhr<\/div><div class=\"event_title\">Familiengottesdienst am 1. Advent mit Kommunionfeier<\/div><div class=\"event_location\">St. Stefan Wiesendangen<\/div><\/a><\/div><div class=\"event_list_item\"><a href=\"https:\/\/www.martin-stefan.ch\/stefan\/veranstaltung\/11307\/\"><div class=\"event_date_text\">Mittwoch, 9. Dezember 2026, 6.00 Uhr<\/div><div class=\"event_title\">Roratefeier, anschliessend Fr\u00fchst\u00fcck<\/div><div class=\"event_location\">St. Stefan Wiesendangen<\/div><\/a><\/div><div class=\"event_list_item\"><a href=\"https:\/\/www.martin-stefan.ch\/stefan\/veranstaltung\/11368\/\"><div class=\"event_date_text\">Donnerstag, 24. Dezember 2026, 22.00 Uhr<\/div><div class=\"event_title\">Christmette<\/div><div class=\"event_location\">St. Stefan Wiesendangen<\/div><\/a><\/div><div class=\"event_list_item\"><a href=\"https:\/\/www.martin-stefan.ch\/stefan\/veranstaltung\/12125\/\"><div class=\"event_date_text\">Samstag, 17. April 2027, 10.30 Uhr<\/div><div class=\"event_title\">Erstkommunionfeier<\/div><div class=\"event_location\">St. Stefan Wiesendangen<\/div><\/a><\/div><\/div>","protected":false},"excerpt":{"rendered":"<p>Musik bildet einen wichtigen Teil des kirchlichen Gemeindelebens. Im Gottesdienst schafft sie [&hellip;]<\/p>\n","protected":false},"author":1,"featured_media":0,"parent":18,"menu_order":8,"comment_status":"closed","ping_status":"closed","template":"","meta":{"_genesis_hide_title":false,"_genesis_hide_breadcrumbs":false,"_genesis_hide_singular_image":false,"_genesis_hide_footer_widgets":false,"_genesis_custom_body_class":"","_genesis_custom_post_class":"","_genesis_layout":"","_expiration-date-status":"","_expiration-date":0,"_expiration-date-type":"","_expiration-date-categories":[],"_expiration-date-options":[]},"_links":{"self":[{"href":"https:\/\/www.martin-stefan.ch\/stefan\/wp-json\/wp\/v2\/pages\/98"}],"collection":[{"href":"https:\/\/www.martin-stefan.ch\/stefan\/wp-json\/wp\/v2\/pages"}],"about":[{"href":"https:\/\/www.martin-stefan.ch\/stefan\/wp-json\/wp\/v2\/types\/page"}],"author":[{"embeddable":true,"href":"https:\/\/www.martin-stefan.ch\/stefan\/wp-json\/wp\/v2\/users\/1"}],"replies":[{"embeddable":true,"href":"https:\/\/www.martin-stefan.ch\/stefan\/wp-json\/wp\/v2\/comments?post=98"}],"version-history":[{"count":7,"href":"https:\/\/www.martin-stefan.ch\/stefan\/wp-json\/wp\/v2\/pages\/98\/revisions"}],"predecessor-version":[{"id":4534,"href":"https:\/\/www.martin-stefan.ch\/stefan\/wp-json\/wp\/v2\/pages\/98\/revisions\/4534"}],"up":[{"embeddable":true,"href":"https:\/\/www.martin-stefan.ch\/stefan\/wp-json\/wp\/v2\/pages\/18"}],"wp:attachment":[{"href":"https:\/\/www.martin-stefan.ch\/stefan\/wp-json\/wp\/v2\/media?parent=98"}],"curies":[{"name":"wp","href":"https:\/\/api.w.org\/{rel}","templated":true}]}}